{"id":147295,"date":"2025-04-30T14:37:08","date_gmt":"2025-04-30T19:37:08","guid":{"rendered":"https:\/\/www.acrartex.com\/dashboard-acr-vraceni-penez-za-dobropis\/"},"modified":"2025-07-07T07:04:23","modified_gmt":"2025-07-07T12:04:23","slug":"dashboard-acr-vraceni-penez-za-dobropis","status":"publish","type":"page","link":"https:\/\/www.acrartex.com\/cs\/dashboard-acr-vraceni-penez-za-dobropis\/","title":{"rendered":"Dashboard ACR \u2013 Vr\u00e1cen\u00ed pen\u011bz za dobropis"},"content":{"rendered":"\n<ul class=\"wp-block-list\">\n<li>Odesl\u00e1n\u00ed \u017e\u00e1dosti o vr\u00e1cen\u00ed zbo\u017e\u00ed automaticky neautorizuje vr\u00e1cen\u00ed zbo\u017e\u00ed. Jakmile je va\u0161e \u017e\u00e1dost odesl\u00e1na, v\u00e1\u0161 vyhrazen\u00fd z\u00e1stupce z\u00e1kaznick\u00e9 podpory zkontroluje informace a po\u017e\u00e1d\u00e1 o p\u0159edb\u011b\u017en\u00e9 schv\u00e1len\u00ed pro zah\u00e1jen\u00ed procesu vr\u00e1cen\u00ed. Zbo\u017e\u00ed m\u016f\u017eete vr\u00e1tit a\u017e po obdr\u017een\u00ed ofici\u00e1ln\u00ed dokumentace a pokyn\u016f k vr\u00e1cen\u00ed.  <\/li>\n<\/ul>\n\n<ul class=\"wp-block-list\">\n<li>Abyste zajistili, \u017ee v\u00e1\u0161 bal\u00edk bude doru\u010den spr\u00e1vn\u00e9mu odd\u011blen\u00ed, napi\u0161te z\u0159eteln\u011b na vn\u011bj\u0161\u00ed stranu krabice \u010d\u00edslo RMA a za n\u00edm slovo <strong>\u201e\u2013 Kredit\u201c<\/strong> . Bal\u00edky p\u0159ijat\u00e9 bez \u010d\u00edsla RMA mohou b\u00fdt um\u00edst\u011bny do karant\u00e9ny a m\u016f\u017ee b\u00fdt na n\u011b \u00fa\u010dtov\u00e1n manipula\u010dn\u00ed poplatek. <\/li>\n<\/ul>\n\n<ul class=\"wp-block-list\">\n<li>Ve\u0161ker\u00e9 vr\u00e1cen\u00e9 zbo\u017e\u00ed za \u00fa\u010delem dobropisu podl\u00e9h\u00e1 kontrole ze strany ACR . Na z\u00e1klad\u011b d\u016fvodu vr\u00e1cen\u00ed a v\u00fdsledku kontroly m\u016f\u017ee b\u00fdt \u00fa\u010dtov\u00e1n poplatek za op\u011btovn\u00e9 naskladn\u011bn\u00ed a\u017e do v\u00fd\u0161e 20 %. <\/li>\n<\/ul>\n\n<ul class=\"wp-block-list\">\n<li>Podrobn\u00e9 pokyny k odesl\u00e1n\u00ed \u017e\u00e1dosti o vr\u00e1cen\u00ed zbo\u017e\u00ed z va\u0161\u00ed objedn\u00e1vky v r\u00e1mci ovl\u00e1dac\u00edho panelu naleznete v poskytnut\u00fdch \u0161kolic\u00edch materi\u00e1lech.<\/li>\n<\/ul>\n\n<ul class=\"wp-block-list\">\n<li>Pokud pot\u0159ebujete pomoc, kontaktujte n\u00e1s pros\u00edm na adrese cs.dashboard@acrarex.com a uve\u010fte v\u0161echny relevantn\u00ed \u00fadaje, abychom v\u00e1m zajistili rychlou podporu.<\/li>\n<\/ul>\n","protected":false},"excerpt":{"rendered":"","protected":false},"author":23,"featured_media":0,"parent":0,"menu_order":0,"comment_status":"closed","ping_status":"closed","template":"","meta":{"_acf_changed":false,"om_disable_all_campaigns":false,"footnotes":""},"class_list":["post-147295","page","type-page","status-publish","hentry"],"acf":[],"_links":{"self":[{"href":"https:\/\/www.acrartex.com\/cs\/wp-json\/wp\/v2\/pages\/147295","targetHints":{"allow":["GET"]}}],"collection":[{"href":"https:\/\/www.acrartex.com\/cs\/wp-json\/wp\/v2\/pages"}],"about":[{"href":"https:\/\/www.acrartex.com\/cs\/wp-json\/wp\/v2\/types\/page"}],"author":[{"embeddable":true,"href":"https:\/\/www.acrartex.com\/cs\/wp-json\/wp\/v2\/users\/23"}],"replies":[{"embeddable":true,"href":"https:\/\/www.acrartex.com\/cs\/wp-json\/wp\/v2\/comments?post=147295"}],"version-history":[{"count":1,"href":"https:\/\/www.acrartex.com\/cs\/wp-json\/wp\/v2\/pages\/147295\/revisions"}],"predecessor-version":[{"id":147296,"href":"https:\/\/www.acrartex.com\/cs\/wp-json\/wp\/v2\/pages\/147295\/revisions\/147296"}],"wp:attachment":[{"href":"https:\/\/www.acrartex.com\/cs\/wp-json\/wp\/v2\/media?parent=147295"}],"curies":[{"name":"wp","href":"https:\/\/api.w.org\/{rel}","templated":true}]}}