{"id":147265,"date":"2025-04-30T14:58:38","date_gmt":"2025-04-30T19:58:38","guid":{"rendered":"https:\/\/www.acrartex.com\/ridici-panel-acr-aktualizace-a-vylepseni-funkci\/"},"modified":"2025-07-07T07:02:37","modified_gmt":"2025-07-07T12:02:37","slug":"ridici-panel-acr-aktualizace-a-vylepseni-funkci","status":"publish","type":"page","link":"https:\/\/www.acrartex.com\/cs\/ridici-panel-acr-aktualizace-a-vylepseni-funkci\/","title":{"rendered":"\u0158\u00eddic\u00ed panel ACR \u2013 Aktualizace a vylep\u0161en\u00ed funkc\u00ed"},"content":{"rendered":"\n<p>S radost\u00ed v\u00e1m zde p\u0159edstavujeme v\u0161echny nov\u00e9 funkce, kter\u00e9 maj\u00ed vylep\u0161it navigaci v r\u00e1mci va\u0161eho z\u00e1kaznick\u00e9ho panelu. Na podporu t\u011bchto aktualizac\u00ed poskytneme v\u00fdukov\u00e1 videa a dokumentaci ke v\u0161em nov\u011b vydan\u00fdm funkc\u00edm. <\/p>\n\n<p>Seznam ned\u00e1vn\u00fdch aktualizac\u00ed naleznete n\u00ed\u017ee:<\/p>\n\n<p>Vytv\u00e1\u0159en\u00ed servisn\u00edho po\u017eadavku<\/p>\n\n<p>Cenov\u00e9 nab\u00eddky slu\u017eeb<\/p>\n\n<p>Vr\u00e1cen\u00ed zbo\u017e\u00ed za dobropis<\/p>\n\n<p>Hromadn\u00e9 nahr\u00e1v\u00e1n\u00ed objedn\u00e1vek z\u00e1kazn\u00edk\u016f<\/p>\n\n<p>Cen\u00edk<\/p>\n","protected":false},"excerpt":{"rendered":"<p>S radost\u00ed v\u00e1m zde p\u0159edstavujeme v\u0161echny nov\u00e9 funkce, kter\u00e9 maj\u00ed vylep\u0161it navigaci v r\u00e1mci va\u0161eho z\u00e1kaznick\u00e9ho panelu. Na podporu t\u011bchto aktualizac\u00ed poskytneme v\u00fdukov\u00e1 videa a dokumentaci ke v\u0161em nov\u011b vydan\u00fdm funkc\u00edm. Seznam ned\u00e1vn\u00fdch aktualizac\u00ed naleznete n\u00ed\u017ee: Vytv\u00e1\u0159en\u00ed servisn\u00edho po\u017eadavku Cenov\u00e9 nab\u00eddky slu\u017eeb Vr\u00e1cen\u00ed zbo\u017e\u00ed za dobropis Hromadn\u00e9 nahr\u00e1v\u00e1n\u00ed objedn\u00e1vek z\u00e1kazn\u00edk\u016f Cen\u00edk<\/p>\n","protected":false},"author":23,"featured_media":0,"parent":0,"menu_order":0,"comment_status":"closed","ping_status":"closed","template":"","meta":{"_acf_changed":false,"om_disable_all_campaigns":false,"footnotes":""},"class_list":["post-147265","page","type-page","status-publish","hentry"],"acf":[],"_links":{"self":[{"href":"https:\/\/www.acrartex.com\/cs\/wp-json\/wp\/v2\/pages\/147265","targetHints":{"allow":["GET"]}}],"collection":[{"href":"https:\/\/www.acrartex.com\/cs\/wp-json\/wp\/v2\/pages"}],"about":[{"href":"https:\/\/www.acrartex.com\/cs\/wp-json\/wp\/v2\/types\/page"}],"author":[{"embeddable":true,"href":"https:\/\/www.acrartex.com\/cs\/wp-json\/wp\/v2\/users\/23"}],"replies":[{"embeddable":true,"href":"https:\/\/www.acrartex.com\/cs\/wp-json\/wp\/v2\/comments?post=147265"}],"version-history":[{"count":1,"href":"https:\/\/www.acrartex.com\/cs\/wp-json\/wp\/v2\/pages\/147265\/revisions"}],"predecessor-version":[{"id":147267,"href":"https:\/\/www.acrartex.com\/cs\/wp-json\/wp\/v2\/pages\/147265\/revisions\/147267"}],"wp:attachment":[{"href":"https:\/\/www.acrartex.com\/cs\/wp-json\/wp\/v2\/media?parent=147265"}],"curies":[{"name":"wp","href":"https:\/\/api.w.org\/{rel}","templated":true}]}}