{"id":147250,"date":"2025-04-30T15:07:49","date_gmt":"2025-04-30T20:07:49","guid":{"rendered":"https:\/\/www.acrartex.com\/dashboard-acr-casto-kladene-otazky\/"},"modified":"2025-07-07T07:01:39","modified_gmt":"2025-07-07T12:01:39","slug":"dashboard-acr-casto-kladene-otazky","status":"publish","type":"page","link":"https:\/\/www.acrartex.com\/cs\/dashboard-acr-casto-kladene-otazky\/","title":{"rendered":"Dashboard ACR \u2013 \u010casto kladen\u00e9 ot\u00e1zky"},"content":{"rendered":"\n<p><strong>Ot\u00e1zka:<\/strong> Co kdy\u017e zapomenu heslo?<\/p>\n\n<p><strong>A:<\/strong> Napi\u0161te e-mail na\u0161emu t\u00fdmu na <a href=\"mailto:cs.dashboard@acrartex.com\">adresu cs.dashboard@acrartex.com<\/a> a my v\u00e1m odpov\u00edme s va\u0161\u00edm heslem.<\/p>\n\n<div style=\"height:20px\" aria-hidden=\"true\" class=\"wp-block-spacer\"><\/div>\n\n<p><strong>Ot\u00e1zka:<\/strong> Jsem jedin\u00fd u\u017eivatel sv\u00e9ho \u00fa\u010dtu; r\u00e1d bych v\u0161ak p\u0159idal p\u0159\u00edstup dal\u0161\u00edm osob\u00e1m z m\u00e9 spole\u010dnosti.<\/p>\n\n<p><strong>A:<\/strong> M\u016f\u017eeme vytvo\u0159it skupinov\u00e9 u\u017eivatelsk\u00e9 jm\u00e9no a heslo, kter\u00e9 si v\u0161ichni budou moci sd\u00edlet. Za\u0161lete sv\u016fj po\u017eadavek na\u0161emu t\u00fdmu z\u00e1kaznick\u00e9 p\u00e9\u010de na <a href=\"mailto:cs.dashboard@acrartex.com\">adresu cs.dashboard@acrartex.com<\/a> a my se s v\u00e1mi spoj\u00edme s nov\u00fdmi informacemi. <\/p>\n\n<p>Ot\u00e1zka: Na koho se m\u00e1m obr\u00e1tit, pokud m\u00e1m n\u011bjak\u00e9 probl\u00e9my se z\u00e1kaznick\u00fdm port\u00e1lem?<\/p>\n\n<p>A: M\u00e1me specializovan\u00fd t\u00fdm z\u00e1kaznick\u00e9 p\u00e9\u010de, kter\u00fd je p\u0159ipraven v\u00e1m pomoci. Za\u0161lete pros\u00edm e-mail na adresu cs.dashboard@acrartex.com s popisem va\u0161eho probl\u00e9mu nebo s p\u0159\u00edpadn\u00fdmi dotazy. Jeden z na\u0161ich agent\u016f v\u00e1m odpov\u00ed do 2 pracovn\u00edch hodin od obdr\u017een\u00ed va\u0161eho e-mailu.    <\/p>\n\n<p>Ot\u00e1zka: Na koho se m\u00e1m obr\u00e1tit, pokud m\u00e1m jak\u00e9koli dotazy ohledn\u011b m\u00e9 faktury?<\/p>\n\n<p>A: S dotazy ohledn\u011b va\u0161\u00ed faktury nebo v\u00fdpisu z \u00fa\u010dtu se pros\u00edm obra\u0165te na e-mail <strong><a>ar@acrartex.com<\/a><\/strong> . \u010clen na\u0161eho finan\u010dn\u00edho t\u00fdmu v\u00e1\u0161 dotaz prov\u011b\u0159\u00ed a bude v\u00e1s p\u0159\u00edmo kontaktovat. <\/p>\n\n<p>Pokud se va\u0161e dotazy nebo obavy t\u00fdkaj\u00ed plateb kreditn\u00ed kartou proveden\u00fdch prost\u0159ednictv\u00edm z\u00e1kaznick\u00e9ho port\u00e1lu, kontaktujte pros\u00edm <strong><a>cs.dashboard@acrartex.com<\/a><\/strong> . Pom\u016f\u017ee v\u00e1m z\u00e1stupce z\u00e1kaznick\u00e9 p\u00e9\u010de. <\/p>\n\n<p><\/p>\n","protected":false},"excerpt":{"rendered":"<p>Ot\u00e1zka: Co kdy\u017e zapomenu heslo? A: Napi\u0161te e-mail na\u0161emu t\u00fdmu na adresu cs.dashboard@acrartex.com a my v\u00e1m odpov\u00edme s va\u0161\u00edm heslem. Ot\u00e1zka: Jsem jedin\u00fd u\u017eivatel sv\u00e9ho \u00fa\u010dtu; r\u00e1d bych v\u0161ak p\u0159idal p\u0159\u00edstup dal\u0161\u00edm osob\u00e1m z m\u00e9 spole\u010dnosti. A: M\u016f\u017eeme vytvo\u0159it skupinov\u00e9 u\u017eivatelsk\u00e9 jm\u00e9no a heslo, kter\u00e9 si v\u0161ichni budou moci sd\u00edlet. Za\u0161lete sv\u016fj po\u017eadavek na\u0161emu t\u00fdmu [&hellip;]<\/p>\n","protected":false},"author":23,"featured_media":0,"parent":0,"menu_order":0,"comment_status":"closed","ping_status":"closed","template":"","meta":{"_acf_changed":false,"om_disable_all_campaigns":false,"footnotes":""},"class_list":["post-147250","page","type-page","status-publish","hentry"],"acf":[],"_links":{"self":[{"href":"https:\/\/www.acrartex.com\/cs\/wp-json\/wp\/v2\/pages\/147250","targetHints":{"allow":["GET"]}}],"collection":[{"href":"https:\/\/www.acrartex.com\/cs\/wp-json\/wp\/v2\/pages"}],"about":[{"href":"https:\/\/www.acrartex.com\/cs\/wp-json\/wp\/v2\/types\/page"}],"author":[{"embeddable":true,"href":"https:\/\/www.acrartex.com\/cs\/wp-json\/wp\/v2\/users\/23"}],"replies":[{"embeddable":true,"href":"https:\/\/www.acrartex.com\/cs\/wp-json\/wp\/v2\/comments?post=147250"}],"version-history":[{"count":1,"href":"https:\/\/www.acrartex.com\/cs\/wp-json\/wp\/v2\/pages\/147250\/revisions"}],"predecessor-version":[{"id":147253,"href":"https:\/\/www.acrartex.com\/cs\/wp-json\/wp\/v2\/pages\/147250\/revisions\/147253"}],"wp:attachment":[{"href":"https:\/\/www.acrartex.com\/cs\/wp-json\/wp\/v2\/media?parent=147250"}],"curies":[{"name":"wp","href":"https:\/\/api.w.org\/{rel}","templated":true}]}}