{"id":146878,"date":"2021-02-26T09:20:08","date_gmt":"2021-02-26T14:20:08","guid":{"rendered":"https:\/\/www.acrartex.com\/kvalitni\/"},"modified":"2025-07-07T06:01:57","modified_gmt":"2025-07-07T11:01:57","slug":"kvalitni","status":"publish","type":"page","link":"https:\/\/www.acrartex.com\/cs\/kvalitni\/","title":{"rendered":"Kvalitn\u00ed"},"content":{"rendered":"\n<p>Ve ACR \/Artex vyr\u00e1b\u00edme kvalitn\u00ed produkty s v\u011bdom\u00edm, \u017ee slou\u017e\u00ed k z\u00e1chran\u011b \u017eivot\u016f. V na\u0161em podnik\u00e1n\u00ed je v\u011bda v\u0161\u00edm: poskytuje z\u00e1kony, procesy a spolehliv\u00e9 v\u00fdsledky, kter\u00e9 pou\u017e\u00edv\u00e1me k \u00fasp\u011b\u0161n\u00e9mu p\u0159echytra\u010den\u00ed nep\u0159edv\u00eddateln\u00fdch faktor\u016f. Existence na\u0161\u00ed spole\u010dnosti je zalo\u017eena na principu neust\u00e1l\u00e9ho zlep\u0161ov\u00e1n\u00ed. Jsme n\u00e1ro\u010dn\u00ed, detailn\u00ed a p\u0159esn\u00ed. Nikdy n\u00e1s neusly\u0161\u00edte omlouvat se za to, \u017ee jsme p\u0159\u00edli\u0161 punti\u010dk\u00e1\u0159i a posedl\u00ed kvalitou. Tr\u00e1v\u00edme obrovsk\u00e9 mno\u017estv\u00ed \u010dasu hled\u00e1n\u00edm nov\u00fdch zp\u016fsob\u016f, jak zpochyb\u0148ovat na\u0161e produkty, proto\u017ee v\u011b\u0159\u00edme, \u017ee si na\u0161i z\u00e1kazn\u00edci zaslou\u017e\u00ed jen to nejlep\u0161\u00ed. Navrhujeme produkty tak, aby p\u0159ekonaly jak\u00e9koli p\u0159edpisy stanoven\u00e9 vl\u00e1dn\u00edmi agenturami. Jin\u00fdmi slovy, na\u0161e testovac\u00ed \u00fasil\u00ed \u010dasto za\u010d\u00edn\u00e1 tam, kde kon\u010d\u00ed vl\u00e1dn\u00ed standardy. Pro n\u00e1s kvalita znamen\u00e1 zn\u00e1t p\u0159esn\u00e9 chemick\u00e9 a kovov\u00e9 slo\u017een\u00ed ka\u017ed\u00e9 slo\u017eky v ka\u017ed\u00e9m z na\u0161ich produkt\u016f. Znamen\u00e1 to vyv\u00edjet testy k ov\u011b\u0159en\u00ed ka\u017ed\u00e9ho na\u0161eho tvrzen\u00ed. Znamen\u00e1 to jednozna\u010dn\u011b odm\u00edtnout jakoukoli m\u00edru selh\u00e1n\u00ed, kterou na\u0161i konkurenti pova\u017euj\u00ed za p\u0159ijatelnou. Jednodu\u0161e \u0159e\u010deno, pokud to nen\u00ed nejlep\u0161\u00ed, nen\u00ed to ACR \/Artex. SYST\u00c9M \u0158\u00cdZEN\u00cd KVALITY Ve\u0161ker\u00e9 \u010dinnosti spole\u010dnosti ACR Electronics , Inc ( ACR \/Artex) podl\u00e9haj\u00ed dohledu Feder\u00e1ln\u00edho \u00fa\u0159adu pro letectv\u00ed (FAA) a pravideln\u00fdm audit\u016fm podle Feder\u00e1ln\u00edch leteck\u00fdch p\u0159edpis\u016f (FAR). Syst\u00e9m \u0159\u00edzen\u00ed kvality (QMS) ACR je zdokumentov\u00e1n v p\u0159\u00edru\u010dce kvality a postupech schv\u00e1len\u00fdch FAA. Produkty Artex ELT jsou schv\u00e1leny FAA podle technick\u00fdch standard\u016f (TSO), odpov\u00eddaj\u00edc\u00ed evropsk\u00e9 kvalifikace \u2013 ETSO a dal\u0161\u00edch region\u00e1ln\u00edch schvalovac\u00edch org\u00e1n\u016f. Abychom l\u00e9pe slou\u017eit na\u0161im z\u00e1kazn\u00edk\u016fm, m\u00e1 ACR \/Artex smluvn\u00ed oprav\u00e1renskou stanici schv\u00e1lenou dle FAR-145, kter\u00e1 podl\u00e9h\u00e1 samostatn\u00e9mu schv\u00e1len\u00ed a dohledu FAA. Abychom splnili po\u017eadavky na\u0161ich OEM z\u00e1kazn\u00edk\u016f, zaregistrovala ACR \/Artex sv\u016fj syst\u00e9m \u0159\u00edzen\u00ed kvality podle mezin\u00e1rodn\u00edch norem syst\u00e9m\u016f kvality AS9100D (Letectvo) a ISO-9001: 2015. Registr\u00e1torem ACR je TUV USA, Inc. a je uveden v datab\u00e1zi Online Aerospace Supplier Information System (IAQG-OASIS).                 <\/p>\n\n<figure class=\"wp-block-image size-large\"><a href=\"https:\/\/www.acrartex.com\/wp-content\/uploads\/2022\/03\/image.png\"><img loading=\"lazy\" decoding=\"async\" width=\"1024\" height=\"111\" src=\"https:\/\/www.acrartex.com\/wp-content\/uploads\/2022\/03\/image-1024x111.png\" alt=\"\" class=\"wp-image-28338\" srcset=\"https:\/\/www.acrartex.com\/wp-content\/uploads\/2022\/03\/image-1024x111.png 1024w, https:\/\/www.acrartex.com\/wp-content\/uploads\/2022\/03\/image-300x32.png 300w, https:\/\/www.acrartex.com\/wp-content\/uploads\/2022\/03\/image-768x83.png 768w, https:\/\/www.acrartex.com\/wp-content\/uploads\/2022\/03\/image-600x65.png 600w, https:\/\/www.acrartex.com\/wp-content\/uploads\/2022\/03\/image.png 1339w\" sizes=\"auto, (max-width: 1024px) 100vw, 1024px\" \/><\/a><\/figure>\n\n<p><strong>Certifikace kvality:<\/strong><\/p>\n\n<p class=\"has-vivid-cyan-blue-color has-text-color\"><a href=\"https:\/\/www.dropbox.com\/scl\/fi\/v5ydoa395w61i3hb47e8e\/ISO-9001-and-AS9100D-Certification.pdf?rlkey=rigwfe1zbfejlavr32ovnocfi&amp;st=8vv015y7&amp;dl=1\">Certifikace ISO 9001 a AS9100D<\/a><\/p>\n\n<p class=\"has-vivid-cyan-blue-color has-text-color\"><a href=\"https:\/\/www.dropbox.com\/scl\/fi\/bj7464lwwz577bvvvuzfo\/FAA-Air-Agency-Certificate_Manufacturer-Maintenance-Facility.pdf?rlkey=ncqrwf5xvba8eystumuox5iqd&amp;dl=1\">Osv\u011bd\u010den\u00ed FAA Air Agency (\u00fadr\u017ebov\u00e9 za\u0159\u00edzen\u00ed v\u00fdrobce)<\/a><\/p>\n\n<p class=\"has-vivid-cyan-blue-color has-text-color\"><a href=\"https:\/\/www.dropbox.com\/scl\/fi\/m1mtjkp8v5tdgi4oh2fbn\/FAA-Air-Agency-Certificate_Repair-Station.pdf?rlkey=jblwgu85vrjp3xhp8590ssb17&amp;dl=1\">Osv\u011bd\u010den\u00ed leteck\u00e9 agentury FAA (oprav\u00e1rensk\u00e1 stanice)<\/a><\/p>\n\n<p class=\"has-vivid-cyan-blue-color has-text-color\"><a href=\"https:\/\/www.dropbox.com\/scl\/fi\/dh8quhkwvbp0tetyiudah\/FAA_Operations-Specifications.pdf?rlkey=odkhobvjvzjzu6ddwne4xmhyo&amp;dl=1\">Provozn\u00ed specifikace FAA<\/a><\/p>\n\n<p class=\"has-vivid-cyan-blue-color has-text-color\"><a href=\"https:\/\/www.dropbox.com\/scl\/fi\/ssjmpyvgrgushnbb1diln\/EASA-Part-145__Approval-Renewal__pg-1-2___Expires-_01-June-2026.pdf?rlkey=v92tqo9evrpwgujiq6rbk9shy&amp;st=kg2trlrv&amp;dl=1\">Osv\u011bd\u010den\u00ed o schv\u00e1len\u00ed EASA Part 145<\/a><\/p>\n","protected":false},"excerpt":{"rendered":"<p>Ve ACR \/Artex vyr\u00e1b\u00edme kvalitn\u00ed produkty s v\u011bdom\u00edm, \u017ee slou\u017e\u00ed k z\u00e1chran\u011b \u017eivot\u016f. V na\u0161em podnik\u00e1n\u00ed je v\u011bda v\u0161\u00edm: poskytuje z\u00e1kony, procesy a spolehliv\u00e9 v\u00fdsledky, kter\u00e9 pou\u017e\u00edv\u00e1me k \u00fasp\u011b\u0161n\u00e9mu p\u0159echytra\u010den\u00ed nep\u0159edv\u00eddateln\u00fdch faktor\u016f. Existence na\u0161\u00ed spole\u010dnosti je zalo\u017eena na principu neust\u00e1l\u00e9ho zlep\u0161ov\u00e1n\u00ed. Jsme n\u00e1ro\u010dn\u00ed, detailn\u00ed a p\u0159esn\u00ed. Nikdy n\u00e1s neusly\u0161\u00edte omlouvat se za to, \u017ee jsme [&hellip;]<\/p>\n","protected":false},"author":2,"featured_media":0,"parent":0,"menu_order":0,"comment_status":"closed","ping_status":"closed","template":"","meta":{"_acf_changed":false,"om_disable_all_campaigns":false,"footnotes":""},"class_list":["post-146878","page","type-page","status-publish","hentry"],"acf":[],"_links":{"self":[{"href":"https:\/\/www.acrartex.com\/cs\/wp-json\/wp\/v2\/pages\/146878","targetHints":{"allow":["GET"]}}],"collection":[{"href":"https:\/\/www.acrartex.com\/cs\/wp-json\/wp\/v2\/pages"}],"about":[{"href":"https:\/\/www.acrartex.com\/cs\/wp-json\/wp\/v2\/types\/page"}],"author":[{"embeddable":true,"href":"https:\/\/www.acrartex.com\/cs\/wp-json\/wp\/v2\/users\/2"}],"replies":[{"embeddable":true,"href":"https:\/\/www.acrartex.com\/cs\/wp-json\/wp\/v2\/comments?post=146878"}],"version-history":[{"count":1,"href":"https:\/\/www.acrartex.com\/cs\/wp-json\/wp\/v2\/pages\/146878\/revisions"}],"predecessor-version":[{"id":146880,"href":"https:\/\/www.acrartex.com\/cs\/wp-json\/wp\/v2\/pages\/146878\/revisions\/146880"}],"wp:attachment":[{"href":"https:\/\/www.acrartex.com\/cs\/wp-json\/wp\/v2\/media?parent=146878"}],"curies":[{"name":"wp","href":"https:\/\/api.w.org\/{rel}","templated":true}]}}