{"id":146768,"date":"2021-02-26T10:02:44","date_gmt":"2021-02-26T15:02:44","guid":{"rendered":"https:\/\/www.acrartex.com\/obchodni-podminky-a-standardni-zasady-ochrany-osobnich-udaju\/"},"modified":"2025-08-18T10:37:42","modified_gmt":"2025-08-18T15:37:42","slug":"obchodni-podminky-a-standardni-zasady-ochrany-osobnich-udaju","status":"publish","type":"page","link":"https:\/\/www.acrartex.com\/cs\/obchodni-podminky-a-standardni-zasady-ochrany-osobnich-udaju\/","title":{"rendered":"Obchodn\u00ed podm\u00ednky a standardn\u00ed z\u00e1sady ochrany osobn\u00edch \u00fadaj\u016f"},"content":{"rendered":"\n<h2 class=\"wp-block-heading\" id=\"h-terms-and-conditions-legal-notice\">OBCHODN\u00cd PODM\u00cdNKY \u2013 PR\u00c1VN\u00cd UPOZORN\u011aN\u00cd<\/h2>\n\n<p>ACR \/ Artex ( ACR Electronics , Inc.) vynalo\u017eila ve\u0161ker\u00e9 p\u0159im\u011b\u0159en\u00e9 \u00fasil\u00ed, aby zajistila, \u017ee informace na t\u011bchto webov\u00fdch str\u00e1nk\u00e1ch byly v dob\u011b jejich prvn\u00edho zve\u0159ejn\u011bn\u00ed p\u0159esn\u00e9. Neposkytuje se v\u0161ak \u017e\u00e1dn\u00e1 z\u00e1ruka, podm\u00ednka ani prohl\u00e1\u0161en\u00ed, v\u00fdslovn\u00e9 ani implicitn\u00ed, \u017ee informace neobsahuj\u00ed chyby, nep\u0159esnosti nebo opomenut\u00ed. Informace se d\u00e1le mohou zm\u011bnit nebo aktualizovat bez p\u0159edchoz\u00edho upozorn\u011bn\u00ed a nesm\u00ed b\u00fdt pova\u017eov\u00e1ny za z\u00e1vazek zakl\u00e1daj\u00edc\u00ed jak\u00fdkoli smluvn\u00ed nebo jin\u00fd z\u00e1vazek pro ACR Electronics , Inc. nebo \u017e\u00e1dnou z jej\u00edch dce\u0159in\u00fdch spole\u010dnost\u00ed \u010di p\u0159idru\u017een\u00fdch spole\u010dnost\u00ed.  <\/p>\n\n<p>Tyto str\u00e1nky mohou pro va\u0161e pohodl\u00ed a informace poskytovat odkazy na str\u00e1nky t\u0159et\u00edch stran. Pokud na tyto odkazy nav\u0161t\u00edv\u00edte, opust\u00edte str\u00e1nky ACR \/ Artex. ACR Electronics , Inc. ani jej\u00ed dce\u0159in\u00e9 spole\u010dnosti ani p\u0159idru\u017een\u00e9 spole\u010dnosti tyto str\u00e1nky nekontroluj\u00ed a p\u0159\u00edmo ani nep\u0159\u00edmo neschvaluj\u00ed \u017e\u00e1dn\u00e9 informace ani ne\u010din\u00ed \u017e\u00e1dn\u00e1 prohl\u00e1\u0161en\u00ed o str\u00e1nk\u00e1ch t\u0159et\u00edch stran nebo jejich vlastn\u00edc\u00edch. ACR Electronics , Inc. nenese odpov\u011bdnost za p\u0159esnost ani spolehlivost jak\u00e9hokoli n\u00e1zoru, rady nebo prohl\u00e1\u0161en\u00ed u\u010din\u011bn\u00e9ho prost\u0159ednictv\u00edm str\u00e1nek jinou stranou ne\u017e ACR Electronics , Inc., ani za jak\u00fdkoli obsah poskytovan\u00fd na odkazovan\u00fdch str\u00e1nk\u00e1ch, ani za mo\u017enosti \u010di spolehlivost jak\u00e9hokoli produktu nebo slu\u017eby z\u00edskan\u00e9 z odkazovan\u00fdch str\u00e1nek.  <\/p>\n\n<p>\u017d\u00e1dn\u00e9 informace obsa\u017een\u00e9 na t\u011bchto str\u00e1nk\u00e1ch nep\u0159edstavuj\u00ed v\u00fdzvu k obchodov\u00e1n\u00ed s akciemi spole\u010dnosti ACR Electronics , Inc. ani k jin\u00e9mu investov\u00e1n\u00ed do nich. V p\u0159\u00edpad\u011b jak\u00e9hokoli rozporu mezi verz\u00ed ro\u010dn\u00edch nebo pololetn\u00edch v\u00fdsledk\u016f uveden\u00fdch na t\u011bchto webov\u00fdch str\u00e1nk\u00e1ch a ti\u0161t\u011bnou verz\u00ed zaslanou akcion\u00e1\u0159\u016fm je nutn\u00e9 za spr\u00e1vnou verzi pova\u017eovat ti\u0161t\u011bnou verzi.<\/p>\n\n<p>Ve\u0161ker\u00e9 koment\u00e1\u0159e, recenze, p\u0159\u00edb\u011bhy, m\u00e9dia nebo materi\u00e1ly zaslan\u00e9 spole\u010dnosti ACR Electronics , Inc. nebo kter\u00e9koli z jej\u00edch dce\u0159in\u00fdch spole\u010dnost\u00ed \u010di p\u0159idru\u017een\u00fdch spole\u010dnost\u00ed prost\u0159ednictv\u00edm t\u011bchto str\u00e1nek, v\u010detn\u011b n\u00e1vrh\u016f a odpov\u011bd\u00ed na ot\u00e1zky, nebudou pova\u017eov\u00e1ny za d\u016fv\u011brn\u00e9. ACR m\u00e1 ve\u0161ker\u00e1 pr\u00e1va k t\u011bmto koment\u00e1\u0159\u016fm a materi\u00e1l\u016fm a m\u016f\u017ee je pou\u017e\u00edvat dle sv\u00e9ho uv\u00e1\u017een\u00ed. <\/p>\n\n<h2 class=\"wp-block-heading\" id=\"h-terms-and-conditions-copyright\">OBCHODN\u00cd PODM\u00cdNKY \u2013 AUTORSK\u00c1 PR\u00c1VA<\/h2>\n\n<p>Autorsk\u00e1 pr\u00e1va, ochrann\u00e9 zn\u00e1mky, loga a servisn\u00ed zna\u010dky (\u201eZna\u010dky\u201c) zobrazen\u00e9 na webov\u00fdch str\u00e1nk\u00e1ch ACR \/ Artex jsou majetkem spole\u010dnosti ACR Electronics , Inc. a dal\u0161\u00edch stran. U\u017eivatel\u016fm je zak\u00e1z\u00e1no pou\u017e\u00edvat jak\u00e9koli Zna\u010dky k jak\u00e9mukoli jin\u00e9mu \u00fa\u010delu ne\u017e k \u00fa\u010del\u016fm t\u011bchto str\u00e1nek bez p\u00edsemn\u00e9ho souhlasu spole\u010dnosti ACR Electronics , Inc. nebo t\u0159et\u00ed strany, kter\u00e1 m\u016f\u017ee b\u00fdt vlastn\u00edkem Zna\u010dek. Ve\u0161ker\u00e9 informace a obsah dostupn\u00fd na webov\u00fdch str\u00e1nk\u00e1ch ACR Electronics , Inc. nebo jejich prost\u0159ednictv\u00edm (\u201eObsah\u201c) jsou chr\u00e1n\u011bny autorsk\u00fdm pr\u00e1vem. U\u017eivatel\u016fm je zak\u00e1z\u00e1no upravovat, kop\u00edrovat, distribuovat, p\u0159en\u00e1\u0161et, zobrazovat, publikovat, prod\u00e1vat, licencovat, vytv\u00e1\u0159et odvozen\u00e1 d\u00edla nebo pou\u017e\u00edvat jak\u00fdkoli Obsah dostupn\u00fd na str\u00e1nk\u00e1ch ACR Electronics , Inc. nebo jejich prost\u0159ednictv\u00edm pro komer\u010dn\u00ed nebo ve\u0159ejn\u00e9 \u00fa\u010dely.   <\/p>\n\n<h2 class=\"wp-block-heading\" id=\"h-terms-and-conditions-disclaimer\">OBCHODN\u00cd PODM\u00cdNKY \u2013 PROHL\u00c1\u0160EN\u00cd O VYLOU\u010cEN\u00cd ODPOV\u011aDNOSTI<\/h2>\n\n<p>P\u0159esto\u017ee byla p\u0159i p\u0159\u00edprav\u011b t\u011bchto str\u00e1nek vynalo\u017eena ve\u0161ker\u00e1 p\u0159im\u011b\u0159en\u00e1 p\u00e9\u010de, spole\u010dnost ACR Electronics , Inc. ani jej\u00ed dce\u0159in\u00e9 spole\u010dnosti ani p\u0159idru\u017een\u00e9 spole\u010dnosti za \u017e\u00e1dn\u00fdch okolnost\u00ed nep\u0159eb\u00edraj\u00ed odpov\u011bdnost za jak\u00e9koli ztr\u00e1ty vznikl\u00e9 v d\u016fsledku spol\u00e9h\u00e1n\u00ed se na jak\u00e9koli prohl\u00e1\u0161en\u00ed, chybu nebo opomenut\u00ed zde uveden\u00e9, v\u010detn\u011b, mimo jin\u00e9, p\u0159\u00edm\u00fdch, nep\u0159\u00edm\u00fdch nebo n\u00e1sledn\u00fdch \u0161kod vznikl\u00fdch v d\u016fsledku va\u0161eho pou\u017e\u00edv\u00e1n\u00ed webov\u00fdch str\u00e1nek ACR nebo jak\u00fdchkoli webov\u00fdch str\u00e1nek, na kter\u00e9 tyto webov\u00e9 str\u00e1nky odkazuj\u00ed.<\/p>\n\n<p>Ve\u0161ker\u00fd obsah na str\u00e1nk\u00e1ch spole\u010dnosti ACR Electronics , Inc. je v\u00e1m poskytov\u00e1n \u201etak, jak je\u201c, bez jak\u00e9koli z\u00e1ruky, a\u0165 u\u017e v\u00fdslovn\u00e9 nebo implicitn\u00ed, v\u010detn\u011b, ale nikoli v\u00fdhradn\u011b, implicitn\u00edch z\u00e1ruk prodejnosti a vhodnosti pro konkr\u00e9tn\u00ed \u00fa\u010del, titulu, neporu\u0161en\u00ed pr\u00e1v, bezpe\u010dnosti nebo p\u0159esnosti.<\/p>\n\n<p>Prohl\u00e1\u0161en\u00ed na t\u011bchto str\u00e1nk\u00e1ch odr\u00e1\u017eej\u00ed na\u0161e ch\u00e1p\u00e1n\u00ed aktu\u00e1ln\u00ed a navrhovan\u00e9 legislativy, kter\u00e1 se m\u016f\u017ee zm\u011bnit bez p\u0159edchoz\u00edho upozorn\u011bn\u00ed.<\/p>\n\n<p>Obsah t\u011bchto str\u00e1nek by nem\u011bl b\u00fdt pova\u017eov\u00e1n za konkr\u00e9tn\u00ed radu t\u00fdkaj\u00edc\u00ed se prob\u00edran\u00fdch z\u00e1le\u017eitost\u00ed.<\/p>\n\n<p>Nic v t\u011bchto podm\u00ednk\u00e1ch neomezuje na\u0161i odpov\u011bdnost za smrt nebo zran\u011bn\u00ed osob zp\u016fsoben\u00e9 na\u0161\u00ed nedbalost\u00ed.<\/p>\n\n<p>Tyto obchodn\u00ed podm\u00ednky a jak\u00e9koli spory se \u0159\u00edd\u00ed z\u00e1konem a v souladu s n\u00edm a podl\u00e9haj\u00ed v\u00fdlu\u010dn\u00e9 jurisdikci soud\u016f Spojen\u00fdch st\u00e1t\u016f americk\u00fdch.<\/p>\n\n<h2 class=\"wp-block-heading\" id=\"h-privacy-policy-privacy-statement-acr-artex-products\">Z\u00c1SADY OCHRANY OSOBN\u00cdCH \u00daDAJ\u016e \u2013 PROHL\u00c1\u0160EN\u00cd O OCHRAN\u011a OSOBN\u00cdCH \u00daDAJ\u016e \u2013 PRODUKTY ACR \/ ARTEX<\/h2>\n\n<p>ACR Electronics , Inc. (\u201e ACR \u201c) podnikaj\u00edc\u00ed pod n\u00e1zvem ACR \/ Artex se zavazuje chr\u00e1nit va\u0161e soukrom\u00ed a vyv\u00edjet technologie, kter\u00e9 v\u00e1m poskytnou co nejv\u00fdkonn\u011bj\u0161\u00ed a nejbezpe\u010dn\u011bj\u0161\u00ed online z\u00e1\u017eitek. Toto Prohl\u00e1\u0161en\u00ed o ochran\u011b osobn\u00edch \u00fadaj\u016f se vztahuje na webov\u00e9 str\u00e1nky, kter\u00e9 si pr\u00e1v\u011b prohl\u00ed\u017e\u00edte (\u201eStr\u00e1nky\u201c), a upravuje shroma\u017e\u010fov\u00e1n\u00ed a pou\u017e\u00edv\u00e1n\u00ed dat. P\u0159\u00edstupem na Str\u00e1nky, jejich prohl\u00ed\u017een\u00edm a\/nebo pou\u017e\u00edv\u00e1n\u00edm souhlas\u00edte s postupy nakl\u00e1d\u00e1n\u00ed s \u00fadaji popsan\u00fdmi v tomto Prohl\u00e1\u0161en\u00ed a zavazujete se dodr\u017eovat v\u0161echny platn\u00e9 z\u00e1kony a p\u0159edpisy.  <\/p>\n\n<h2 class=\"wp-block-heading\" id=\"h-privacy-policy-use-of-your-personal-information\">Z\u00c1SADY OCHRANY OSOBN\u00cdCH \u00daDAJ\u016e \u2013 POU\u017dIT\u00cd VA\u0160ICH OSOBN\u00cdCH \u00daDAJ\u016e<\/h2>\n\n<p>ACR Electronics , Inc. shroma\u017e\u010fuje a pou\u017e\u00edv\u00e1 va\u0161e osobn\u00ed \u00fadaje k provozov\u00e1n\u00ed str\u00e1nek a poskytov\u00e1n\u00ed slu\u017eeb, kter\u00e9 jste si vy\u017e\u00e1dali. ACR Electronics , Inc. tak\u00e9 pou\u017e\u00edv\u00e1 va\u0161e osobn\u00ed \u00fadaje k tomu, aby v\u00e1s informovala o dal\u0161\u00edch produktech nebo slu\u017eb\u00e1ch dostupn\u00fdch od ACR Electronics , Inc. a\/nebo jej\u00edch p\u0159idru\u017een\u00fdch spole\u010dnost\u00ed. Spole\u010dnost ACR Electronics , Inc. v\u00e1s m\u016f\u017ee tak\u00e9 kontaktovat prost\u0159ednictv\u00edm pr\u016fzkum\u016f, aby provedla pr\u016fzkum va\u0161eho n\u00e1zoru na aktu\u00e1ln\u00ed slu\u017eby nebo potenci\u00e1ln\u00ed nov\u00e9 slu\u017eby, kter\u00e9 by mohly b\u00fdt nab\u00edzeny.  <\/p>\n\n<p>Informace, kter\u00e9 sd\u011bl\u00edte, mohou b\u00fdt tak\u00e9 bez va\u0161eho souhlasu zve\u0159ejn\u011bny spole\u010dnostem a osob\u00e1m zam\u011bstnan\u00fdm k poskytov\u00e1n\u00ed slu\u017eeb jm\u00e9nem ACR Electronics , Inc., jako jsou z\u00e1stupci z\u00e1kaznick\u00e9ho servisu, marketingov\u00e9 spole\u010dnosti a spole\u010dnosti zab\u00fdvaj\u00edc\u00ed se zpracov\u00e1n\u00edm platebn\u00edch karet. Osobn\u00ed \u00fadaje, kter\u00e9 spole\u010dnost ACR Electronics , Inc. shrom\u00e1\u017edila, mohou b\u00fdt v p\u0159\u00edpad\u011b p\u0159evodu vlastnictv\u00ed nebo aktiv \u010di bankrotu spole\u010dnosti ACR Electronics , Inc. p\u0159ed\u00e1ny t\u0159et\u00ed stran\u011b bez va\u0161eho souhlasu. <\/p>\n\n<p>ACR Electronics , Inc. neprod\u00e1v\u00e1, nepronaj\u00edm\u00e1 ani neposkytuje na po\u017e\u00e1d\u00e1n\u00ed seznamy sv\u00fdch z\u00e1kazn\u00edk\u016f t\u0159et\u00edm stran\u00e1m. ACR Electronics , Inc. v\u00e1s m\u016f\u017ee \u010das od \u010dasu kontaktovat jm\u00e9nem extern\u00edch obchodn\u00edch partner\u016f ohledn\u011b konkr\u00e9tn\u00ed nab\u00eddky, kter\u00e1 by v\u00e1s mohla zaj\u00edmat. V takov\u00fdch p\u0159\u00edpadech nebudou va\u0161e jedine\u010dn\u00e9 osobn\u00ed \u00fadaje (e-mail, jm\u00e9no, adresa, telefonn\u00ed \u010d\u00edslo) p\u0159ed\u00e1v\u00e1ny t\u0159et\u00ed stran\u011b. Spole\u010dnost ACR Electronics , Inc. m\u016f\u017ee nav\u00edc sd\u00edlet data s d\u016fv\u011bryhodn\u00fdmi partnery, kte\u0159\u00ed n\u00e1m pom\u00e1haj\u00ed prov\u00e1d\u011bt statistick\u00e9 anal\u00fdzy, zas\u00edlat v\u00e1m e-maily nebo po\u0161tovn\u00ed z\u00e1silky nebo zaji\u0161\u0165ovat doru\u010dov\u00e1n\u00ed.   <\/p>\n\n<p>ACR Electronics , Inc. nepou\u017e\u00edv\u00e1 ani nezve\u0159ej\u0148uje citliv\u00e9 osobn\u00ed \u00fadaje, jako je rasa, n\u00e1bo\u017eenstv\u00ed nebo politick\u00e1 p\u0159\u00edslu\u0161nost, bez va\u0161eho v\u00fdslovn\u00e9ho souhlasu.<\/p>\n\n<p>ACR Electronics , Inc. zve\u0159ejn\u00ed va\u0161e osobn\u00ed \u00fadaje bez p\u0159edchoz\u00edho upozorn\u011bn\u00ed, pokud to vy\u017eaduje z\u00e1kon nebo pokud se v dobr\u00e9 v\u00ed\u0159e domn\u00edv\u00e1, \u017ee je takov\u00fd krok nezbytn\u00fd k: (a) dodr\u017eov\u00e1n\u00ed z\u00e1konn\u00fdch na\u0159\u00edzen\u00ed nebo vyhov\u011bn\u00ed soudn\u00edmu \u0159\u00edzen\u00ed doru\u010den\u00e9mu spole\u010dnosti ACR Electronics , Inc. nebo Str\u00e1nk\u00e1m; (b) ochran\u011b a obhajob\u011b pr\u00e1v nebo majetku spole\u010dnosti ACR Electronics , Inc.; a (c) jedn\u00e1n\u00ed za nal\u00e9hav\u00fdch okolnost\u00ed k ochran\u011b osobn\u00ed bezpe\u010dnosti u\u017eivatel\u016f spole\u010dnosti ACR Electronics , Inc. nebo ve\u0159ejnosti.     <\/p>\n\n<h2 class=\"wp-block-heading\" id=\"h-privacy-policy-use-of-cookies\">Z\u00c1SADY OCHRANY OSOBN\u00cdCH \u00daDAJ\u016e \u2013 POU\u017d\u00cdV\u00c1N\u00cd SOUBOR\u016e COOKIES<\/h2>\n\n<p>Str\u00e1nky pou\u017e\u00edvaj\u00ed \u201esoubory cookie\u201c, kter\u00e9 v\u00e1m pom\u00e1haj\u00ed p\u0159izp\u016fsobit si v\u00e1\u0161 online z\u00e1\u017eitek. Soubor cookie je textov\u00fd soubor, kter\u00fd webov\u00fd server um\u00edst\u00ed na v\u00e1\u0161 pevn\u00fd disk. Soubory cookie nelze pou\u017e\u00edt ke spou\u0161t\u011bn\u00ed program\u016f ani k p\u0159enosu vir\u016f do va\u0161eho po\u010d\u00edta\u010de. Soubory cookie jsou v\u00e1m jedine\u010dn\u011b p\u0159i\u0159azeny a m\u016f\u017ee je \u010d\u00edst pouze webov\u00fd server v dom\u00e9n\u011b, kter\u00e1 v\u00e1m soubor cookie vydala.   <\/p>\n\n<p>Jedn\u00edm z hlavn\u00edch \u00fa\u010del\u016f soubor\u016f cookie je poskytovat funkci, kter\u00e1 v\u00e1m u\u0161et\u0159\u00ed \u010das. \u00da\u010delem souboru cookie je informovat webov\u00fd server, \u017ee jste se vr\u00e1tili na konkr\u00e9tn\u00ed str\u00e1nku. To zjednodu\u0161uje proces zaznamen\u00e1v\u00e1n\u00ed va\u0161ich osobn\u00edch \u00fadaj\u016f, jako jsou faktura\u010dn\u00ed adresy, dodac\u00ed adresy atd. Po n\u00e1vratu na stejn\u00e9 str\u00e1nky lze informace, kter\u00e9 jste d\u0159\u00edve poskytli, na\u010d\u00edst, abyste mohli snadno pou\u017e\u00edvat funkce spole\u010dnosti ACR Electronics , Inc., kter\u00e9 jste si p\u0159izp\u016fsobili.   <\/p>\n\n<p>M\u00e1te mo\u017enost p\u0159ijmout nebo odm\u00edtnout soubory cookie. V\u011bt\u0161ina webov\u00fdch prohl\u00ed\u017ee\u010d\u016f soubory cookie automaticky p\u0159ij\u00edm\u00e1, ale obvykle m\u016f\u017eete v p\u0159\u00edpad\u011b pot\u0159eby upravit nastaven\u00ed prohl\u00ed\u017ee\u010de tak, aby soubory cookie odm\u00edtal. Pokud se rozhodnete soubory cookie odm\u00edtnout, nemus\u00ed b\u00fdt mo\u017en\u00e9 pln\u011b vyu\u017e\u00edvat interaktivn\u00ed funkce webu.  <\/p>\n\n<h2 class=\"wp-block-heading\" id=\"h-privacy-policy-disclaimer\">Z\u00c1SADY OCHRANY OSOBN\u00cdCH \u00daDAJ\u016e \u2013 PROHL\u00c1\u0160EN\u00cd O VYLOU\u010cEN\u00cd ODPOV\u011aDNOSTI<\/h2>\n\n<p>ACR Electronics , Inc. nem\u016f\u017ee zaru\u010dit, \u017ee ve\u0161ker\u00e1 va\u0161e soukrom\u00e1 komunikace a dal\u0161\u00ed osobn\u00ed \u00fadaje nebudou nikdy zve\u0159ejn\u011bny zp\u016fsoby, kter\u00e9 nejsou v tomto Prohl\u00e1\u0161en\u00ed jinak pops\u00e1ny. Jako u\u017eivatel t\u011bchto str\u00e1nek berete na v\u011bdom\u00ed a souhlas\u00edte s t\u00edm, \u017ee p\u0159eb\u00edr\u00e1te ve\u0161kerou odpov\u011bdnost a riziko za pou\u017e\u00edv\u00e1n\u00ed str\u00e1nek, internetu obecn\u011b a dokument\u016f, kter\u00e9 zve\u0159ej\u0148ujete nebo k nim\u017e p\u0159istupujete, a za sv\u00e9 chov\u00e1n\u00ed na str\u00e1nk\u00e1ch i mimo n\u011b. Dal\u0161\u00ed informace naleznete v Obecn\u00fdch podm\u00ednk\u00e1ch pou\u017e\u00edv\u00e1n\u00ed ACR Electronics , Inc., kter\u00e9 jsou zde za\u010dlen\u011bny odkazem.   <\/p>\n\n<h2 class=\"wp-block-heading\" id=\"h-privacy-policy-changes-to-this-statement\">Z\u00c1SADY OCHRANY OSOBN\u00cdCH \u00daDAJ\u016e \u2013 ZM\u011aNY TOHOTO PROHL\u00c1\u0160EN\u00cd<\/h2>\n\n<p>ACR Electronics , Inc. si vyhrazuje pr\u00e1vo dle vlastn\u00edho uv\u00e1\u017een\u00ed prov\u00e9st zm\u011bny v tomto Prohl\u00e1\u0161en\u00ed. Pokud ACR Electronics , Inc. provede zm\u011bny v Prohl\u00e1\u0161en\u00ed, bude v\u00e1s o tom informovat zve\u0159ejn\u011bn\u00edm revidovan\u00e9ho Prohl\u00e1\u0161en\u00ed na Str\u00e1nk\u00e1ch. ACR Electronics , Inc. v\u00e1s vyz\u00fdv\u00e1 k pravideln\u00e9mu prohl\u00ed\u017een\u00ed tohoto Prohl\u00e1\u0161en\u00ed, abyste byli informov\u00e1ni o tom, jak ACR Electronics , Inc. chr\u00e1n\u00ed va\u0161e informace.  <\/p>\n\n<h2 class=\"wp-block-heading\" id=\"h-privacy-policy-contact-information\">Z\u00c1SADY OCHRANY OSOBN\u00cdCH \u00daDAJ\u016e \u2013 KONTAKTN\u00cd INFORMACE<\/h2>\n\n<p>ACR Electronics , Inc. v\u00edt\u00e1 va\u0161e koment\u00e1\u0159e k tomuto prohl\u00e1\u0161en\u00ed. Pokud se domn\u00edv\u00e1te, \u017ee jsme toto prohl\u00e1\u0161en\u00ed nedodr\u017eeli, napi\u0161te n\u00e1m pros\u00edm e-mail prost\u0159ednictv\u00edm kontaktn\u00edho formul\u00e1\u0159e na webu. <\/p>\n\n<p>\u00a9 Copyright 2020 ACR Electronics , Inc.<br\/> V\u0161echna pr\u00e1va vyhrazena po cel\u00e9m sv\u011bt\u011b.<\/p>\n\n<h2 class=\"wp-block-heading\" id=\"h-privacy-policy-collection-of-your-personal-information\">Z\u00c1SADY OCHRANY OSOBN\u00cdCH \u00daDAJ\u016e \u2013 SHROMA\u017d\u010eOV\u00c1N\u00cd VA\u0160ICH OSOBN\u00cdCH \u00daDAJ\u016e<\/h2>\n\n<p>ACR Electronics , Inc. shroma\u017e\u010fuje osobn\u00ed \u00fadaje, jako je va\u0161e e-mailov\u00e1 adresa, jm\u00e9no, adresa bydli\u0161t\u011b nebo pr\u00e1ce nebo telefonn\u00ed \u010d\u00edslo. ACR Electronics , Inc. tak\u00e9 shroma\u017e\u010fuje anonymn\u00ed demografick\u00e9 informace, kter\u00e9 nejsou pro v\u00e1s jedine\u010dn\u00e9, jako je va\u0161e PS\u010c, v\u011bk, pohlav\u00ed, preference, z\u00e1jmy a obl\u00edben\u00e9 polo\u017eky. <\/p>\n\n<p>Spole\u010dnost ACR Electronics , Inc. tak\u00e9 automaticky shroma\u017e\u010fuje informace o hardwaru a softwaru va\u0161eho po\u010d\u00edta\u010de. Mezi tyto informace m\u016f\u017ee pat\u0159it: va\u0161e IP adresa, typ prohl\u00ed\u017ee\u010de, n\u00e1zvy dom\u00e9n, \u010dasy p\u0159\u00edstupu a adresy odkazuj\u00edc\u00edch webov\u00fdch str\u00e1nek. Tyto informace spole\u010dnost ACR Electronics , Inc. obecn\u011b pou\u017e\u00edv\u00e1 k provozov\u00e1n\u00ed slu\u017eeb, kter\u00e9 poskytuje, k udr\u017een\u00ed kvality t\u011bchto slu\u017eeb a k sestavov\u00e1n\u00ed obecn\u00fdch statistik t\u00fdkaj\u00edc\u00edch se pou\u017e\u00edv\u00e1n\u00ed str\u00e1nek.  <\/p>\n\n<p>M\u011bjte pros\u00edm na pam\u011bti, \u017ee pokud zve\u0159ejn\u00edte osobn\u00ed \u00fadaje nebo citliv\u00e9 osobn\u00ed \u00fadaje prost\u0159ednictv\u00edm ve\u0159ejn\u00fdch diskusn\u00edch f\u00f3r dostupn\u00fdch na Str\u00e1nk\u00e1ch, mohou tyto informace shroma\u017e\u010fovat a pou\u017e\u00edvat jin\u00e9 osoby.<\/p>\n\n<p>ACR Electronics , Inc. v\u00e1m doporu\u010duje, abyste si p\u0159e\u010detli prohl\u00e1\u0161en\u00ed o ochran\u011b osobn\u00edch \u00fadaj\u016f webov\u00fdch str\u00e1nek, na kter\u00e9 se rozhodnete z t\u011bchto str\u00e1nek odkazovat, abyste pochopili, jak tyto webov\u00e9 str\u00e1nky shroma\u017e\u010fuj\u00ed, pou\u017e\u00edvaj\u00ed a sd\u00edlej\u00ed va\u0161e informace. Spole\u010dnost Cobham Beacon Solutions nenese odpov\u011bdnost za prohl\u00e1\u0161en\u00ed o ochran\u011b osobn\u00edch \u00fadaj\u016f ani za jin\u00fd obsah na t\u011bchto webov\u00fdch str\u00e1nk\u00e1ch. <\/p>\n\n<p>Na na\u0161ich webov\u00fdch str\u00e1nk\u00e1ch pou\u017e\u00edv\u00e1me aplikaci SessionCam, kter\u00e1 n\u00e1m pom\u00e1h\u00e1 porozum\u011bt chov\u00e1n\u00ed n\u00e1v\u0161t\u011bvn\u00edk\u016f na\u0161ich webov\u00fdch str\u00e1nek. SessionCam shroma\u017e\u010fuje informace, jako jsou podrobnosti o pohybech my\u0161i, posouv\u00e1n\u00ed str\u00e1nek a klik\u00e1n\u00ed jednotliv\u00fdch n\u00e1v\u0161t\u011bvn\u00edk\u016f. SessionCam m\u016f\u017ee tak\u00e9 zaznamen\u00e1vat data zadan\u00e1 do formul\u00e1\u0159\u016f na na\u0161ich webov\u00fdch str\u00e1nk\u00e1ch. Data shrom\u00e1\u017ed\u011bn\u00e1 aplikac\u00ed SessionCam pou\u017e\u00edv\u00e1me k identifikaci oblast\u00ed, kde maj\u00ed n\u00e1v\u0161t\u011bvn\u00edci nejv\u011bt\u0161\u00ed pot\u00ed\u017ee, abychom mohli tyto oblasti na\u0161ich webov\u00fdch str\u00e1nek vylep\u0161it.   <\/p>\n\n<p><strong>Pozn\u00e1mka: Dal\u0161\u00ed informace o z\u00e1kaznick\u00fdch datech, kter\u00e9 se konkr\u00e9tn\u011b t\u00fdkaj\u00ed mobiln\u00edch aplikac\u00ed ACR Electronics , naleznete na na\u0161\u00ed <a href=\"https:\/\/www.acrartex.com\/cs\/zakaznicka-data\/\">str\u00e1nce v\u011bnovan\u00e9 z\u00e1kaznick\u00fdm dat\u016fm mobiln\u00edch aplikac\u00ed<\/a> .<\/strong><\/p>\n\n<h2 class=\"wp-block-heading\" id=\"h-privacy-policy-data-subject-access-rights-dsars\">Z\u00c1SADY OCHRANY OSOBN\u00cdCH \u00daDAJ\u016e \u2013 PR\u00c1VA SUBJEKTU \u00daDAJ\u016e NA P\u0158\u00cdSTUP K \u00daDAJ\u016eM (DSAR)<\/h2>\n\n<p>Pokud si p\u0159ejete, aby va\u0161e osobn\u00ed \u00fadaje byly z na\u0161eho syst\u00e9mu odstran\u011bny, m\u00e1te pr\u00e1vo po\u017e\u00e1dat n\u00e1s o v\u00fdmaz ve\u0161ker\u00fdch osobn\u00edch \u00fadaj\u016f, kter\u00e9 o v\u00e1s uchov\u00e1v\u00e1me podle obecn\u00e9ho na\u0159\u00edzen\u00ed EU o ochran\u011b osobn\u00edch \u00fadaj\u016f (GDPR) a\/nebo kalifornsk\u00e9ho na\u0159\u00edzen\u00ed CCPA. Chcete-li tuto \u017e\u00e1dost podat, za\u0161lete n\u00e1m pros\u00edm e-mail na adresu <a href=\"mailto:marketing@acrartex.com\">privacyrequest@acrartex.com<\/a> a po\u017e\u00e1dejte o v\u00fdmaz va\u0161ich osobn\u00edch \u00fadaj\u016f z na\u0161eho syst\u00e9mu. V e-mailu pros\u00edm uve\u010fte tak\u00e9 n\u00e1sleduj\u00edc\u00ed informace: Cel\u00e9 jm\u00e9no, fyzickou adresu, e-mailovou adresu a kontaktn\u00ed telefonn\u00ed \u010d\u00edslo (tyto informace budou pou\u017eity pouze k identifikaci osobn\u00edch \u00fadaj\u016f, jejich\u017e v\u00fdmaz \u017e\u00e1d\u00e1te).  <\/p>\n\n<h2 class=\"wp-block-heading\" id=\"h-privacy-policy-gdpr-representatives\">Z\u00c1SADY OCHRANY OSOBN\u00cdCH \u00daDAJ\u016e \u2013 Z\u00c1STUPCI PRO GDPR<\/h2>\n\n<p><strong>Z\u00e1stupce EU<\/strong><\/p>\n\n<p>Osano International Compliance Services Limited<br\/> K ruk\u00e1m: RRPA<br\/> 25 North Wall Quay<br\/> Dublin 1<br\/> D01 H104<\/p>\n\n<p><strong>Z\u00e1stupce Spojen\u00e9ho kr\u00e1lovstv\u00ed<\/strong><\/p>\n\n<p>Osano UK Compliance LTD<br\/> K ruk\u00e1m: RRPA<br\/> Fountain Street 42\u201346<br\/> Belfast<br\/> Antrim<br\/> BT1 \u2013 5EF<\/p>\n","protected":false},"excerpt":{"rendered":"<p>OBCHODN\u00cd PODM\u00cdNKY \u2013 PR\u00c1VN\u00cd UPOZORN\u011aN\u00cd ACR \/ Artex ( ACR Electronics , Inc.) vynalo\u017eila ve\u0161ker\u00e9 p\u0159im\u011b\u0159en\u00e9 \u00fasil\u00ed, aby zajistila, \u017ee informace na t\u011bchto webov\u00fdch str\u00e1nk\u00e1ch byly v dob\u011b jejich prvn\u00edho zve\u0159ejn\u011bn\u00ed p\u0159esn\u00e9. Neposkytuje se v\u0161ak \u017e\u00e1dn\u00e1 z\u00e1ruka, podm\u00ednka ani prohl\u00e1\u0161en\u00ed, v\u00fdslovn\u00e9 ani implicitn\u00ed, \u017ee informace neobsahuj\u00ed chyby, nep\u0159esnosti nebo opomenut\u00ed. Informace se d\u00e1le mohou zm\u011bnit [&hellip;]<\/p>\n","protected":false},"author":2,"featured_media":0,"parent":0,"menu_order":0,"comment_status":"closed","ping_status":"closed","template":"","meta":{"_acf_changed":false,"om_disable_all_campaigns":false,"footnotes":""},"class_list":["post-146768","page","type-page","status-publish","hentry"],"acf":[],"_links":{"self":[{"href":"https:\/\/www.acrartex.com\/cs\/wp-json\/wp\/v2\/pages\/146768","targetHints":{"allow":["GET"]}}],"collection":[{"href":"https:\/\/www.acrartex.com\/cs\/wp-json\/wp\/v2\/pages"}],"about":[{"href":"https:\/\/www.acrartex.com\/cs\/wp-json\/wp\/v2\/types\/page"}],"author":[{"embeddable":true,"href":"https:\/\/www.acrartex.com\/cs\/wp-json\/wp\/v2\/users\/2"}],"replies":[{"embeddable":true,"href":"https:\/\/www.acrartex.com\/cs\/wp-json\/wp\/v2\/comments?post=146768"}],"version-history":[{"count":2,"href":"https:\/\/www.acrartex.com\/cs\/wp-json\/wp\/v2\/pages\/146768\/revisions"}],"predecessor-version":[{"id":161968,"href":"https:\/\/www.acrartex.com\/cs\/wp-json\/wp\/v2\/pages\/146768\/revisions\/161968"}],"wp:attachment":[{"href":"https:\/\/www.acrartex.com\/cs\/wp-json\/wp\/v2\/media?parent=146768"}],"curies":[{"name":"wp","href":"https:\/\/api.w.org\/{rel}","templated":true}]}}