{"id":146680,"date":"2021-06-08T23:12:50","date_gmt":"2021-06-09T04:12:50","guid":{"rendered":"https:\/\/www.acrartex.com\/registrovat-majak\/"},"modified":"2025-07-07T05:55:34","modified_gmt":"2025-07-07T10:55:34","slug":"registrovat-majak","status":"publish","type":"page","link":"https:\/\/www.acrartex.com\/cs\/registrovat-majak\/","title":{"rendered":"Registrovat maj\u00e1k"},"content":{"rendered":"\n<p>Registrace va\u0161eho 406 MHz EPIRB , Personal Locator Beacon ( PLB ) a Emergency Locator Transmitter ( ELT ) je z\u00e1sadn\u00ed pro maximalizaci jejich \u00fa\u010dinnosti v nouzov\u00fdch situac\u00edch. Registrace zaji\u0161\u0165uje, \u017ee d\u016fle\u017eit\u00e9 informace o v\u00e1s a va\u0161em plavidle nebo osobn\u00ed \u00fadaje budou v p\u0159\u00edpad\u011b nouze snadno dostupn\u00e9 p\u00e1trac\u00edm a z\u00e1chrann\u00fdm org\u00e1n\u016fm. Pat\u0159\u00ed sem kontaktn\u00ed informace, charakteristiky plavidla a nouzov\u00e9 kontakty, co\u017e umo\u017e\u0148uje rychlej\u0161\u00ed a p\u0159esn\u011bj\u0161\u00ed reakci. Registrace nav\u00edc pom\u00e1h\u00e1 p\u0159edch\u00e1zet fale\u0161n\u00fdm poplach\u016fm t\u00edm, \u017ee umo\u017e\u0148uje org\u00e1n\u016fm rychle ov\u011b\u0159it nouzov\u00e9 sign\u00e1ly a stanovit priority reakc\u00ed. Jednoduch\u00fdm krokem registrace va\u0161eho nouzov\u00e9ho maj\u00e1ku v\u00fdrazn\u011b zvy\u0161ujete pravd\u011bpodobnost \u00fasp\u011b\u0161n\u00e9 z\u00e1chrann\u00e9 operace a p\u0159isp\u00edv\u00e1te k celkov\u00e9 bezpe\u010dnosti na mo\u0159i.    <\/p>\n","protected":false},"excerpt":{"rendered":"<p>Registrace va\u0161eho 406 MHz EPIRB , Personal Locator Beacon ( PLB ) a Emergency Locator Transmitter ( ELT ) je z\u00e1sadn\u00ed pro maximalizaci jejich \u00fa\u010dinnosti v nouzov\u00fdch situac\u00edch. Registrace zaji\u0161\u0165uje, \u017ee d\u016fle\u017eit\u00e9 informace o v\u00e1s a va\u0161em plavidle nebo osobn\u00ed \u00fadaje budou v p\u0159\u00edpad\u011b nouze snadno dostupn\u00e9 p\u00e1trac\u00edm a z\u00e1chrann\u00fdm org\u00e1n\u016fm. Pat\u0159\u00ed sem kontaktn\u00ed informace, [&hellip;]<\/p>\n","protected":false},"author":8,"featured_media":0,"parent":0,"menu_order":0,"comment_status":"closed","ping_status":"closed","template":"","meta":{"_acf_changed":false,"om_disable_all_campaigns":false,"footnotes":""},"class_list":["post-146680","page","type-page","status-publish","hentry"],"acf":[],"_links":{"self":[{"href":"https:\/\/www.acrartex.com\/cs\/wp-json\/wp\/v2\/pages\/146680","targetHints":{"allow":["GET"]}}],"collection":[{"href":"https:\/\/www.acrartex.com\/cs\/wp-json\/wp\/v2\/pages"}],"about":[{"href":"https:\/\/www.acrartex.com\/cs\/wp-json\/wp\/v2\/types\/page"}],"author":[{"embeddable":true,"href":"https:\/\/www.acrartex.com\/cs\/wp-json\/wp\/v2\/users\/8"}],"replies":[{"embeddable":true,"href":"https:\/\/www.acrartex.com\/cs\/wp-json\/wp\/v2\/comments?post=146680"}],"version-history":[{"count":1,"href":"https:\/\/www.acrartex.com\/cs\/wp-json\/wp\/v2\/pages\/146680\/revisions"}],"predecessor-version":[{"id":146681,"href":"https:\/\/www.acrartex.com\/cs\/wp-json\/wp\/v2\/pages\/146680\/revisions\/146681"}],"wp:attachment":[{"href":"https:\/\/www.acrartex.com\/cs\/wp-json\/wp\/v2\/media?parent=146680"}],"curies":[{"name":"wp","href":"https:\/\/api.w.org\/{rel}","templated":true}]}}