{"id":146661,"date":"2021-11-11T11:19:29","date_gmt":"2021-11-11T16:19:29","guid":{"rendered":"https:\/\/www.acrartex.com\/406test\/"},"modified":"2026-03-06T09:02:22","modified_gmt":"2026-03-06T14:02:22","slug":"406test","status":"publish","type":"page","link":"https:\/\/www.acrartex.com\/cs\/406test\/","title":{"rendered":"406Test"},"content":{"rendered":"\n<div class=\"wp-block-cover is-light\" style=\"min-height:230px;aspect-ratio:unset;\"><img loading=\"lazy\" decoding=\"async\" width=\"2560\" height=\"933\" class=\"wp-block-cover__image-background wp-image-22643\" alt=\"\" src=\"https:\/\/www.acrartex.com\/wp-content\/uploads\/2021\/08\/406Test-Landing-Page-Banner-2-scaled.jpg\" data-object-fit=\"cover\" srcset=\"https:\/\/www.acrartex.com\/wp-content\/uploads\/2021\/08\/406Test-Landing-Page-Banner-2-scaled.jpg 2560w, https:\/\/www.acrartex.com\/wp-content\/uploads\/2021\/08\/406Test-Landing-Page-Banner-2-300x109.jpg 300w, https:\/\/www.acrartex.com\/wp-content\/uploads\/2021\/08\/406Test-Landing-Page-Banner-2-1024x373.jpg 1024w, https:\/\/www.acrartex.com\/wp-content\/uploads\/2021\/08\/406Test-Landing-Page-Banner-2-768x280.jpg 768w, https:\/\/www.acrartex.com\/wp-content\/uploads\/2021\/08\/406Test-Landing-Page-Banner-2-1536x560.jpg 1536w, https:\/\/www.acrartex.com\/wp-content\/uploads\/2021\/08\/406Test-Landing-Page-Banner-2-2048x747.jpg 2048w, https:\/\/www.acrartex.com\/wp-content\/uploads\/2021\/08\/406Test-Landing-Page-Banner-2-600x219.jpg 600w\" sizes=\"auto, (max-width: 2560px) 100vw, 2560px\" \/><span aria-hidden=\"true\" class=\"wp-block-cover__background has-background-dim-10 has-background-dim\"><\/span><div class=\"wp-block-cover__inner-container is-layout-flow wp-block-cover-is-layout-flow\">\n<div class=\"wp-block-media-text alignwide is-stacked-on-mobile\" style=\"grid-template-columns:26% auto\"><figure class=\"wp-block-media-text__media\"><img loading=\"lazy\" decoding=\"async\" width=\"306\" height=\"336\" src=\"https:\/\/www.acrartex.com\/wp-content\/uploads\/2021\/08\/406Test-Logo-Basic.png\" alt=\"\" class=\"wp-image-22645 size-full\" srcset=\"https:\/\/www.acrartex.com\/wp-content\/uploads\/2021\/08\/406Test-Logo-Basic.png 306w, https:\/\/www.acrartex.com\/wp-content\/uploads\/2021\/08\/406Test-Logo-Basic-273x300.png 273w\" sizes=\"auto, (max-width: 306px) 100vw, 306px\" \/><\/figure><div class=\"wp-block-media-text__content\">\n<p class=\"has-white-color has-text-color has-large-font-size\"><strong>SAMOTEST SATELIT\u016e A SPR\u00c1VA MAJ\u00c1K\u016e<\/strong><\/p>\n<\/div><\/div>\n\n\n\n<div class=\"wp-block-buttons is-horizontal is-content-justification-center is-layout-flex wp-container-core-buttons-is-layout-499968f5 wp-block-buttons-is-layout-flex\">\n<div class=\"wp-block-button has-custom-width wp-block-button__width-50\"><a class=\"wp-block-button__link has-text-color has-background wp-element-button\" href=\"https:\/\/www.acrartex.com\/?post_type=product&amp;p=9901\" style=\"color:#3a3a3a;background:linear-gradient(175deg,rgb(202,248,128) 0%,rgb(207,234,0) 100%)\" rel=\"\"><strong>P\u0158EDPLATIT NYN\u00cd<\/strong><\/a><\/div>\n<\/div>\n<\/div><\/div>\n\n<p class=\"has-vivid-red-color has-text-color has-link-color has-medium-font-size wp-elements-a5935d6611196fc5977e725613caa118\"><strong>POZN\u00c1MKA: SLU\u017dBA P\u0158EDPLATN\u00c9HO 406TEST UVEDEN\u00c1 NA T\u00c9TO STR\u00c1NCE BYLA UKON\u010cENA. BOHU\u017dEL NENAB\u00cdZ\u00cdME \u017d\u00c1DN\u00c1 ALTERNATIVN\u00cd \u0158E\u0160EN\u00cd S PODOBN\u00ddMI MO\u017dNOSTMI. <\/strong><\/p>\n\n<h3 class=\"wp-block-heading\" id=\"h-406test-beacon-testing-reporting-subscription-service-for-elts\"><strong>P\u0159edplatn\u00e9 slu\u017eby testov\u00e1n\u00ed maj\u00e1k\u016f 406Test pro z\u00e1chran\u00e1\u0159e<\/strong><\/h3>\n\n<p>S programem 406Test m\u016f\u017eete testovat sv\u016fj maj\u00e1k p\u0159es satelit pomoc\u00ed testovac\u00ed funkce 406 MHz ELT , abyste splnili po\u017eadavky na ka\u017edoro\u010dn\u00ed kontroly a b\u011bhem po\u010d\u00e1te\u010dn\u00edch instalac\u00ed.<\/p>\n\n<p>N\u00e1\u0161 syst\u00e9m v\u00e1s tak\u00e9 automaticky upozorn\u00ed, kdy je nutn\u00e9 podstoupit ro\u010dn\u00ed prohl\u00eddku va\u0161eho letadla a kdy je \u010das zkontrolovat v\u00e1\u0161 ELT .<\/p>\n\n<p>V sou\u010dasn\u00e9 dob\u011b je nejdra\u017e\u0161\u00ed \u010d\u00e1st\u00ed certifikace ELT 406 MHz po\u010d\u00e1te\u010dn\u00ed n\u00e1klady na ve\u0161ker\u00e9 testovac\u00ed vybaven\u00ed pot\u0159ebn\u00e9 k zaji\u0161t\u011bn\u00ed spr\u00e1vn\u00e9 funkce maj\u00e1ku a ant\u00e9ny. Toto za\u0159\u00edzen\u00ed snadno zvl\u00e1dne provoz za\u0159\u00edzen\u00ed za v\u00edce ne\u017e 5 000 dolar\u016f, kter\u00e9 m\u00e1 b\u00fdt nastaveno pro testov\u00e1n\u00ed ELT 406 MHz, ale dnes u\u017e to tak nen\u00ed. S <em>406Test.com<\/em> je skute\u010dn\u011b nainstalovan\u00fd ELT jedin\u00fdm za\u0159\u00edzen\u00edm, kter\u00e9 pot\u0159ebujete. Jednodu\u0161e prove\u010fte autotest a v p\u0159\u00edpad\u011b \u00fasp\u011b\u0161n\u00e9ho testu obdr\u017e\u00edte okam\u017eit\u00e1 upozorn\u011bn\u00ed na sv\u016fj \u00fa\u010det a vytisknete si certifik\u00e1t.   <\/p>\n\n<div class=\"wp-block-media-text alignwide is-stacked-on-mobile is-vertically-aligned-top\" style=\"grid-template-columns:38% auto\"><figure class=\"wp-block-media-text__media\"><img loading=\"lazy\" decoding=\"async\" width=\"300\" height=\"300\" src=\"https:\/\/www.acrartex.com\/wp-content\/uploads\/2021\/08\/406Test-Mobile-Highlight-1-300x300-1.gif\" alt=\"\" class=\"wp-image-22660 size-full\"\/><\/figure><div class=\"wp-block-media-text__content\">\n<p class=\"has-large-font-size\"><strong>Zku\u0161ebn\u00ed protokoly na dosah ruky<\/strong><\/p>\n\n\n\n<p>S aplikac\u00ed 406Test obdr\u017e\u00edte a m\u016f\u017eete si st\u00e1hnout PDF zpr\u00e1vu o testu beaconu, a to \u017eiv\u011b na sv\u00e9m telefonu, tabletu a\/nebo po\u010d\u00edta\u010di.<\/p>\n<\/div><\/div>\n\n<div class=\"wp-block-media-text alignwide has-media-on-the-right is-stacked-on-mobile is-vertically-aligned-top\" style=\"grid-template-columns:auto 38%\"><div class=\"wp-block-media-text__content\">\n<p class=\"has-large-font-size\"><strong>Pokryt\u00ed cel\u00e9ho kontinentu<\/strong><\/p>\n\n\n\n<p>D\u00edky vyu\u017eit\u00ed na\u0161eho syst\u00e9mu satelitn\u00edho testov\u00e1n\u00ed a online sledov\u00e1n\u00ed zpr\u00e1v nab\u00edz\u00ed 406Test satelitn\u00ed testov\u00e1n\u00ed pouze v Severn\u00ed a Ji\u017en\u00ed Americe.<\/p>\n<\/div><figure class=\"wp-block-media-text__media\"><img loading=\"lazy\" decoding=\"async\" width=\"300\" height=\"300\" src=\"https:\/\/www.acrartex.com\/wp-content\/uploads\/2021\/08\/406Test-Map-Highlight-A2-300x300-1.jpg\" alt=\"\" class=\"wp-image-22662 size-full\" srcset=\"https:\/\/www.acrartex.com\/wp-content\/uploads\/2021\/08\/406Test-Map-Highlight-A2-300x300-1.jpg 300w, https:\/\/www.acrartex.com\/wp-content\/uploads\/2021\/08\/406Test-Map-Highlight-A2-300x300-1-150x150.jpg 150w, https:\/\/www.acrartex.com\/wp-content\/uploads\/2021\/08\/406Test-Map-Highlight-A2-300x300-1-100x100.jpg 100w\" sizes=\"auto, (max-width: 300px) 100vw, 300px\" \/><\/figure><\/div>\n\n<div class=\"wp-block-media-text alignwide is-stacked-on-mobile is-vertically-aligned-top\" style=\"grid-template-columns:38% auto\"><figure class=\"wp-block-media-text__media\"><img loading=\"lazy\" decoding=\"async\" width=\"300\" height=\"300\" src=\"https:\/\/www.acrartex.com\/wp-content\/uploads\/2021\/08\/406Test_-_ELT_Test_Sample_2_-_300x300.jpg\" alt=\"\" class=\"wp-image-22664 size-full\" srcset=\"https:\/\/www.acrartex.com\/wp-content\/uploads\/2021\/08\/406Test_-_ELT_Test_Sample_2_-_300x300.jpg 300w, https:\/\/www.acrartex.com\/wp-content\/uploads\/2021\/08\/406Test_-_ELT_Test_Sample_2_-_300x300-150x150.jpg 150w, https:\/\/www.acrartex.com\/wp-content\/uploads\/2021\/08\/406Test_-_ELT_Test_Sample_2_-_300x300-100x100.jpg 100w\" sizes=\"auto, (max-width: 300px) 100vw, 300px\" \/><\/figure><div class=\"wp-block-media-text__content\">\n<p class=\"has-large-font-size\"><strong>Zpr\u00e1va o testu ELT<\/strong><\/p>\n\n\n\n<p>Spln\u011bn\u00ed po\u017eadavk\u016f p\u0159i po\u010d\u00e1te\u010dn\u00ed instalaci a ro\u010dn\u00edch kontrol\u00e1ch poskytov\u00e1n\u00edm aktu\u00e1ln\u00edch protokol\u016f o zkou\u0161k\u00e1ch, kter\u00e9 lze exportovat nebo vytisknout.<\/p>\n<\/div><\/div>\n\n<div class=\"wp-block-buttons is-horizontal is-content-justification-center is-layout-flex wp-container-core-buttons-is-layout-499968f5 wp-block-buttons-is-layout-flex\">\n<div class=\"wp-block-button has-custom-width wp-block-button__width-50 is-style-fill\"><a class=\"wp-block-button__link has-text-color has-background wp-element-button\" style=\"color:#3a3a3a;background:linear-gradient(180deg,rgb(202,248,128) 0%,rgb(207,234,0) 100%)\"><strong>St\u00e1hnout vzor zku\u0161ebn\u00edho protokolu<\/strong><\/a><\/div>\n<\/div>\n\n<div class=\"wp-block-media-text alignwide has-media-on-the-right is-stacked-on-mobile\" style=\"grid-template-columns:auto 69%\"><div class=\"wp-block-media-text__content\"><div class=\"wp-block-image\">\n<figure class=\"aligncenter size-large is-resized\"><a href=\"https:\/\/www.acrartex.com\/wp-content\/uploads\/2021\/08\/406Test-Logo-Basic.png\"><img loading=\"lazy\" decoding=\"async\" width=\"306\" height=\"336\" src=\"https:\/\/www.acrartex.com\/wp-content\/uploads\/2021\/08\/406Test-Logo-Basic.png\" alt=\"\" class=\"wp-image-22645\" style=\"width:157px;height:173px\" srcset=\"https:\/\/www.acrartex.com\/wp-content\/uploads\/2021\/08\/406Test-Logo-Basic.png 306w, https:\/\/www.acrartex.com\/wp-content\/uploads\/2021\/08\/406Test-Logo-Basic-273x300.png 273w\" sizes=\"auto, (max-width: 306px) 100vw, 306px\" \/><\/a><\/figure>\n<\/div>\n\n\n<p class=\"has-medium-font-size\"><strong>406Test Online testov\u00e1n\u00ed maj\u00e1k\u016f<\/strong><\/p>\n\n\n\n<p class=\"has-normal-font-size\">Efektivn\u00ed a cenov\u011b dostupn\u00e9 testovac\u00ed \u0159e\u0161en\u00ed. Kompatibiln\u00ed se v\u0161emi ELT a PLB ARTEX 406MHz. <\/p>\n<\/div><figure class=\"wp-block-media-text__media\"><img loading=\"lazy\" decoding=\"async\" width=\"969\" height=\"530\" src=\"https:\/\/www.acrartex.com\/wp-content\/uploads\/2021\/08\/406Test-Feature-Image.gif\" alt=\"\" class=\"wp-image-22667 size-full\"\/><\/figure><\/div>\n","protected":false},"excerpt":{"rendered":"<p>POZN\u00c1MKA: SLU\u017dBA P\u0158EDPLATN\u00c9HO 406TEST UVEDEN\u00c1 NA T\u00c9TO STR\u00c1NCE BYLA UKON\u010cENA. BOHU\u017dEL NENAB\u00cdZ\u00cdME \u017d\u00c1DN\u00c1 ALTERNATIVN\u00cd \u0158E\u0160EN\u00cd S PODOBN\u00ddMI MO\u017dNOSTMI. P\u0159edplatn\u00e9 slu\u017eby testov\u00e1n\u00ed maj\u00e1k\u016f 406Test pro z\u00e1chran\u00e1\u0159e S programem 406Test m\u016f\u017eete testovat sv\u016fj maj\u00e1k p\u0159es satelit pomoc\u00ed testovac\u00ed funkce 406 MHz ELT , abyste splnili po\u017eadavky na ka\u017edoro\u010dn\u00ed kontroly a b\u011bhem po\u010d\u00e1te\u010dn\u00edch instalac\u00ed. N\u00e1\u0161 syst\u00e9m v\u00e1s tak\u00e9 [&hellip;]<\/p>\n","protected":false},"author":22,"featured_media":146663,"parent":0,"menu_order":0,"comment_status":"closed","ping_status":"closed","template":"","meta":{"_acf_changed":false,"om_disable_all_campaigns":false,"footnotes":""},"class_list":["post-146661","page","type-page","status-publish","has-post-thumbnail","hentry"],"acf":[],"_links":{"self":[{"href":"https:\/\/www.acrartex.com\/cs\/wp-json\/wp\/v2\/pages\/146661","targetHints":{"allow":["GET"]}}],"collection":[{"href":"https:\/\/www.acrartex.com\/cs\/wp-json\/wp\/v2\/pages"}],"about":[{"href":"https:\/\/www.acrartex.com\/cs\/wp-json\/wp\/v2\/types\/page"}],"author":[{"embeddable":true,"href":"https:\/\/www.acrartex.com\/cs\/wp-json\/wp\/v2\/users\/22"}],"replies":[{"embeddable":true,"href":"https:\/\/www.acrartex.com\/cs\/wp-json\/wp\/v2\/comments?post=146661"}],"version-history":[{"count":2,"href":"https:\/\/www.acrartex.com\/cs\/wp-json\/wp\/v2\/pages\/146661\/revisions"}],"predecessor-version":[{"id":166519,"href":"https:\/\/www.acrartex.com\/cs\/wp-json\/wp\/v2\/pages\/146661\/revisions\/166519"}],"wp:featuredmedia":[{"embeddable":true,"href":"https:\/\/www.acrartex.com\/cs\/wp-json\/wp\/v2\/media\/146663"}],"wp:attachment":[{"href":"https:\/\/www.acrartex.com\/cs\/wp-json\/wp\/v2\/media?parent=146661"}],"curies":[{"name":"wp","href":"https:\/\/api.w.org\/{rel}","templated":true}]}}