{"id":146446,"date":"2021-11-11T11:07:00","date_gmt":"2021-11-11T16:07:00","guid":{"rendered":"https:\/\/www.acrartex.com\/programovani-aislink-mob\/"},"modified":"2025-07-07T05:44:58","modified_gmt":"2025-07-07T10:44:58","slug":"programovani-aislink-mob","status":"publish","type":"page","link":"https:\/\/www.acrartex.com\/cs\/programovani-aislink-mob\/","title":{"rendered":"Programov\u00e1n\u00ed AISLink MOB"},"content":{"rendered":"\n<p>Tato str\u00e1nka nab\u00edz\u00ed soubory ke sta\u017een\u00ed.<\/p>\n\n<p><\/p>\n\n<p>Pro instalaci programu do po\u010d\u00edta\u010de se syst\u00e9mem Windows pou\u017eijte n\u00ed\u017ee uveden\u00fd odkaz ke sta\u017een\u00ed, nebo alternativn\u011b pou\u017eijte n\u00ed\u017ee uveden\u00fd odkaz Spustit a spus\u0165te aplikaci jako webovou str\u00e1nku na po\u010d\u00edta\u010d\u00edch, tabletech nebo telefonech.<\/p>\n\n<p>POZN\u00c1MKA: Pokud m\u00e1te pot\u00ed\u017ee s programov\u00e1n\u00edm AISLink MOB , pod\u00edvejte se na pr\u016fvodce \u0159e\u0161en\u00edm probl\u00e9m\u016f, ke kter\u00e9mu se dostanete z \u00favodn\u00ed str\u00e1nky programu stisknut\u00edm kl\u00e1vesy F1 ve stahovateln\u00e9m softwaru nebo kliknut\u00edm na \u201eN\u00e1pov\u011bda\u201c ve webov\u00e9m softwaru. Nej\u010dast\u011bj\u0161\u00edm d\u016fvodem, pro\u010d se AISLink MOB neda\u0159\u00ed naprogramovat, je jas obrazovky. Ujist\u011bte se, \u017ee je jas obrazovky nastaven na maxim\u00e1ln\u00ed jas pomoc\u00ed kl\u00e1ves na kl\u00e1vesnici notebooku nebo monitoru.  <\/p>\n\n<p>N\u00ed\u017ee dostupn\u00e1 verze softwaru ke sta\u017een\u00ed nebo webov\u00e1 verze je specifick\u00e1 pro povolen\u00e9 funkce DSC v zemi, ze kter\u00e9 k t\u00e9to webov\u00e9 str\u00e1nce p\u0159istupujete.<\/p>\n\n<p><\/p>\n\n<h3 class=\"wp-block-heading\" id=\"h-downloadable-pc-software\">STA\u017dEN\u00cd SOFTWARE PRO PO\u010c\u00cdTA\u010c<a href=\"https:\/\/www.acrartex.com\/zone1-pc-software.zip\"><\/a><\/h3>\n\n<div class=\"wp-block-buttons is-layout-flex wp-block-buttons-is-layout-flex\">\n<div class=\"wp-block-button\"><a class=\"wp-block-button__link has-black-color has-text-color has-background\" href=\"https:\/\/www.dropbox.com\/s\/fo2qcyw0rx2l7ss\/zone1-pc-software.zip?dl=1\" style=\"background-color:#defa00\">St\u00e1hnout programovac\u00ed software (z\u00f3na 1)<\/a><\/div>\n<\/div>\n\n<h3 class=\"wp-block-heading\">SPU\u0160T\u011aN\u00cd WEBOV\u00c9HO PROGRAMOVAC\u00cdHO SOFTWARU<\/h3>\n\n<div class=\"wp-block-buttons is-layout-flex wp-block-buttons-is-layout-flex\">\n<div class=\"wp-block-button\"><a class=\"wp-block-button__link has-black-color has-text-color has-background\" href=\"https:\/\/old.acrartex.com\/support\/configure-aislink-mob\/program\" style=\"background-color:#defa00\">Spu\u0161t\u011bn\u00ed softwaru pro webov\u00e9 programov\u00e1n\u00ed (z\u00f3na 1)<\/a><\/div>\n<\/div>\n\n<p><a href=\"https:\/\/www.acrartex.com\/support\/configure-aislink-mob\/program\"><\/a><\/p>\n","protected":false},"excerpt":{"rendered":"<p>Tato str\u00e1nka nab\u00edz\u00ed soubory ke sta\u017een\u00ed. Pro instalaci programu do po\u010d\u00edta\u010de se syst\u00e9mem Windows pou\u017eijte n\u00ed\u017ee uveden\u00fd odkaz ke sta\u017een\u00ed, nebo alternativn\u011b pou\u017eijte n\u00ed\u017ee uveden\u00fd odkaz Spustit a spus\u0165te aplikaci jako webovou str\u00e1nku na po\u010d\u00edta\u010d\u00edch, tabletech nebo telefonech. POZN\u00c1MKA: Pokud m\u00e1te pot\u00ed\u017ee s programov\u00e1n\u00edm AISLink MOB , pod\u00edvejte se na pr\u016fvodce \u0159e\u0161en\u00edm probl\u00e9m\u016f, ke kter\u00e9mu [&hellip;]<\/p>\n","protected":false},"author":22,"featured_media":0,"parent":0,"menu_order":0,"comment_status":"closed","ping_status":"closed","template":"","meta":{"_acf_changed":false,"om_disable_all_campaigns":false,"footnotes":""},"class_list":["post-146446","page","type-page","status-publish","hentry"],"acf":[],"_links":{"self":[{"href":"https:\/\/www.acrartex.com\/cs\/wp-json\/wp\/v2\/pages\/146446","targetHints":{"allow":["GET"]}}],"collection":[{"href":"https:\/\/www.acrartex.com\/cs\/wp-json\/wp\/v2\/pages"}],"about":[{"href":"https:\/\/www.acrartex.com\/cs\/wp-json\/wp\/v2\/types\/page"}],"author":[{"embeddable":true,"href":"https:\/\/www.acrartex.com\/cs\/wp-json\/wp\/v2\/users\/22"}],"replies":[{"embeddable":true,"href":"https:\/\/www.acrartex.com\/cs\/wp-json\/wp\/v2\/comments?post=146446"}],"version-history":[{"count":1,"href":"https:\/\/www.acrartex.com\/cs\/wp-json\/wp\/v2\/pages\/146446\/revisions"}],"predecessor-version":[{"id":146451,"href":"https:\/\/www.acrartex.com\/cs\/wp-json\/wp\/v2\/pages\/146446\/revisions\/146451"}],"wp:attachment":[{"href":"https:\/\/www.acrartex.com\/cs\/wp-json\/wp\/v2\/media?parent=146446"}],"curies":[{"name":"wp","href":"https:\/\/api.w.org\/{rel}","templated":true}]}}