{"id":146422,"date":"2021-11-18T17:04:57","date_gmt":"2021-11-18T22:04:57","guid":{"rendered":"https:\/\/www.acrartex.com\/zapojte-se-nyni-a-ziskejte-sanci-vyhrat\/"},"modified":"2025-07-13T23:57:06","modified_gmt":"2025-07-14T04:57:06","slug":"zapojte-se-nyni-a-ziskejte-sanci-vyhrat","status":"publish","type":"page","link":"https:\/\/www.acrartex.com\/cs\/zapojte-se-nyni-a-ziskejte-sanci-vyhrat\/","title":{"rendered":"Zapojte se nyn\u00ed a z\u00edskejte \u0161anci vyhr\u00e1t"},"content":{"rendered":"<div class=\"wp-block-image\">\n<figure class=\"aligncenter size-full is-resized\"><img loading=\"lazy\" decoding=\"async\" width=\"1000\" height=\"350\" src=\"https:\/\/www.acrartex.com\/wp-content\/uploads\/2025\/07\/April-2025-Giveaway-1.jpg\" alt=\"\" class=\"wp-image-161032\" style=\"width:836px;height:auto\" srcset=\"https:\/\/www.acrartex.com\/wp-content\/uploads\/2025\/07\/April-2025-Giveaway-1.jpg 1000w, https:\/\/www.acrartex.com\/wp-content\/uploads\/2025\/07\/April-2025-Giveaway-1-300x105.jpg 300w, https:\/\/www.acrartex.com\/wp-content\/uploads\/2025\/07\/April-2025-Giveaway-1-768x269.jpg 768w, https:\/\/www.acrartex.com\/wp-content\/uploads\/2025\/07\/April-2025-Giveaway-1-60x21.jpg 60w, https:\/\/www.acrartex.com\/wp-content\/uploads\/2025\/07\/April-2025-Giveaway-1-110x39.jpg 110w, https:\/\/www.acrartex.com\/wp-content\/uploads\/2025\/07\/April-2025-Giveaway-1-600x210.jpg 600w\" sizes=\"auto, (max-width: 1000px) 100vw, 1000px\" \/><\/figure>\n<\/div>\n\n\n    <div class=\"iframe-container\" id=\"iframeWrapper\"><\/div>\n\n    <script>\n        \/\/ Create an iframe element\n        function createIframe() {\n            let iframe = document.createElement(\"iframe\");\n            iframe.src = \"https:\/\/app.viralsweep.com\/sweeps\/full\/ff4620-210250?framed=1\";\n            iframe.allowFullscreen = true;\n            iframe.style.width = \"100%\";\n            iframe.style.height = \"1250px\";\n            iframe.style.border = \"none\";\n\n            \/\/ Append to the container\n            document.getElementById(\"iframeWrapper\").appendChild(iframe);\n        }\n\n        \/\/ Call the function to load the iframe\n        createIframe();\n    <\/script>\n\n\n","protected":false},"excerpt":{"rendered":"","protected":false},"author":5,"featured_media":0,"parent":0,"menu_order":0,"comment_status":"closed","ping_status":"closed","template":"","meta":{"_acf_changed":false,"om_disable_all_campaigns":false,"footnotes":""},"class_list":["post-146422","page","type-page","status-publish","hentry"],"acf":[],"_links":{"self":[{"href":"https:\/\/www.acrartex.com\/cs\/wp-json\/wp\/v2\/pages\/146422","targetHints":{"allow":["GET"]}}],"collection":[{"href":"https:\/\/www.acrartex.com\/cs\/wp-json\/wp\/v2\/pages"}],"about":[{"href":"https:\/\/www.acrartex.com\/cs\/wp-json\/wp\/v2\/types\/page"}],"author":[{"embeddable":true,"href":"https:\/\/www.acrartex.com\/cs\/wp-json\/wp\/v2\/users\/5"}],"replies":[{"embeddable":true,"href":"https:\/\/www.acrartex.com\/cs\/wp-json\/wp\/v2\/comments?post=146422"}],"version-history":[{"count":3,"href":"https:\/\/www.acrartex.com\/cs\/wp-json\/wp\/v2\/pages\/146422\/revisions"}],"predecessor-version":[{"id":161045,"href":"https:\/\/www.acrartex.com\/cs\/wp-json\/wp\/v2\/pages\/146422\/revisions\/161045"}],"wp:attachment":[{"href":"https:\/\/www.acrartex.com\/cs\/wp-json\/wp\/v2\/media?parent=146422"}],"curies":[{"name":"wp","href":"https:\/\/api.w.org\/{rel}","templated":true}]}}