{"id":145338,"date":"2022-02-23T14:22:43","date_gmt":"2022-02-23T19:22:43","guid":{"rendered":"https:\/\/www.acrartex.com\/jak-funguje-zachrana-pomoci-epirb-plb-nebo-elt\/"},"modified":"2025-07-07T05:37:55","modified_gmt":"2025-07-07T10:37:55","slug":"jak-funguje-zachrana-pomoci-epirb-plb-nebo-elt","status":"publish","type":"page","link":"https:\/\/www.acrartex.com\/cs\/jak-funguje-zachrana-pomoci-epirb-plb-nebo-elt\/","title":{"rendered":"Jak funguje z\u00e1chrana pomoc\u00ed EPIRB , PLB nebo ELT"},"content":{"rendered":"\n<p>Existuj\u00ed t\u0159i typy maj\u00e1k\u016f, kter\u00e9 pracuj\u00ed p\u0159\u00edmo s mezin\u00e1rodn\u00edm p\u00e1trac\u00edm a z\u00e1chrann\u00fdm satelitn\u00edm syst\u00e9mem zn\u00e1m\u00fdm jako <a href=\"https:\/\/www.cospas-sarsat.int\/en\/\">Cospas-Sarsat<\/a> , p\u0159i\u010dem\u017e ka\u017ed\u00fd z nich je jedine\u010dn\u011b navr\u017een pro dan\u00fd typ aplikace: nouzov\u00e9 vys\u00edla\u010de polohy ( <a href=\"https:\/\/www.acrartex.com\/product-category\/aviation\/\">ELT<\/a> ) pou\u017e\u00edvan\u00e9 leteckou komunitou, nouzov\u00e9 r\u00e1diomaj\u00e1ky indikuj\u00edc\u00ed polohu ( <a href=\"https:\/\/www.acrartex.com\/products\/globalfix-v4-epirb-emergency-positioning-indicading-radio-beacon\/\">EPIRB<\/a> ) pou\u017e\u00edvan\u00e9 v n\u00e1mo\u0159n\u00edm prost\u0159ed\u00ed a osobn\u00ed loka\u010dn\u00ed maj\u00e1ky ( <a href=\"https:\/\/www.acrartex.com\/products\/resqlink-400\/\">PLB<\/a> ) pou\u017e\u00edvan\u00e9 jednotlivci p\u0159i r\u016fzn\u00fdch outdoorov\u00fdch aktivit\u00e1ch.<\/p>\n\n<p>Po aktivaci vys\u00edlaj\u00ed ELT, EPIRB a PLB jedine\u010dn\u00fd nouzov\u00fd sign\u00e1l na frekvenci 406 MHz do p\u00e1trac\u00edch a z\u00e1chrann\u00fdch satelit\u016f. Ka\u017ed\u00fd maj\u00e1k je naprogramov\u00e1n a vys\u00edl\u00e1 jedine\u010dn\u00fd digit\u00e1ln\u00ed k\u00f3d zvan\u00fd HEX ID neboli jedine\u010dn\u00e9 ID. HEX ID identifikuje typ maj\u00e1ku a p\u00e1trac\u00ed a z\u00e1chrann\u00e9 slu\u017eby pou\u017e\u00edvaj\u00ed HEX ID k identifikaci registra\u010dn\u00edch informac\u00ed o maj\u00e1ku poskytnut\u00fdch vlastn\u00edkem maj\u00e1ku. Tyto informace mohou zahrnovat: kdo je vlastn\u00edkem maj\u00e1ku, typ letadla nebo plavidla, ke kter\u00e9mu je maj\u00e1k p\u0159idru\u017een (v p\u0159\u00edpad\u011b ELT a EPIRB), kontaktn\u00ed body pro p\u0159\u00edpad nouze, letov\u00e9 pl\u00e1ny, pl\u00e1ny plavby a cesty a mnoho dal\u0161\u00edho.     <\/p>\n\n<p>Pot\u00e9, co satelit p\u0159ijme sign\u00e1l z maj\u00e1ku, p\u0159ed\u00e1 jej pozemn\u00edm stanic\u00edm, kter\u00e9 se ozna\u010duj\u00ed jako lok\u00e1ln\u00ed u\u017eivatelsk\u00e9 termin\u00e1ly (LUT). LUT zpracuje data, vypo\u010d\u00edt\u00e1 polohu nouzov\u00e9ho maj\u00e1ku a ode\u0161le dek\u00f3dovanou v\u00fdstra\u017enou zpr\u00e1vu do p\u0159idru\u017een\u00e9ho n\u00e1rodn\u00edho \u0159\u00eddic\u00edho st\u0159ediska mise (MCC). To se d\u011bje t\u00e9m\u011b\u0159 okam\u017eit\u011b po p\u0159ijet\u00ed po\u010d\u00e1te\u010dn\u00edho sign\u00e1lu z maj\u00e1ku.  <\/p>\n\n<p>\u0158\u00eddic\u00ed centrum misie pot\u00e9 automaticky prov\u00e1d\u00ed porovn\u00e1v\u00e1n\u00ed a slu\u010dov\u00e1n\u00ed v\u00fdstra\u017en\u00fdch zpr\u00e1v s ostatn\u00edmi p\u0159ijat\u00fdmi zpr\u00e1vami, geograficky t\u0159\u00edd\u00ed data a odes\u00edl\u00e1 t\u00eds\u0148ovou zpr\u00e1vu nejbli\u017e\u0161\u00edmu p\u0159\u00edslu\u0161n\u00e9mu org\u00e1nu SAR, jako je nap\u0159\u00edklad n\u00e1rodn\u00ed z\u00e1chrann\u00e9 koordina\u010dn\u00ed centrum (RCC), zahrani\u010dn\u00ed kontaktn\u00ed m\u00edsto SAR (SPOC) a dal\u0161\u00ed MCC, pokud je maj\u00e1k nap\u0159\u00edklad registrov\u00e1n v jin\u00e9 zemi. RCC pro\u0161et\u0159\u00ed varov\u00e1n\u00ed o maj\u00e1ku a pokud je t\u00eds\u0148ov\u00e1 situace pova\u017eov\u00e1na za skute\u010dnou, vy\u0161le z\u00e1chrann\u00e9 prost\u0159edky k nalezen\u00ed stran v t\u00edsni. To se m\u016f\u017ee st\u00e1t mnohem rychleji, pokud je maj\u00e1k \u0159\u00e1dn\u011b zaregistrov\u00e1n.  <\/p>\n\n<figure class=\"wp-block-video aligncenter\"><video height=\"1080\" style=\"aspect-ratio: 1920 \/ 1080;\" width=\"1920\" autoplay=\"\" loop=\"\" muted=\"\" src=\"https:\/\/www.acrartex.com\/wp-content\/uploads\/2022\/02\/ACR-How-Does-it-Work-15-sec.mp4\" playsinline=\"\"><\/video><\/figure>\n\n<h2 class=\"wp-block-heading\" id=\"h-rescue-overview\">P\u0159ehled z\u00e1chrany<\/h2>\n\n<ol class=\"wp-block-list\"><li>T\u00eds\u0148ov\u00e9 vol\u00e1n\u00ed 406 MHz je aktivov\u00e1no<\/li><li>Satelity pro p\u00e1tr\u00e1n\u00ed a z\u00e1chranu (SAR) p\u0159ed\u00e1vaj\u00ed t\u00eds\u0148ov\u00fd sign\u00e1l na Zemi pozemn\u00edm stanic\u00edm naz\u00fdvan\u00fdm lok\u00e1ln\u00ed u\u017eivatelsk\u00e9 termin\u00e1ly (LUT).<\/li><li>Pozemn\u00ed stanice p\u0159epos\u00edlaj\u00ed t\u00eds\u0148ov\u00e9 zpr\u00e1vy do \u0159\u00eddic\u00edch center mise (MCC)<\/li><li>MCC upozorn\u00ed nejbli\u017e\u0161\u00ed z\u00e1chrann\u00e1 koordina\u010dn\u00ed centra (RCC)<\/li><li>Centrum pro z\u00e1chrann\u00e9 akce (RCC) vol\u00e1 kontaktn\u00ed osoby pro p\u0159\u00edpad nouze a vys\u00edl\u00e1 nejbli\u017e\u0161\u00ed z\u00e1chrann\u00e9 t\u00fdmy.<\/li><li>Na m\u00edsto dorazily z\u00e1chrann\u00e9 t\u00fdmy a zachr\u00e1nily p\u0159e\u017eiv\u0161\u00ed.<\/li><\/ol>\n\n<h2 class=\"wp-block-heading\" id=\"h-lives-saved-since-1982\">Zachr\u00e1n\u011bn\u00e9 \u017eivoty od roku 1982<\/h2>\n\n<ul class=\"wp-block-list\"><li>Celosv\u011btov\u011b \u2013 Zachr\u00e1n\u011bno <strong>v\u00edce ne\u017e 48 000<\/strong> lid\u00ed<\/li><li>Spojen\u00e9 st\u00e1ty \u2013 <strong>9 753<\/strong> zachr\u00e1n\u011bn\u00fdch lid\u00ed<\/li><\/ul>\n\n<figure class=\"wp-block-embed is-type-video is-provider-youtube wp-block-embed-youtube wp-embed-aspect-16-9 wp-has-aspect-ratio\"><div class=\"wp-block-embed__wrapper\">\n<iframe loading=\"lazy\" title=\"Cospas-Sarsat - How it Works\" width=\"500\" height=\"281\" src=\"https:\/\/www.youtube.com\/embed\/8jHOvWZTNjI?start=3&#038;feature=oembed\" frameborder=\"0\" allow=\"accelerometer; autoplay; clipboard-write; encrypted-media; gyroscope; picture-in-picture; web-share\" referrerpolicy=\"strict-origin-when-cross-origin\" allowfullscreen><\/iframe>\n<\/div><\/figure>\n\n<p><\/p>\n","protected":false},"excerpt":{"rendered":"<p>Existuj\u00ed t\u0159i typy maj\u00e1k\u016f, kter\u00e9 pracuj\u00ed p\u0159\u00edmo s mezin\u00e1rodn\u00edm p\u00e1trac\u00edm a z\u00e1chrann\u00fdm satelitn\u00edm syst\u00e9mem zn\u00e1m\u00fdm jako Cospas-Sarsat , p\u0159i\u010dem\u017e ka\u017ed\u00fd z nich je jedine\u010dn\u011b navr\u017een pro dan\u00fd typ aplikace: nouzov\u00e9 vys\u00edla\u010de polohy ( ELT ) pou\u017e\u00edvan\u00e9 leteckou komunitou, nouzov\u00e9 r\u00e1diomaj\u00e1ky indikuj\u00edc\u00ed polohu ( EPIRB ) pou\u017e\u00edvan\u00e9 v n\u00e1mo\u0159n\u00edm prost\u0159ed\u00ed a osobn\u00ed loka\u010dn\u00ed maj\u00e1ky ( PLB [&hellip;]<\/p>\n","protected":false},"author":5,"featured_media":0,"parent":0,"menu_order":0,"comment_status":"closed","ping_status":"closed","template":"","meta":{"_acf_changed":false,"om_disable_all_campaigns":false,"footnotes":""},"class_list":["post-145338","page","type-page","status-publish","hentry"],"acf":[],"_links":{"self":[{"href":"https:\/\/www.acrartex.com\/cs\/wp-json\/wp\/v2\/pages\/145338","targetHints":{"allow":["GET"]}}],"collection":[{"href":"https:\/\/www.acrartex.com\/cs\/wp-json\/wp\/v2\/pages"}],"about":[{"href":"https:\/\/www.acrartex.com\/cs\/wp-json\/wp\/v2\/types\/page"}],"author":[{"embeddable":true,"href":"https:\/\/www.acrartex.com\/cs\/wp-json\/wp\/v2\/users\/5"}],"replies":[{"embeddable":true,"href":"https:\/\/www.acrartex.com\/cs\/wp-json\/wp\/v2\/comments?post=145338"}],"version-history":[{"count":1,"href":"https:\/\/www.acrartex.com\/cs\/wp-json\/wp\/v2\/pages\/145338\/revisions"}],"predecessor-version":[{"id":145340,"href":"https:\/\/www.acrartex.com\/cs\/wp-json\/wp\/v2\/pages\/145338\/revisions\/145340"}],"wp:attachment":[{"href":"https:\/\/www.acrartex.com\/cs\/wp-json\/wp\/v2\/media?parent=145338"}],"curies":[{"name":"wp","href":"https:\/\/api.w.org\/{rel}","templated":true}]}}