{"id":144892,"date":"2022-11-04T14:55:18","date_gmt":"2022-11-04T19:55:18","guid":{"rendered":"https:\/\/www.acrartex.com\/olas-core\/"},"modified":"2025-07-07T05:32:51","modified_gmt":"2025-07-07T10:32:51","slug":"olas-core","status":"publish","type":"page","link":"https:\/\/www.acrartex.com\/cs\/olas-core\/","title":{"rendered":"OLAS CORE"},"content":{"rendered":"\n<div class=\"wp-block-image\"><figure class=\"aligncenter size-full is-resized\"><a href=\"https:\/\/www.acrartex.com\/wp-content\/uploads\/2022\/11\/OLAS-CORE-Animated-Text.gif\"><img loading=\"lazy\" decoding=\"async\" src=\"https:\/\/www.acrartex.com\/wp-content\/uploads\/2022\/11\/OLAS-CORE-Animated-Text.gif\" alt=\"\" class=\"wp-image-33505\" width=\"470\" height=\"130\"\/><\/a><\/figure><\/div>\n\n<p class=\"has-text-align-center\"><meta charset=\"utf-8\"\/>Pokud se v\u00e1m PDF soubor nezobrazuje, <a href=\"https:\/\/www.acrartex.com\/wp-content\/uploads\/2022\/11\/ACRUG19.3-Y1-03-0392-Rev-B-Digital.pdf\">klikn\u011bte pros\u00edm sem<\/a> .<\/p>\n\n<title>Stru\u010dn\u00fd pr\u016fvodce<\/title>\n  \n  \n    <h1>Stru\u010dn\u00fd pr\u016fvodce OLAS CORE<\/h1>\n    <iframe loading=\"lazy\" src=\"https:\/\/www.acrartex.com\/wp-content\/uploads\/2022\/11\/ACRUG19.3-Y1-03-0392-Rev-B-Digital.pdf\" width=\"100%\" height=\"1000\">\n    <\/iframe>\n","protected":false},"excerpt":{"rendered":"<p>Pokud se v\u00e1m PDF soubor nezobrazuje, klikn\u011bte pros\u00edm sem . Stru\u010dn\u00fd pr\u016fvodce Stru\u010dn\u00fd pr\u016fvodce OLAS CORE<\/p>\n","protected":false},"author":22,"featured_media":0,"parent":0,"menu_order":0,"comment_status":"closed","ping_status":"closed","template":"","meta":{"_acf_changed":false,"om_disable_all_campaigns":false,"footnotes":""},"class_list":["post-144892","page","type-page","status-publish","hentry"],"acf":[],"_links":{"self":[{"href":"https:\/\/www.acrartex.com\/cs\/wp-json\/wp\/v2\/pages\/144892","targetHints":{"allow":["GET"]}}],"collection":[{"href":"https:\/\/www.acrartex.com\/cs\/wp-json\/wp\/v2\/pages"}],"about":[{"href":"https:\/\/www.acrartex.com\/cs\/wp-json\/wp\/v2\/types\/page"}],"author":[{"embeddable":true,"href":"https:\/\/www.acrartex.com\/cs\/wp-json\/wp\/v2\/users\/22"}],"replies":[{"embeddable":true,"href":"https:\/\/www.acrartex.com\/cs\/wp-json\/wp\/v2\/comments?post=144892"}],"version-history":[{"count":1,"href":"https:\/\/www.acrartex.com\/cs\/wp-json\/wp\/v2\/pages\/144892\/revisions"}],"predecessor-version":[{"id":144898,"href":"https:\/\/www.acrartex.com\/cs\/wp-json\/wp\/v2\/pages\/144892\/revisions\/144898"}],"wp:attachment":[{"href":"https:\/\/www.acrartex.com\/cs\/wp-json\/wp\/v2\/media?parent=144892"}],"curies":[{"name":"wp","href":"https:\/\/api.w.org\/{rel}","templated":true}]}}