{"id":144840,"date":"2023-02-06T17:04:47","date_gmt":"2023-02-06T22:04:47","guid":{"rendered":"https:\/\/www.acrartex.com\/nove-epirby-globalfix\/"},"modified":"2025-09-08T15:51:22","modified_gmt":"2025-09-08T20:51:22","slug":"nove-epirby-globalfix","status":"publish","type":"page","link":"https:\/\/www.acrartex.com\/cs\/nove-epirby-globalfix\/","title":{"rendered":"Nov\u00e1 \u0159ada EPIRB\u016f GlobalFix od spole\u010dnosti ACR Electronics, Inc."},"content":{"rendered":"\n<figure class=\"wp-block-image size-large\"><a href=\"https:\/\/www.acrartex.com\/wp-content\/uploads\/2022\/11\/ACR-GlobalFix-LP-Header.jpg\"><img loading=\"lazy\" decoding=\"async\" width=\"1024\" height=\"871\" src=\"https:\/\/www.acrartex.com\/wp-content\/uploads\/2022\/11\/ACR-GlobalFix-LP-Header-1024x871.jpg\" alt=\"\" class=\"wp-image-33591\" srcset=\"https:\/\/www.acrartex.com\/wp-content\/uploads\/2022\/11\/ACR-GlobalFix-LP-Header-1024x871.jpg 1024w, https:\/\/www.acrartex.com\/wp-content\/uploads\/2022\/11\/ACR-GlobalFix-LP-Header-300x255.jpg 300w, https:\/\/www.acrartex.com\/wp-content\/uploads\/2022\/11\/ACR-GlobalFix-LP-Header-768x654.jpg 768w, https:\/\/www.acrartex.com\/wp-content\/uploads\/2022\/11\/ACR-GlobalFix-LP-Header-1536x1307.jpg 1536w, https:\/\/www.acrartex.com\/wp-content\/uploads\/2022\/11\/ACR-GlobalFix-LP-Header-600x511.jpg 600w, https:\/\/www.acrartex.com\/wp-content\/uploads\/2022\/11\/ACR-GlobalFix-LP-Header.jpg 2000w\" sizes=\"auto, (max-width: 1024px) 100vw, 1024px\" \/><\/a><\/figure>\n<figure class=\"wp-block-image aligncenter size-full is-resized\"><\/figure>\n\n<figure class=\"wp-block-embed is-type-video is-provider-youtube wp-block-embed-youtube wp-embed-aspect-16-9 wp-has-aspect-ratio\"><div class=\"wp-block-embed__wrapper\">\n<iframe loading=\"lazy\" title=\"GlobalFix V5 AIS EPIRB with Mobile App | ACR Electronics\" width=\"500\" height=\"281\" src=\"https:\/\/www.youtube.com\/embed\/h7g5lrsW1QM?feature=oembed\" frameborder=\"0\" allow=\"accelerometer; autoplay; clipboard-write; encrypted-media; gyroscope; picture-in-picture; web-share\" referrerpolicy=\"strict-origin-when-cross-origin\" allowfullscreen><\/iframe>\n<\/div><\/figure>\n\n<p><meta charset=\"utf-8\"\/>Nov\u00fd <a href=\"https:\/\/www.acrartex.com\/cs\/products\/globalfix-v5-ais-epirb-se-return-link-service-a-mobilni-aplikaci\/\">EPIRB <strong>ACR GlobalFix V5<\/strong><\/a> je inovativn\u00ed EPIRB s jedine\u010dn\u00fdmi vlastnostmi, ide\u00e1ln\u00ed pro n\u00e1mo\u0159n\u00edky, a\u0165 u\u017e jde o pob\u0159e\u017en\u00ed plavbu, pr\u00e1ci na mo\u0159i nebo p\u0159ekra\u010dov\u00e1n\u00ed oce\u00e1n\u016f.<\/p>\n\n<div class=\"wp-block-columns is-layout-flex wp-container-core-columns-is-layout-9d6595d7 wp-block-columns-is-layout-flex\">\n<div class=\"wp-block-column is-layout-flow wp-block-column-is-layout-flow\">\n<figure class=\"wp-block-video aligncenter\"><video height=\"646\" style=\"aspect-ratio: 650 \/ 646;\" width=\"650\" autoplay=\"\" loop=\"\" src=\"https:\/\/www.acrartex.com\/wp-content\/uploads\/2022\/11\/ACR_GLOBAL_FIX_V5_360.mp4\"><\/video><\/figure>\n<\/div>\n\n\n\n<div class=\"wp-block-column is-layout-flow wp-block-column-is-layout-flow\">\n<p class=\"has-large-font-size\"><strong>ACR GlobalFix V5<\/strong><\/p>\n\n\n\n<p class=\"has-text-color has-medium-font-size\" style=\"color:#899198\">Inovativn\u00ed EPIRB s unik\u00e1tn\u00ed sadou funkc\u00ed. P\u0159id\u00e1n\u00ed v\u00fdstrahy AIS poskytuje nejjednodu\u0161\u0161\u00ed a nejrychlej\u0161\u00ed cestu k z\u00e1chran\u011b. Naproti tomu integrovan\u00e1 funkce Return Link Service (RLS) poskytuje v\u00edtan\u00fd pocit bezpe\u010d\u00ed t\u00edm, \u017ee poskytuje potvrzen\u00ed o p\u0159ijet\u00ed t\u00eds\u0148ov\u00e9 zpr\u00e1vy p\u0159\u00edmo k maj\u00e1ku. P\u0159id\u00e1n\u00ed technologie Near Field Communication (NFC) umo\u017e\u0148uje p\u0159ipojen\u00ed chytr\u00e9ho telefonu a p\u0159\u00edstup k dat\u016fm a interakci s produktem, kter\u00e1 dosud nebyla k dispozici.   <\/p>\n<\/div>\n<\/div>\n\n<div class=\"wp-block-buttons is-horizontal is-content-justification-center is-layout-flex wp-container-core-buttons-is-layout-499968f5 wp-block-buttons-is-layout-flex\">\n<div class=\"wp-block-button\"><a class=\"wp-block-button__link has-vivid-green-cyan-background-color has-background wp-element-button\" href=\"https:\/\/www.acrartex.com\/cs\/products\/globalfix-v5-ais-epirb-se-return-link-service-a-mobilni-aplikaci\/\">Klikn\u011bte zde pro v\u00edce informac\u00ed<\/a><\/div>\n<\/div>\n\n<div class=\"wp-block-media-text alignwide is-stacked-on-mobile\" style=\"grid-template-columns:44% auto\"><figure class=\"wp-block-media-text__media\"><img loading=\"lazy\" decoding=\"async\" width=\"378\" height=\"576\" src=\"https:\/\/www.acrartex.com\/wp-content\/uploads\/2022\/11\/ACR-EPIRB-AIS-Animation-2.png\" alt=\"\" class=\"wp-image-33599 size-full\" srcset=\"https:\/\/www.acrartex.com\/wp-content\/uploads\/2022\/11\/ACR-EPIRB-AIS-Animation-2.png 378w, https:\/\/www.acrartex.com\/wp-content\/uploads\/2022\/11\/ACR-EPIRB-AIS-Animation-2-197x300.png 197w\" sizes=\"auto, (max-width: 378px) 100vw, 378px\" \/><\/figure><div class=\"wp-block-media-text__content\">\n<p class=\"has-large-font-size\"><strong>P\u00e1rov\u00e1n\u00ed glob\u00e1ln\u00ed a lok\u00e1ln\u00ed z\u00e1chrany<\/strong><\/p>\n\n\n\n<p class=\"has-text-color has-medium-font-size\" style=\"color:#899198\">Plavidla vybaven\u00e1 syst\u00e9mem AIS v dosahu VHF radiostanice EPIRB uvid\u00ed na sv\u00fdch obrazovk\u00e1ch bezpe\u010dnostn\u00ed zpr\u00e1vu, v\u010detn\u011b identifikace plavidla v k\u00f3du MMSI.  <\/p>\n\n\n\n<p class=\"has-text-color has-medium-font-size\" style=\"color:#899198\">Plavidla v oblasti, kde byl EPIRB aktivov\u00e1n, mohou okam\u017eit\u011b zah\u00e1jit z\u00e1chrann\u00e9 a obnovovac\u00ed operace, ani\u017e by musela \u010dekat na reakci na mimo\u0159\u00e1dnou ud\u00e1lost. AIS tak\u00e9 umo\u017e\u0148uje m\u00edstn\u00edm z\u00e1chran\u00e1\u0159\u016fm snadno lokalizovat polohu EPIRB, kter\u00e1 se zobrazuje jako c\u00edl AIS na jejich palubn\u00edm displeji. Bl\u00edzk\u00e1 plavidla s palubn\u00edm AIS se mohou p\u0159\u00edmo p\u0159esunout k EPIRB v\u00fdb\u011brem c\u00edle AIS.  <\/p>\n\n\n\n<p class=\"has-medium-font-size\"><strong>Tento neuv\u011b\u0159iteln\u00fd technologick\u00fd pokrok urychl\u00ed dobu zotaven\u00ed, co\u017e jist\u011b zachr\u00e1n\u00ed \u017eivoty.<\/strong><\/p>\n<\/div><\/div>\n\n<div style=\"height:52px\" aria-hidden=\"true\" class=\"wp-block-spacer\"><\/div>\n\n<div class=\"wp-block-media-text alignwide has-media-on-the-right is-stacked-on-mobile\" style=\"grid-template-columns:auto 43%\"><div class=\"wp-block-media-text__content\">\n<p class=\"has-large-font-size\"><strong>Return Link Service ( RLS ) povolena<\/strong><\/p>\n\n\n\n<p class=\"has-text-color has-medium-font-size\" style=\"color:#899198\">Slu\u017eba zp\u011btn\u00e9ho spojen\u00ed informuje osobu, kter\u00e1 spustila EPIRB, \u017ee t\u00eds\u0148ov\u00e1 zpr\u00e1va byla doru\u010dena. Sign\u00e1l RLS odeslan\u00fd zp\u011bt prost\u0159ednictv\u00edm satelitn\u00ed s\u00edt\u011b Galileo potvrzuje, \u017ee t\u00eds\u0148ov\u00e1 zpr\u00e1va spolu s p\u0159esnou polohou maj\u00e1ku a identifik\u00e1tory byla detekov\u00e1na. Snadno viditeln\u00e9 blikaj\u00edc\u00ed modr\u00e9 sv\u011btlo indikuje \u00fasp\u011b\u0161n\u00fd p\u0159\u00edjem zpr\u00e1vy zp\u011btn\u00e9ho spojen\u00ed ze satelitn\u00ed s\u00edt\u011b Galileo EPIRB.    <\/p>\n\n\n\n<p class=\"has-text-color has-medium-font-size\" style=\"color:#899198\">Pohodl\u00ed z v\u011bdom\u00ed, \u017ee z\u00e1chran\u00e1\u0159i v\u011bd\u00ed, \u017ee byl aktivov\u00e1n EPIRB a \u017ee znaj\u00ed jeho polohu, pom\u00e1h\u00e1 sn\u00ed\u017eit stres spojen\u00fd s nouzov\u00fdmi situacemi.<\/p>\n<\/div><figure class=\"wp-block-media-text__media\"><img loading=\"lazy\" decoding=\"async\" width=\"379\" height=\"578\" src=\"https:\/\/www.acrartex.com\/wp-content\/uploads\/2023\/01\/Medium-Vertical-R.png\" alt=\"\" class=\"wp-image-34537 size-full\" srcset=\"https:\/\/www.acrartex.com\/wp-content\/uploads\/2023\/01\/Medium-Vertical-R.png 379w, https:\/\/www.acrartex.com\/wp-content\/uploads\/2023\/01\/Medium-Vertical-R-197x300.png 197w\" sizes=\"auto, (max-width: 379px) 100vw, 379px\" \/><\/figure><\/div>\n\n<div style=\"height:52px\" aria-hidden=\"true\" class=\"wp-block-spacer\"><\/div>\n\n<figure class=\"wp-block-image size-large\"><a href=\"https:\/\/www.acrartex.com\/wp-content\/uploads\/2023\/01\/Large-Box.png\"><img loading=\"lazy\" decoding=\"async\" width=\"1024\" height=\"842\" src=\"https:\/\/www.acrartex.com\/wp-content\/uploads\/2023\/01\/Large-Box-1024x842.png\" alt=\"\" class=\"wp-image-34538\" srcset=\"https:\/\/www.acrartex.com\/wp-content\/uploads\/2023\/01\/Large-Box-1024x842.png 1024w, https:\/\/www.acrartex.com\/wp-content\/uploads\/2023\/01\/Large-Box-300x247.png 300w, https:\/\/www.acrartex.com\/wp-content\/uploads\/2023\/01\/Large-Box-768x632.png 768w, https:\/\/www.acrartex.com\/wp-content\/uploads\/2023\/01\/Large-Box-600x494.png 600w, https:\/\/www.acrartex.com\/wp-content\/uploads\/2023\/01\/Large-Box.png 1048w\" sizes=\"auto, (max-width: 1024px) 100vw, 1024px\" \/><\/a><\/figure>\n\n<div class=\"wp-block-media-text alignwide is-stacked-on-mobile\" style=\"grid-template-columns:40% auto\"><figure class=\"wp-block-media-text__media\"><img loading=\"lazy\" decoding=\"async\" width=\"379\" height=\"578\" src=\"https:\/\/www.acrartex.com\/wp-content\/uploads\/2023\/02\/GlobalFix-V5-Mobile-App-2.png\" alt=\"\" class=\"wp-image-34607 size-full\" srcset=\"https:\/\/www.acrartex.com\/wp-content\/uploads\/2023\/02\/GlobalFix-V5-Mobile-App-2.png 379w, https:\/\/www.acrartex.com\/wp-content\/uploads\/2023\/02\/GlobalFix-V5-Mobile-App-2-197x300.png 197w\" sizes=\"auto, (max-width: 379px) 100vw, 379px\" \/><\/figure><div class=\"wp-block-media-text__content\">\n<p class=\"has-large-font-size\"><strong>P\u0159ipojen\u00ed chytr\u00fdch telefon\u016f pomoc\u00ed technologie Near Field Communication ( NFC )<\/strong><\/p>\n\n\n\n<p>Technologie <strong>NFC (Near Field Communication)<\/strong> umo\u017e\u0148uje u\u017eivatel\u016fm p\u0159\u00edstup k diagnostice EPIRB pomoc\u00ed jejich chytr\u00fdch telefon\u016f. <span style=\"box-sizing: border-box; margin: 0px; padding: 0px;\">Kdy\u017e je chytr\u00fd telefon um\u00edst\u011bn vedle EPIRB <strong>GlobalFix V5<\/strong> , automaticky se otev\u0159e aplikace ACR Product App a poskytne p\u0159\u00edstup k dat\u016fm EPIRB.<\/span><\/p>\n\n\n\n<p>Informace o stavu maj\u00e1ku v aplikaci zahrnuj\u00ed: aktu\u00e1ln\u00ed v\u00fddr\u017e baterie, po\u010det dokon\u010den\u00fdch autotest\u016f, po\u010det dokon\u010den\u00fdch test\u016f GNSS a dobu, po kterou byl EPIRB aktivov\u00e1n. K dispozici jsou tak\u00e9 podrobn\u00e9 informace o ka\u017ed\u00e9m autotestu a testu GNSS proveden\u00e9m za\u0159\u00edzen\u00edm. Testy GNSS zobrazuj\u00ed mapu, kter\u00e1 p\u0159esn\u011b ur\u010duje m\u00edsto, kde byl proveden p\u0159edchoz\u00ed test, v\u010detn\u011b data a \u010dasu testu, \u010dasu, kter\u00fd EPIRB pot\u0159eboval k z\u00edsk\u00e1n\u00ed fixu na sou\u0159adnic\u00edch GNSS, po\u010dtu satelit\u016f pou\u017eit\u00fdch k z\u00edsk\u00e1n\u00ed fixu a p\u0159esnosti fixu.  <\/p>\n\n\n\n<p><strong>Jednoduch\u00e9 p\u0159ipojen\u00ed aplikace s NFC umo\u017e\u0148uje u\u017eivatel\u016fm snadno zkontrolovat stav v\u0161ech funkc\u00ed EPIRB a ujistit se, \u017ee funguj\u00ed spr\u00e1vn\u011b.<\/strong><\/p>\n<\/div><\/div>\n\n<div style=\"height:41px\" aria-hidden=\"true\" class=\"wp-block-spacer\"><\/div>\n<figure class=\"wp-block-image aligncenter size-full is-resized\"><a href=\"https:\/\/www.acrartex.com\/cs\/products\/acr-globalfix-v6-epirb-se-return-link-service-a-mobilni-aplikaci\/\"><img loading=\"lazy\" decoding=\"async\" width=\"750\" height=\"225\" class=\"wp-image-33616\" style=\"width: 615px; height: 185px;\" src=\"https:\/\/www.acrartex.com\/wp-content\/uploads\/2022\/11\/GlobalFix-V6-Logo-01.png\" alt=\"\" srcset=\"https:\/\/www.acrartex.com\/wp-content\/uploads\/2022\/11\/GlobalFix-V6-Logo-01.png 750w, https:\/\/www.acrartex.com\/wp-content\/uploads\/2022\/11\/GlobalFix-V6-Logo-01-300x90.png 300w, https:\/\/www.acrartex.com\/wp-content\/uploads\/2022\/11\/GlobalFix-V6-Logo-01-600x180.png 600w\" sizes=\"auto, (max-width: 750px) 100vw, 750px\" \/><\/a><\/figure>\n\n<p>Nov\u00fd <strong><a href=\"https:\/\/www.acrartex.com\/cs\/products\/acr-globalfix-v6-epirb-se-return-link-service-a-mobilni-aplikaci\/\">ACR GlobalFix V6,<\/a><\/strong> kter\u00fd zaji\u0161\u0165uje bezpe\u010dn\u00e9 spojen\u00ed 406 MHz s glob\u00e1ln\u00ed <a href=\"https:\/\/www.cospas-sarsat.int\/en\/\">satelitn\u00ed s\u00edt\u00ed Cospas-Sarsat<\/a> a z\u00e1rove\u0148 poskytuje jistotu zaveden\u00edm syst\u00e9mu RLS, se ukazuje jako v\u0161estrann\u00e1 volba pro \u0161irokou \u0161k\u00e1lu jachta\u0159\u016f. A co je nejd\u016fle\u017eit\u011bj\u0161\u00ed, nab\u00edz\u00ed V6 rozs\u00e1hlou sadu funkc\u00ed a poskytuje kl\u00ed\u010dov\u00e9 prvky pot\u0159ebn\u00e9 pro z\u00e1chranu. <\/p>\n\n<div class=\"wp-block-columns is-layout-flex wp-container-core-columns-is-layout-9d6595d7 wp-block-columns-is-layout-flex\">\n<div class=\"wp-block-column is-layout-flow wp-block-column-is-layout-flow\">\n<figure class=\"wp-block-video aligncenter\"><video height=\"648\" style=\"aspect-ratio: 650 \/ 648;\" width=\"650\" autoplay=\"\" loop=\"\" src=\"https:\/\/www.acrartex.com\/wp-content\/uploads\/2022\/11\/ACR_Global_Fix_V6_360.mp4\"><\/video><\/figure>\n<\/div>\n\n\n\n<div class=\"wp-block-column is-layout-flow wp-block-column-is-layout-flow\">\n<p class=\"has-large-font-size\"><strong>ACR GlobalFix V6<\/strong> <sup>*<\/sup><\/p>\n\n\n\n<p class=\"has-text-color has-medium-font-size\" style=\"color:#899198\">V\u0161estrann\u00fd EPIRB vhodn\u00fd pro pou\u017eit\u00ed na rekrea\u010dn\u00edch i komer\u010dn\u00edch plavidlech. Vysoce technologick\u00e9 funkce, jako je Return Link Service (RLS), uji\u0161\u0165uj\u00ed u\u017eivatele potvrzen\u00edm, \u017ee maj\u00e1k \u00fasp\u011b\u0161n\u011b odeslal t\u00eds\u0148ovou zpr\u00e1vu a \u017ee tato zpr\u00e1va byla p\u0159ijata. Nov\u00e1 funkce Near Field Communication (NFC) od spole\u010dnosti ACR umo\u017e\u0148uje p\u0159ipojen\u00ed maj\u00e1ku k chytr\u00e9mu telefonu pro rychlou diagnostiku, kter\u00e1 prokazuje, \u017ee je baterie nabit\u00e1 a EPIRB funguje spr\u00e1vn\u011b. GlobalFix V6 je ide\u00e1ln\u00edm bezpe\u010dnostn\u00edm \u0159e\u0161en\u00edm pro v\u0161echny typy plavidel a aktivit, v\u010detn\u011b pob\u0159e\u017en\u00edch plaveb, plaveb na mo\u0159i nebo p\u0159i pr\u00e1ci \u010di rybolovu v jak\u00e9mkoli oce\u00e1nu.   <\/p>\n<\/div>\n<\/div>\n\n<div class=\"wp-block-buttons is-horizontal is-content-justification-center is-layout-flex wp-container-core-buttons-is-layout-499968f5 wp-block-buttons-is-layout-flex\">\n<div class=\"wp-block-button\"><a class=\"wp-block-button__link has-vivid-green-cyan-background-color has-background wp-element-button\" href=\"https:\/\/www.acrartex.com\/products\/acr-globalfix-v6-epirb\/\">Klikn\u011bte zde pro v\u00edce informac\u00ed<\/a><\/div>\n<\/div>\n\n<div style=\"height:41px\" aria-hidden=\"true\" class=\"wp-block-spacer\"><\/div>\n\n<h1 class=\"wp-block-heading has-text-align-center\" id=\"h-the-globalfix-v6-includes-all-the-innovative-features-of-the-globalfix-v5-except-for-ais-alerting\">GlobalFix V6 zahrnuje v\u0161echny inovativn\u00ed funkce modelu GlobalFix V5, s v\u00fdjimkou upozorn\u011bn\u00ed AIS.<\/h1>\n\n<div class=\"wp-block-columns is-layout-flex wp-container-core-columns-is-layout-9d6595d7 wp-block-columns-is-layout-flex\">\n<div class=\"wp-block-column is-layout-flow wp-block-column-is-layout-flow\"><\/div>\n\n\n\n<div class=\"wp-block-column is-layout-flow wp-block-column-is-layout-flow\"><\/div>\n<\/div>\n\n<p><\/p>\n\n<hr class=\"wp-block-separator has-css-opacity\"\/>\n\n<div style=\"height:41px\" aria-hidden=\"true\" class=\"wp-block-spacer\"><\/div>\n\n<h1 class=\"wp-block-heading has-text-align-center\" id=\"h-all-next-generation-globalfix-epirbs-come-standard-with\">V\u0161echny EPIRBy GlobalFix nov\u00e9 generace jsou standardn\u011b vybaveny<\/h1>\n<div class=\"wp-block-image\">\n<figure class=\"aligncenter\"><a href=\"https:\/\/www.acrartex.com\/wp-content\/uploads\/2022\/11\/ACR-V5-Water-Activation-Animation.gif\"><img loading=\"lazy\" decoding=\"async\" width=\"600\" height=\"247\" src=\"https:\/\/www.acrartex.com\/wp-content\/uploads\/2022\/11\/ACR-V5-Water-Activation-Animation.gif\" alt=\"\" class=\"wp-image-33613\"\/><\/a><figcaption class=\"wp-element-caption\">Pozn\u00e1mka: Podle p\u0159edpis\u016f nemaj\u00ed EPIRB t\u0159\u00eddy 3 funkci aktivace vodou.<\/figcaption><\/figure>\n<\/div><div class=\"wp-block-image\">\n<figure class=\"aligncenter\"><a href=\"https:\/\/www.acrartex.com\/wp-content\/uploads\/2022\/11\/ACR-LED-IR-Strobe-Animation.png\"><img loading=\"lazy\" decoding=\"async\" width=\"800\" height=\"232\" src=\"https:\/\/www.acrartex.com\/wp-content\/uploads\/2022\/11\/ACR-LED-IR-Strobe-Animation.png\" alt=\"\" class=\"wp-image-33614\" srcset=\"https:\/\/www.acrartex.com\/wp-content\/uploads\/2022\/11\/ACR-LED-IR-Strobe-Animation.png 800w, https:\/\/www.acrartex.com\/wp-content\/uploads\/2022\/11\/ACR-LED-IR-Strobe-Animation-300x87.png 300w, https:\/\/www.acrartex.com\/wp-content\/uploads\/2022\/11\/ACR-LED-IR-Strobe-Animation-768x223.png 768w, https:\/\/www.acrartex.com\/wp-content\/uploads\/2022\/11\/ACR-LED-IR-Strobe-Animation-600x174.png 600w\" sizes=\"auto, (max-width: 800px) 100vw, 800px\" \/><\/a><\/figure>\n<\/div>\n<div class=\"wp-block-columns is-layout-flex wp-container-core-columns-is-layout-9d6595d7 wp-block-columns-is-layout-flex\">\n<div class=\"wp-block-column is-layout-flow wp-block-column-is-layout-flow\">\n<figure class=\"wp-block-image size-full\"><a href=\"https:\/\/www.acrartex.com\/wp-content\/uploads\/2022\/11\/ACR-Battery-10-Y-48-HRS-Animation.gif\"><img loading=\"lazy\" decoding=\"async\" width=\"400\" height=\"400\" src=\"https:\/\/www.acrartex.com\/wp-content\/uploads\/2022\/11\/ACR-Battery-10-Y-48-HRS-Animation.gif\" alt=\"\" class=\"wp-image-33603\"\/><\/a><\/figure>\n<\/div>\n\n\n\n<div class=\"wp-block-column is-layout-flow wp-block-column-is-layout-flow\">\n<figure class=\"wp-block-image size-full\"><a href=\"https:\/\/www.acrartex.com\/wp-content\/uploads\/2022\/11\/406-121-MHz-Small-Box.png\"><img loading=\"lazy\" decoding=\"async\" width=\"400\" height=\"400\" src=\"https:\/\/www.acrartex.com\/wp-content\/uploads\/2022\/11\/406-121-MHz-Small-Box.png\" alt=\"\" class=\"wp-image-33604\" srcset=\"https:\/\/www.acrartex.com\/wp-content\/uploads\/2022\/11\/406-121-MHz-Small-Box.png 400w, https:\/\/www.acrartex.com\/wp-content\/uploads\/2022\/11\/406-121-MHz-Small-Box-300x300.png 300w, https:\/\/www.acrartex.com\/wp-content\/uploads\/2022\/11\/406-121-MHz-Small-Box-150x150.png 150w, https:\/\/www.acrartex.com\/wp-content\/uploads\/2022\/11\/406-121-MHz-Small-Box-100x100.png 100w\" sizes=\"auto, (max-width: 400px) 100vw, 400px\" \/><\/a><\/figure>\n<\/div>\n<\/div>\n<div class=\"wp-block-image\">\n<figure class=\"aligncenter\"><a href=\"https:\/\/www.acrartex.com\/wp-content\/uploads\/2023\/01\/Large-Medium-Banner-3.png\"><img loading=\"lazy\" decoding=\"async\" width=\"1024\" height=\"422\" src=\"https:\/\/www.acrartex.com\/wp-content\/uploads\/2023\/01\/Large-Medium-Banner-3-1024x422.png\" alt=\"\" class=\"wp-image-34539\" srcset=\"https:\/\/www.acrartex.com\/wp-content\/uploads\/2023\/01\/Large-Medium-Banner-3-1024x422.png 1024w, https:\/\/www.acrartex.com\/wp-content\/uploads\/2023\/01\/Large-Medium-Banner-3-300x124.png 300w, https:\/\/www.acrartex.com\/wp-content\/uploads\/2023\/01\/Large-Medium-Banner-3-768x317.png 768w, https:\/\/www.acrartex.com\/wp-content\/uploads\/2023\/01\/Large-Medium-Banner-3-600x247.png 600w, https:\/\/www.acrartex.com\/wp-content\/uploads\/2023\/01\/Large-Medium-Banner-3.png 1048w\" sizes=\"auto, (max-width: 1024px) 100vw, 1024px\" \/><\/a><figcaption class=\"wp-element-caption\">Pozn\u00e1mka: EPIRBy GlobalFix V5 a V6 lze zakoupit bu\u010f s dr\u017e\u00e1kem kategorie I (automatick\u00e9 spou\u0161t\u011bn\u00ed), nebo kategorie II (manu\u00e1ln\u00ed spou\u0161t\u011bn\u00ed).<\/figcaption><\/figure>\n<\/div>","protected":false},"excerpt":{"rendered":"<p>Nov\u00fd EPIRB ACR GlobalFix V5 je inovativn\u00ed EPIRB s jedine\u010dn\u00fdmi vlastnostmi, ide\u00e1ln\u00ed pro n\u00e1mo\u0159n\u00edky, a\u0165 u\u017e jde o pob\u0159e\u017en\u00ed plavbu, pr\u00e1ci na mo\u0159i nebo p\u0159ekra\u010dov\u00e1n\u00ed oce\u00e1n\u016f. ACR GlobalFix V5 Inovativn\u00ed EPIRB s unik\u00e1tn\u00ed sadou funkc\u00ed. P\u0159id\u00e1n\u00ed v\u00fdstrahy AIS poskytuje nejjednodu\u0161\u0161\u00ed a nejrychlej\u0161\u00ed cestu k z\u00e1chran\u011b. Naproti tomu integrovan\u00e1 funkce Return Link Service (RLS) poskytuje v\u00edtan\u00fd [&hellip;]<\/p>\n","protected":false},"author":5,"featured_media":0,"parent":0,"menu_order":0,"comment_status":"closed","ping_status":"closed","template":"","meta":{"_acf_changed":false,"om_disable_all_campaigns":false,"footnotes":""},"class_list":["post-144840","page","type-page","status-publish","hentry"],"acf":[],"_links":{"self":[{"href":"https:\/\/www.acrartex.com\/cs\/wp-json\/wp\/v2\/pages\/144840","targetHints":{"allow":["GET"]}}],"collection":[{"href":"https:\/\/www.acrartex.com\/cs\/wp-json\/wp\/v2\/pages"}],"about":[{"href":"https:\/\/www.acrartex.com\/cs\/wp-json\/wp\/v2\/types\/page"}],"author":[{"embeddable":true,"href":"https:\/\/www.acrartex.com\/cs\/wp-json\/wp\/v2\/users\/5"}],"replies":[{"embeddable":true,"href":"https:\/\/www.acrartex.com\/cs\/wp-json\/wp\/v2\/comments?post=144840"}],"version-history":[{"count":5,"href":"https:\/\/www.acrartex.com\/cs\/wp-json\/wp\/v2\/pages\/144840\/revisions"}],"predecessor-version":[{"id":162382,"href":"https:\/\/www.acrartex.com\/cs\/wp-json\/wp\/v2\/pages\/144840\/revisions\/162382"}],"wp:attachment":[{"href":"https:\/\/www.acrartex.com\/cs\/wp-json\/wp\/v2\/media?parent=144840"}],"curies":[{"name":"wp","href":"https:\/\/api.w.org\/{rel}","templated":true}]}}