{"id":144636,"date":"2023-02-06T17:04:50","date_gmt":"2023-02-06T22:04:50","guid":{"rendered":"https:\/\/www.acrartex.com\/novy-resqlink-ais\/"},"modified":"2025-09-08T15:56:23","modified_gmt":"2025-09-08T20:56:23","slug":"novy-resqlink-ais","status":"publish","type":"page","link":"https:\/\/www.acrartex.com\/cs\/novy-resqlink-ais\/","title":{"rendered":"Nov\u00fd ResQLink AIS PLB"},"content":{"rendered":"\n<p class=\"has-text-align-left\"><span style=\"box-sizing: border-box; margin: 0px; padding: 0px;\">Zcela nov\u00fd <a href=\"https:\/\/www.acrartex.com\/cs\/products\/personal-locator-beacon-resqlink-ais\/\"><strong>AIS PLB neboli Personal Locator Beacon (osobn\u00ed lokaliza\u010dn\u00ed maj\u00e1k) ACR ResQLink<\/strong><\/a> je technologicky nejvysp\u011blej\u0161\u00edm maj\u00e1kem na sv\u011bt\u011b, proto\u017ee je vybaven<\/span> technologi\u00ed pro upozor\u0148ov\u00e1n\u00ed na glob\u00e1ln\u00ed p\u00e1trac\u00ed a z\u00e1chrann\u00e9 akce prost\u0159ednictv\u00edm satelit\u016f a m\u00edstn\u00ed z\u00e1chrann\u00e9 akce z bl\u00edzk\u00fdch lod\u00ed pomoc\u00ed AIS. D\u00edky zaveden\u00ed funkce automatick\u00e9ho identifika\u010dn\u00edho syst\u00e9mu (AIS), technologie Return Link Service (RLS) a schopnosti Near Field Communication (NFC) v jednom maj\u00e1ku o frekvenci 406 MHz p\u0159edstavuje ResQLink AIS z\u00e1sadn\u00ed pokrok ve v\u00fdvoji technologie PLB. <\/p>\n<div class=\"wp-block-image\">\n<figure class=\"aligncenter size-large\"><a href=\"https:\/\/www.acrartex.com\/wp-content\/uploads\/2022\/11\/ACR-ResQLink-AIS-Header-Images.jpg\"><img loading=\"lazy\" decoding=\"async\" width=\"1024\" height=\"871\" src=\"https:\/\/www.acrartex.com\/wp-content\/uploads\/2022\/11\/ACR-ResQLink-AIS-Header-Images-1024x871.jpg\" alt=\"\" class=\"wp-image-33664\" srcset=\"https:\/\/www.acrartex.com\/wp-content\/uploads\/2022\/11\/ACR-ResQLink-AIS-Header-Images-1024x871.jpg 1024w, https:\/\/www.acrartex.com\/wp-content\/uploads\/2022\/11\/ACR-ResQLink-AIS-Header-Images-300x255.jpg 300w, https:\/\/www.acrartex.com\/wp-content\/uploads\/2022\/11\/ACR-ResQLink-AIS-Header-Images-768x654.jpg 768w, https:\/\/www.acrartex.com\/wp-content\/uploads\/2022\/11\/ACR-ResQLink-AIS-Header-Images-1536x1307.jpg 1536w, https:\/\/www.acrartex.com\/wp-content\/uploads\/2022\/11\/ACR-ResQLink-AIS-Header-Images-600x511.jpg 600w, https:\/\/www.acrartex.com\/wp-content\/uploads\/2022\/11\/ACR-ResQLink-AIS-Header-Images.jpg 2000w\" sizes=\"auto, (max-width: 1024px) 100vw, 1024px\" \/><\/a><\/figure>\n<\/div>\n<figure class=\"wp-block-embed is-type-video is-provider-youtube wp-block-embed-youtube wp-embed-aspect-16-9 wp-has-aspect-ratio\"><div class=\"wp-block-embed__wrapper\">\n<iframe loading=\"lazy\" title=\"ResQLink AIS PLB with Mobile App | ACR Electronics\" width=\"500\" height=\"281\" src=\"https:\/\/www.youtube.com\/embed\/GaoRXslmcH8?feature=oembed\" frameborder=\"0\" allow=\"accelerometer; autoplay; clipboard-write; encrypted-media; gyroscope; picture-in-picture; web-share\" referrerpolicy=\"strict-origin-when-cross-origin\" allowfullscreen><\/iframe>\n<\/div><\/figure>\n\n<div class=\"wp-block-columns is-layout-flex wp-container-core-columns-is-layout-9d6595d7 wp-block-columns-is-layout-flex\">\n<div class=\"wp-block-column is-layout-flow wp-block-column-is-layout-flow\">\n<figure class=\"wp-block-video\"><video height=\"650\" style=\"aspect-ratio: 650 \/ 650;\" width=\"650\" autoplay=\"\" loop=\"\" muted=\"\" src=\"https:\/\/www.acrartex.com\/wp-content\/uploads\/2022\/11\/ACR_PLB4503_360.mp4\"><\/video><\/figure>\n<\/div>\n\n\n\n<div class=\"wp-block-column is-layout-flow wp-block-column-is-layout-flow\">\n<p class=\"has-large-font-size\"><meta charset=\"utf-8\"\/><strong>ACR ResQLink AIS<\/strong><\/p>\n\n\n\n<p class=\"has-text-color has-medium-font-size\" style=\"color:#899198\">Kombinace t\u00eds\u0148ov\u00fdch zpr\u00e1v 406 MHz a AIS poprv\u00e9 spojuje glob\u00e1ln\u00ed i lok\u00e1ln\u00ed z\u00e1chrann\u00e9 slo\u017eky do jednoho PLB , \u010d\u00edm\u017e roz\u0161i\u0159uje p\u0159\u00edstup pob\u0159e\u017en\u00ed str\u00e1\u017ei a p\u00e1trac\u00edm a z\u00e1chrann\u00fdm slo\u017ek\u00e1m, stejn\u011b jako komer\u010dn\u00edm a rekrea\u010dn\u00edm lod\u00edm v oblasti. Upozorn\u011bn\u00ed m\u00edstn\u00edch lod\u00ed vybaven\u00fdch AIS ve va\u0161em okol\u00ed umo\u017e\u0148uje dal\u0161\u00edm plavidl\u016fm p\u0159\u00edmo reagovat na digit\u00e1ln\u00ed nouzov\u00e9 hl\u00e1\u0161en\u00ed s uveden\u00edm va\u0161\u00ed p\u0159esn\u00e9 polohy. <\/p>\n\n\n\n<p class=\"has-text-color has-medium-font-size\" style=\"color:#899198\">Krom\u011b toho funkce NFC poskytuje u\u017eivatel\u016fm prvn\u00ed PLB na sv\u011bt\u011b p\u0159ipojen\u00fd k chytr\u00e9mu telefonu a nov\u00e1 funkce Return Link Service u\u017eivatel\u016fm poskytuje klid s v\u011bdom\u00edm, \u017ee jejich t\u00eds\u0148ov\u00e1 zpr\u00e1va byla p\u0159ijata a jejich poloha detekov\u00e1na.<\/p>\n<\/div>\n<\/div>\n\n<div class=\"wp-block-buttons is-horizontal is-content-justification-center is-layout-flex wp-container-core-buttons-is-layout-499968f5 wp-block-buttons-is-layout-flex\">\n<div class=\"wp-block-button\"><a class=\"wp-block-button__link has-vivid-green-cyan-background-color has-background wp-element-button\" href=\"https:\/\/www.acrartex.com\/el\/products\/personal-locator-beacon-resqlink-ais\/\">Klikn\u011bte zde pro v\u00edce informac\u00ed<\/a><\/div>\n<\/div>\n\n<div class=\"wp-block-columns is-layout-flex wp-container-core-columns-is-layout-9d6595d7 wp-block-columns-is-layout-flex\">\n<div class=\"wp-block-column is-layout-flow wp-block-column-is-layout-flow\">\n<figure class=\"wp-block-image size-full\"><img loading=\"lazy\" decoding=\"async\" width=\"379\" height=\"578\" src=\"https:\/\/www.acrartex.com\/wp-content\/uploads\/2022\/11\/Medium-Vertical-L-1.png\" alt=\"\" class=\"wp-image-33667\" srcset=\"https:\/\/www.acrartex.com\/wp-content\/uploads\/2022\/11\/Medium-Vertical-L-1.png 379w, https:\/\/www.acrartex.com\/wp-content\/uploads\/2022\/11\/Medium-Vertical-L-1-197x300.png 197w\" sizes=\"auto, (max-width: 379px) 100vw, 379px\" \/><\/figure>\n<\/div>\n\n\n\n<div class=\"wp-block-column is-layout-flow wp-block-column-is-layout-flow\">\n<p class=\"has-large-font-size\"><meta charset=\"utf-8\"\/><strong>P\u00e1rov\u00e1n\u00ed glob\u00e1ln\u00ed a lok\u00e1ln\u00ed z\u00e1chrany<\/strong><\/p>\n\n\n\n<p class=\"has-text-color has-medium-font-size\" style=\"color:#899198\">Plavidla vybaven\u00e1 syst\u00e9mem AIS v dosahu VHF r\u00e1dia PLB uvid\u00ed na sv\u00fdch obrazovk\u00e1ch bezpe\u010dnostn\u00ed zpr\u00e1vu, v\u010detn\u011b identifikace plavidla MMSI.  <\/p>\n\n\n\n<p class=\"has-text-color has-medium-font-size\" style=\"color:#899198\">Plavidla v oblasti, kde byl aktivov\u00e1n PLB (osobn\u00ed z\u00e1chrann\u00fd syst\u00e9m), pak mohou okam\u017eit\u011b zah\u00e1jit z\u00e1chrann\u00e9 a obnovovac\u00ed operace, ani\u017e by musela \u010dekat na reakci na mimo\u0159\u00e1dnou ud\u00e1lost. AIS tak\u00e9 umo\u017e\u0148uje m\u00edstn\u00edm z\u00e1chran\u00e1\u0159\u016fm snadno lokalizovat polohu PLB, kter\u00e1 se zobrazuje jako c\u00edl AIS na jejich palubn\u00edm displeji. Bl\u00edzk\u00e1 plavidla s palubn\u00edm AIS se mohou p\u0159\u00edmo pohybovat k PLB v\u00fdb\u011brem c\u00edle AIS.  <\/p>\n\n\n\n<p class=\"has-medium-font-size\"><strong>Tento neuv\u011b\u0159iteln\u00fd technologick\u00fd pokrok urychl\u00ed dobu zotaven\u00ed, co\u017e jist\u011b zachr\u00e1n\u00ed \u017eivoty.<\/strong><\/p>\n<\/div>\n<\/div>\n\n<div class=\"wp-block-columns is-layout-flex wp-container-core-columns-is-layout-9d6595d7 wp-block-columns-is-layout-flex\">\n<div class=\"wp-block-column is-layout-flow wp-block-column-is-layout-flow\">\n<p class=\"has-large-font-size\"><meta charset=\"utf-8\"\/><strong>Return Link Service ( RLS ) povolena<\/strong><\/p>\n\n\n\n<p class=\"has-text-color has-medium-font-size\" style=\"color:#899198\">Funkce RLS funguje tak, \u017ee odes\u00edl\u00e1 sign\u00e1l zp\u011bt prost\u0159ednictv\u00edm <a href=\"https:\/\/www.cospas-sarsat.int\/en\/\">satelitn\u00ed<\/a> s\u00edt\u011b Galileo, kter\u00fd potvrzuje u\u017eivateli maj\u00e1ku, \u017ee jeho t\u00eds\u0148ov\u00e1 zpr\u00e1va byla p\u0159ijata a jeho poloha byla detekov\u00e1na. Blikaj\u00edc\u00ed modr\u00e9 sv\u011btlo na PLB z\u0159eteln\u011b indikuje potvrzovac\u00ed zpr\u00e1vu. Stejn\u011b jako ostatn\u00ed maj\u00e1ky ACR, kter\u00e9 obsahuj\u00ed kl\u00ed\u010dovou funkci RLS, poskytuje ResQLink AIS pohodl\u00ed v\u011bdom\u00ed, \u017ee t\u00eds\u0148ov\u00e1 zpr\u00e1va byla \u00fasp\u011b\u0161n\u011b doru\u010dena.    <\/p>\n\n\n\n<p class=\"has-text-color has-medium-font-size\" style=\"color:#899198\">Pochopen\u00ed toho, \u017ee z\u00e1chran\u00e1\u0159i znaj\u00ed vys\u00edl\u00e1n\u00ed a um\u00edst\u011bn\u00ed maj\u00e1ku, sni\u017euje stres \u010dasto spojen\u00fd s incidenty typu \u201emu\u017e p\u0159es palubu\u201c.<\/p>\n<\/div>\n\n\n\n<div class=\"wp-block-column is-layout-flow wp-block-column-is-layout-flow\"><div class=\"wp-block-image\">\n<figure class=\"aligncenter size-full\"><img loading=\"lazy\" decoding=\"async\" width=\"379\" height=\"578\" src=\"https:\/\/www.acrartex.com\/wp-content\/uploads\/2022\/11\/Medium-Vertical-R-1.png\" alt=\"\" class=\"wp-image-33668\" srcset=\"https:\/\/www.acrartex.com\/wp-content\/uploads\/2022\/11\/Medium-Vertical-R-1.png 379w, https:\/\/www.acrartex.com\/wp-content\/uploads\/2022\/11\/Medium-Vertical-R-1-197x300.png 197w\" sizes=\"auto, (max-width: 379px) 100vw, 379px\" \/><\/figure>\n<\/div><\/div>\n<\/div>\n\n<figure class=\"wp-block-image size-large\"><img loading=\"lazy\" decoding=\"async\" width=\"1024\" height=\"844\" src=\"https:\/\/www.acrartex.com\/wp-content\/uploads\/2023\/02\/PLB450-Mobile-App-Large-Box-1024x844.png\" alt=\"\" class=\"wp-image-34642\" srcset=\"https:\/\/www.acrartex.com\/wp-content\/uploads\/2023\/02\/PLB450-Mobile-App-Large-Box-1024x844.png 1024w, https:\/\/www.acrartex.com\/wp-content\/uploads\/2023\/02\/PLB450-Mobile-App-Large-Box-300x247.png 300w, https:\/\/www.acrartex.com\/wp-content\/uploads\/2023\/02\/PLB450-Mobile-App-Large-Box-768x633.png 768w, https:\/\/www.acrartex.com\/wp-content\/uploads\/2023\/02\/PLB450-Mobile-App-Large-Box-600x495.png 600w, https:\/\/www.acrartex.com\/wp-content\/uploads\/2023\/02\/PLB450-Mobile-App-Large-Box.png 1048w\" sizes=\"auto, (max-width: 1024px) 100vw, 1024px\" \/><\/figure>\n\n<div class=\"wp-block-media-text alignwide is-stacked-on-mobile is-vertically-aligned-center\" style=\"grid-template-columns:39% auto\"><figure class=\"wp-block-media-text__media\"><img loading=\"lazy\" decoding=\"async\" width=\"379\" height=\"578\" src=\"https:\/\/www.acrartex.com\/wp-content\/uploads\/2023\/02\/GlobalFix-V5-Mobile-App-2.png\" alt=\"\" class=\"wp-image-34607 size-full\" srcset=\"https:\/\/www.acrartex.com\/wp-content\/uploads\/2023\/02\/GlobalFix-V5-Mobile-App-2.png 379w, https:\/\/www.acrartex.com\/wp-content\/uploads\/2023\/02\/GlobalFix-V5-Mobile-App-2-197x300.png 197w\" sizes=\"auto, (max-width: 379px) 100vw, 379px\" \/><\/figure><div class=\"wp-block-media-text__content\">\n<p class=\"has-large-font-size\"><strong>P\u0159ipojen\u00ed chytr\u00fdch telefon\u016f pomoc\u00ed technologie Near Field Communication ( NFC )<\/strong><\/p>\n\n\n\n<p>Integrace technologie NFC umo\u017e\u0148uje u\u017eivatel\u016fm pohodln\u00fd p\u0159\u00edstup k dat\u016fm z maj\u00e1ku z jejich mobiln\u00edch telefon\u016f. Jednoduch\u00fdm p\u0159ilo\u017een\u00edm telefonu k maj\u00e1ku se automaticky otev\u0159e aplikace ACR Product App, kter\u00e1 poskytuje p\u0159\u00edstup k mno\u017estv\u00ed \u00fadaj\u016f o pou\u017e\u00edv\u00e1n\u00ed, v\u010detn\u011b aktu\u00e1ln\u00ed v\u00fddr\u017ee baterie, po\u010dtu dokon\u010den\u00fdch autotest\u016f, po\u010dtu dokon\u010den\u00fdch test\u016f GNSS a p\u0159\u00edpadn\u011b i doby, po kterou byl maj\u00e1k aktivov\u00e1n.   <\/p>\n\n\n\n<p>Na po\u017e\u00e1d\u00e1n\u00ed jsou k dispozici tak\u00e9 podrobn\u00e9 informace o ka\u017ed\u00e9m autotestu a testu GNSS proveden\u00e9m maj\u00e1kem. U ka\u017ed\u00e9ho \u00fasp\u011b\u0161n\u00e9ho testu GNSS si u\u017eivatel\u00e9 mohou zobrazit mapu s p\u0159esn\u00fdm m\u00edstem proveden\u00ed testu, datem a \u010dasem jeho proveden\u00ed, \u010dasem, kter\u00fd maj\u00e1ku trvalo z\u00edskat fix na jeho sou\u0159adnic\u00edch GNSS, po\u010dtem satelit\u016f, kter\u00e9 maj\u00e1k pou\u017eil k z\u00edsk\u00e1n\u00ed fixu, a p\u0159esnost\u00ed ur\u010den\u00ed polohy. <\/p>\n<\/div><\/div>\n\n<hr class=\"wp-block-separator has-css-opacity\"\/>\n\n<p class=\"has-text-align-center has-large-font-size\"><strong>ResQLink AIS je standardn\u011b sou\u010d\u00e1st\u00ed<\/strong><\/p>\n<figure class=\"wp-block-image aligncenter size-full is-resized\"><img loading=\"lazy\" decoding=\"async\" width=\"800\" height=\"232\" class=\"wp-image-33676\" style=\"width: 837px; height: 243px;\" src=\"https:\/\/www.acrartex.com\/wp-content\/uploads\/2022\/11\/Wide-Banner.png\" alt=\"\" srcset=\"https:\/\/www.acrartex.com\/wp-content\/uploads\/2022\/11\/Wide-Banner.png 800w, https:\/\/www.acrartex.com\/wp-content\/uploads\/2022\/11\/Wide-Banner-300x87.png 300w, https:\/\/www.acrartex.com\/wp-content\/uploads\/2022\/11\/Wide-Banner-768x223.png 768w, https:\/\/www.acrartex.com\/wp-content\/uploads\/2022\/11\/Wide-Banner-600x174.png 600w\" sizes=\"auto, (max-width: 800px) 100vw, 800px\" \/><\/figure>\n\n<figure class=\"wp-block-image size-large\"><img loading=\"lazy\" decoding=\"async\" width=\"1024\" height=\"422\" src=\"https:\/\/www.acrartex.com\/wp-content\/uploads\/2022\/11\/Large-Medium-Banner-1024x422.png\" alt=\"\" class=\"wp-image-33677\" srcset=\"https:\/\/www.acrartex.com\/wp-content\/uploads\/2022\/11\/Large-Medium-Banner-1024x422.png 1024w, https:\/\/www.acrartex.com\/wp-content\/uploads\/2022\/11\/Large-Medium-Banner-300x124.png 300w, https:\/\/www.acrartex.com\/wp-content\/uploads\/2022\/11\/Large-Medium-Banner-768x317.png 768w, https:\/\/www.acrartex.com\/wp-content\/uploads\/2022\/11\/Large-Medium-Banner-600x247.png 600w, https:\/\/www.acrartex.com\/wp-content\/uploads\/2022\/11\/Large-Medium-Banner.png 1048w\" sizes=\"auto, (max-width: 1024px) 100vw, 1024px\" \/><\/figure>\n\n<figure class=\"wp-block-image size-large\"><img loading=\"lazy\" decoding=\"async\" width=\"1024\" height=\"422\" src=\"https:\/\/www.acrartex.com\/wp-content\/uploads\/2022\/11\/Large-Medium-Banner-2-1-1024x422.png\" alt=\"\" class=\"wp-image-33678\" srcset=\"https:\/\/www.acrartex.com\/wp-content\/uploads\/2022\/11\/Large-Medium-Banner-2-1-1024x422.png 1024w, https:\/\/www.acrartex.com\/wp-content\/uploads\/2022\/11\/Large-Medium-Banner-2-1-300x124.png 300w, https:\/\/www.acrartex.com\/wp-content\/uploads\/2022\/11\/Large-Medium-Banner-2-1-768x317.png 768w, https:\/\/www.acrartex.com\/wp-content\/uploads\/2022\/11\/Large-Medium-Banner-2-1-600x247.png 600w, https:\/\/www.acrartex.com\/wp-content\/uploads\/2022\/11\/Large-Medium-Banner-2-1.png 1048w\" sizes=\"auto, (max-width: 1024px) 100vw, 1024px\" \/><\/figure>\n\n<div class=\"wp-block-columns is-layout-flex wp-container-core-columns-is-layout-9d6595d7 wp-block-columns-is-layout-flex\">\n<div class=\"wp-block-column is-layout-flow wp-block-column-is-layout-flow\">\n<figure class=\"wp-block-image size-full\"><img loading=\"lazy\" decoding=\"async\" width=\"400\" height=\"400\" src=\"https:\/\/www.acrartex.com\/wp-content\/uploads\/2022\/11\/Small-Box-copy-2.png\" alt=\"\" class=\"wp-image-33672\" srcset=\"https:\/\/www.acrartex.com\/wp-content\/uploads\/2022\/11\/Small-Box-copy-2.png 400w, https:\/\/www.acrartex.com\/wp-content\/uploads\/2022\/11\/Small-Box-copy-2-300x300.png 300w, https:\/\/www.acrartex.com\/wp-content\/uploads\/2022\/11\/Small-Box-copy-2-150x150.png 150w, https:\/\/www.acrartex.com\/wp-content\/uploads\/2022\/11\/Small-Box-copy-2-100x100.png 100w\" sizes=\"auto, (max-width: 400px) 100vw, 400px\" \/><\/figure>\n<\/div>\n\n\n\n<div class=\"wp-block-column is-layout-flow wp-block-column-is-layout-flow\">\n<figure class=\"wp-block-image size-full\"><img loading=\"lazy\" decoding=\"async\" width=\"400\" height=\"400\" src=\"https:\/\/www.acrartex.com\/wp-content\/uploads\/2022\/11\/Small-Box-copy-3.png\" alt=\"\" class=\"wp-image-33673\" srcset=\"https:\/\/www.acrartex.com\/wp-content\/uploads\/2022\/11\/Small-Box-copy-3.png 400w, https:\/\/www.acrartex.com\/wp-content\/uploads\/2022\/11\/Small-Box-copy-3-300x300.png 300w, https:\/\/www.acrartex.com\/wp-content\/uploads\/2022\/11\/Small-Box-copy-3-150x150.png 150w, https:\/\/www.acrartex.com\/wp-content\/uploads\/2022\/11\/Small-Box-copy-3-100x100.png 100w\" sizes=\"auto, (max-width: 400px) 100vw, 400px\" \/><\/figure>\n<\/div>\n\n\n\n<div class=\"wp-block-column is-layout-flow wp-block-column-is-layout-flow\">\n<figure class=\"wp-block-image size-full\"><img loading=\"lazy\" decoding=\"async\" width=\"400\" height=\"400\" src=\"https:\/\/www.acrartex.com\/wp-content\/uploads\/2022\/11\/Small-Box.png\" alt=\"\" class=\"wp-image-33674\" srcset=\"https:\/\/www.acrartex.com\/wp-content\/uploads\/2022\/11\/Small-Box.png 400w, https:\/\/www.acrartex.com\/wp-content\/uploads\/2022\/11\/Small-Box-300x300.png 300w, https:\/\/www.acrartex.com\/wp-content\/uploads\/2022\/11\/Small-Box-150x150.png 150w, https:\/\/www.acrartex.com\/wp-content\/uploads\/2022\/11\/Small-Box-100x100.png 100w\" sizes=\"auto, (max-width: 400px) 100vw, 400px\" \/><\/figure>\n<\/div>\n\n\n\n<div class=\"wp-block-column is-layout-flow wp-block-column-is-layout-flow\">\n<figure class=\"wp-block-image size-full\"><img loading=\"lazy\" decoding=\"async\" width=\"400\" height=\"400\" src=\"https:\/\/www.acrartex.com\/wp-content\/uploads\/2022\/11\/Small-Box-copy.png\" alt=\"\" class=\"wp-image-33675\" srcset=\"https:\/\/www.acrartex.com\/wp-content\/uploads\/2022\/11\/Small-Box-copy.png 400w, https:\/\/www.acrartex.com\/wp-content\/uploads\/2022\/11\/Small-Box-copy-300x300.png 300w, https:\/\/www.acrartex.com\/wp-content\/uploads\/2022\/11\/Small-Box-copy-150x150.png 150w, https:\/\/www.acrartex.com\/wp-content\/uploads\/2022\/11\/Small-Box-copy-100x100.png 100w\" sizes=\"auto, (max-width: 400px) 100vw, 400px\" \/><\/figure>\n<\/div>\n<\/div>\n\n<div style=\"height:44px\" aria-hidden=\"true\" class=\"wp-block-spacer\"><\/div>\n\n<p><\/p>\n","protected":false},"excerpt":{"rendered":"<p>Zcela nov\u00fd AIS PLB neboli Personal Locator Beacon (osobn\u00ed lokaliza\u010dn\u00ed maj\u00e1k) ACR ResQLink je technologicky nejvysp\u011blej\u0161\u00edm maj\u00e1kem na sv\u011bt\u011b, proto\u017ee je vybaven technologi\u00ed pro upozor\u0148ov\u00e1n\u00ed na glob\u00e1ln\u00ed p\u00e1trac\u00ed a z\u00e1chrann\u00e9 akce prost\u0159ednictv\u00edm satelit\u016f a m\u00edstn\u00ed z\u00e1chrann\u00e9 akce z bl\u00edzk\u00fdch lod\u00ed pomoc\u00ed AIS. D\u00edky zaveden\u00ed funkce automatick\u00e9ho identifika\u010dn\u00edho syst\u00e9mu (AIS), technologie Return Link Service (RLS) a [&hellip;]<\/p>\n","protected":false},"author":5,"featured_media":0,"parent":0,"menu_order":0,"comment_status":"closed","ping_status":"closed","template":"","meta":{"_acf_changed":false,"om_disable_all_campaigns":false,"footnotes":""},"class_list":["post-144636","page","type-page","status-publish","hentry"],"acf":[],"_links":{"self":[{"href":"https:\/\/www.acrartex.com\/cs\/wp-json\/wp\/v2\/pages\/144636","targetHints":{"allow":["GET"]}}],"collection":[{"href":"https:\/\/www.acrartex.com\/cs\/wp-json\/wp\/v2\/pages"}],"about":[{"href":"https:\/\/www.acrartex.com\/cs\/wp-json\/wp\/v2\/types\/page"}],"author":[{"embeddable":true,"href":"https:\/\/www.acrartex.com\/cs\/wp-json\/wp\/v2\/users\/5"}],"replies":[{"embeddable":true,"href":"https:\/\/www.acrartex.com\/cs\/wp-json\/wp\/v2\/comments?post=144636"}],"version-history":[{"count":6,"href":"https:\/\/www.acrartex.com\/cs\/wp-json\/wp\/v2\/pages\/144636\/revisions"}],"predecessor-version":[{"id":162427,"href":"https:\/\/www.acrartex.com\/cs\/wp-json\/wp\/v2\/pages\/144636\/revisions\/162427"}],"wp:attachment":[{"href":"https:\/\/www.acrartex.com\/cs\/wp-json\/wp\/v2\/media?parent=144636"}],"curies":[{"name":"wp","href":"https:\/\/api.w.org\/{rel}","templated":true}]}}