{"id":144375,"date":"2023-01-04T17:34:34","date_gmt":"2023-01-04T22:34:34","guid":{"rendered":"https:\/\/www.acrartex.com\/zadost-o-konzultaci-gadss-elt-dt\/"},"modified":"2025-07-07T05:29:57","modified_gmt":"2025-07-07T10:29:57","slug":"zadost-o-konzultaci-gadss-elt-dt","status":"publish","type":"page","link":"https:\/\/www.acrartex.com\/cs\/zadost-o-konzultaci-gadss-elt-dt\/","title":{"rendered":"\u017d\u00e1dost o konzultaci GADSS ELT DT"},"content":{"rendered":"\n<p>Pot\u0159ebujete se dozv\u011bd\u011bt v\u00edce o GADSS a o tom, jak to ovlivn\u00ed va\u0161e budouc\u00ed objedn\u00e1vky letadel? Na\u0161i experti na GADSS jsou v\u00e1m k dispozici.<\/p>\n\n<p>Kontaktn\u00ed informace ARTEX :<\/p>\n\n<p>Obchodn\u00ed kontakt: <a href=\"Jeff.Geraci@acrartex.com\">Jeff Geraci<\/a> na \u010d\u00edsle +1 954-612-9592 nebo na <a href=\"mailto:Jeff.Geraci@acrartex.com\">adrese Jeff.Geraci@acrartex.com<\/a><\/p>\n\n<p>Marketingov\u00fd kontakt: Mikele D&#8217;Arcangelo na \u010d\u00edsle +1 954-614-6703 nebo <a href=\"mailto:mikele.darcangelo@acrartex.com\" target=\"_blank\" rel=\"noreferrer noopener\">mikele.darcangelo@acrartex.com<\/a><\/p>\n\n<p><\/p>\n\n<iframe loading=\"lazy\" src=\"https:\/\/forms.monday.com\/forms\/embed\/bb05362e9314db80adc186100ed2cb7b?r=use1\" width=\"650\" height=\"500\" style=\"border: 0; box-shadow: 5px 5px 56px 0px rgba(0,0,0,0.25);\"><\/iframe>\n\n<p><\/p>\n","protected":false},"excerpt":{"rendered":"<p>Pot\u0159ebujete se dozv\u011bd\u011bt v\u00edce o GADSS a o tom, jak to ovlivn\u00ed va\u0161e budouc\u00ed objedn\u00e1vky letadel? Na\u0161i experti na GADSS jsou v\u00e1m k dispozici. Kontaktn\u00ed informace ARTEX : Obchodn\u00ed kontakt: Jeff Geraci na \u010d\u00edsle +1 954-612-9592 nebo na adrese Jeff.Geraci@acrartex.com Marketingov\u00fd kontakt: Mikele D&#8217;Arcangelo na \u010d\u00edsle +1 954-614-6703 nebo mikele.darcangelo@acrartex.com<\/p>\n","protected":false},"author":5,"featured_media":0,"parent":0,"menu_order":0,"comment_status":"closed","ping_status":"closed","template":"","meta":{"_acf_changed":false,"om_disable_all_campaigns":false,"footnotes":""},"class_list":["post-144375","page","type-page","status-publish","hentry"],"acf":[],"_links":{"self":[{"href":"https:\/\/www.acrartex.com\/cs\/wp-json\/wp\/v2\/pages\/144375","targetHints":{"allow":["GET"]}}],"collection":[{"href":"https:\/\/www.acrartex.com\/cs\/wp-json\/wp\/v2\/pages"}],"about":[{"href":"https:\/\/www.acrartex.com\/cs\/wp-json\/wp\/v2\/types\/page"}],"author":[{"embeddable":true,"href":"https:\/\/www.acrartex.com\/cs\/wp-json\/wp\/v2\/users\/5"}],"replies":[{"embeddable":true,"href":"https:\/\/www.acrartex.com\/cs\/wp-json\/wp\/v2\/comments?post=144375"}],"version-history":[{"count":1,"href":"https:\/\/www.acrartex.com\/cs\/wp-json\/wp\/v2\/pages\/144375\/revisions"}],"predecessor-version":[{"id":144379,"href":"https:\/\/www.acrartex.com\/cs\/wp-json\/wp\/v2\/pages\/144375\/revisions\/144379"}],"wp:attachment":[{"href":"https:\/\/www.acrartex.com\/cs\/wp-json\/wp\/v2\/media?parent=144375"}],"curies":[{"name":"wp","href":"https:\/\/api.w.org\/{rel}","templated":true}]}}