{"id":144340,"date":"2025-04-30T14:30:03","date_gmt":"2025-04-30T19:30:03","guid":{"rendered":"https:\/\/www.acrartex.com\/acr-dashboard-vraceni-zbozi-uver-nebo-zaruka-a-oprava\/"},"modified":"2025-07-07T08:21:58","modified_gmt":"2025-07-07T13:21:58","slug":"acr-dashboard-vraceni-zbozi-uver-nebo-zaruka-a-oprava","status":"publish","type":"page","link":"https:\/\/www.acrartex.com\/cs\/acr-dashboard-vraceni-zbozi-uver-nebo-zaruka-a-oprava\/","title":{"rendered":"ACR Dashboard \u2013 Vr\u00e1cen\u00ed zbo\u017e\u00ed (\u00fav\u011br nebo z\u00e1ruka a oprava)"},"content":{"rendered":"\n<p>Chcete podat da\u0148ov\u00e9 p\u0159izn\u00e1n\u00ed k \u00fav\u011bru? Pokud ano, <a href=\"https:\/\/www.acrartex.com\/cs\/dashboard-acr-vraceni-penez-za-dobropis\/\">KLIKN\u011aTE ZDE<\/a> pro podrobn\u00e9 informace a pokyny k pod\u00e1n\u00ed da\u0148ov\u00e9ho p\u0159izn\u00e1n\u00ed k \u00fav\u011bru. <\/p>\n\n<p>T\u00fdk\u00e1 se va\u0161e vr\u00e1cen\u00ed zbo\u017e\u00ed z\u00e1ruky nebo opravy? Pokud ano, <a href=\"https:\/\/www.acrartex.com\/cs\/panel-acr-vraceni-zbozi-v-ramci-zaruky-a-oprav\/\">KLIKN\u011aTE ZDE<\/a> pro podrobn\u00e9 informace a pokyny k pod\u00e1n\u00ed vr\u00e1cen\u00ed z d\u016fvodu z\u00e1ruky nebo opravy.   <\/p>\n","protected":false},"excerpt":{"rendered":"<p>Chcete podat da\u0148ov\u00e9 p\u0159izn\u00e1n\u00ed k \u00fav\u011bru? Pokud ano, KLIKN\u011aTE ZDE pro podrobn\u00e9 informace a pokyny k pod\u00e1n\u00ed da\u0148ov\u00e9ho p\u0159izn\u00e1n\u00ed k \u00fav\u011bru. T\u00fdk\u00e1 se va\u0161e vr\u00e1cen\u00ed zbo\u017e\u00ed z\u00e1ruky nebo opravy? Pokud ano, KLIKN\u011aTE ZDE pro podrobn\u00e9 informace a pokyny k pod\u00e1n\u00ed vr\u00e1cen\u00ed z d\u016fvodu z\u00e1ruky nebo opravy.<\/p>\n","protected":false},"author":23,"featured_media":0,"parent":0,"menu_order":0,"comment_status":"closed","ping_status":"closed","template":"","meta":{"_acf_changed":false,"om_disable_all_campaigns":false,"footnotes":""},"class_list":["post-144340","page","type-page","status-publish","hentry"],"acf":[],"_links":{"self":[{"href":"https:\/\/www.acrartex.com\/cs\/wp-json\/wp\/v2\/pages\/144340","targetHints":{"allow":["GET"]}}],"collection":[{"href":"https:\/\/www.acrartex.com\/cs\/wp-json\/wp\/v2\/pages"}],"about":[{"href":"https:\/\/www.acrartex.com\/cs\/wp-json\/wp\/v2\/types\/page"}],"author":[{"embeddable":true,"href":"https:\/\/www.acrartex.com\/cs\/wp-json\/wp\/v2\/users\/23"}],"replies":[{"embeddable":true,"href":"https:\/\/www.acrartex.com\/cs\/wp-json\/wp\/v2\/comments?post=144340"}],"version-history":[{"count":3,"href":"https:\/\/www.acrartex.com\/cs\/wp-json\/wp\/v2\/pages\/144340\/revisions"}],"predecessor-version":[{"id":148491,"href":"https:\/\/www.acrartex.com\/cs\/wp-json\/wp\/v2\/pages\/144340\/revisions\/148491"}],"wp:attachment":[{"href":"https:\/\/www.acrartex.com\/cs\/wp-json\/wp\/v2\/media?parent=144340"}],"curies":[{"name":"wp","href":"https:\/\/api.w.org\/{rel}","templated":true}]}}