{"id":144326,"date":"2025-04-30T14:03:40","date_gmt":"2025-04-30T19:03:40","guid":{"rendered":"https:\/\/www.acrartex.com\/ovladaci-panel-acr-programovani-artex\/"},"modified":"2025-07-07T05:27:03","modified_gmt":"2025-07-07T10:27:03","slug":"ovladaci-panel-acr-programovani-artex","status":"publish","type":"page","link":"https:\/\/www.acrartex.com\/cs\/ovladaci-panel-acr-programovani-artex\/","title":{"rendered":"Ovl\u00e1dac\u00ed panel ACR \u2013 programov\u00e1n\u00ed ARTEX"},"content":{"rendered":"\n<p><strong>Pokyny k objedn\u00e1n\u00ed ELT a programovac\u00edch adapt\u00e9r\u016f<\/strong><\/p>\n\n<p>P\u0159i objedn\u00e1v\u00e1n\u00ed ELT nebo programovac\u00edch adapt\u00e9r\u016f se pros\u00edm ujist\u011bte, \u017ee je vypln\u011bn a k objedn\u00e1vce p\u0159ilo\u017een spr\u00e1vn\u00fd formul\u00e1\u0159. Pokud nap\u0159\u00edklad objedn\u00e1v\u00e1te \u010d\u00edslo d\u00edlu <strong>453-5060<\/strong> , budete muset zvolit <strong>programovac\u00ed formul\u00e1\u0159 C406-2<\/strong> . Programovac\u00ed formul\u00e1\u0159e jsou k dispozici prost\u0159ednictv\u00edm n\u00ed\u017ee uveden\u00fdch odkaz\u016f.  <\/p>\n\n<p>Pokud je pro v\u00e1\u0161 \u00fa\u010det ji\u017e ulo\u017eeno v\u00fdchoz\u00ed programov\u00e1n\u00ed, nejsou vy\u017eadov\u00e1ny \u017e\u00e1dn\u00e9 dal\u0161\u00ed formul\u00e1\u0159e.<\/p>\n\n<p>Pokud budete pot\u0159ebovat pomoc s v\u00fdb\u011brem nebo vypln\u011bn\u00edm spr\u00e1vn\u00e9ho formul\u00e1\u0159e, nev\u00e1hejte n\u00e1s kontaktovat na adrese cs.dashboard@acrartex.com a n\u00e1\u0161 z\u00e1stupce z\u00e1kaznick\u00e9 podpory se s v\u00e1mi neprodlen\u011b spoj\u00ed.<\/p>\n\n<div style=\"height:12px\" aria-hidden=\"true\" class=\"wp-block-spacer\"><\/div>\n\n<p><strong><span style=\"text-decoration: underline;\">Programovac\u00ed formul\u00e1\u0159e:<\/span><\/strong><\/p>\n\n<p><a href=\"https:\/\/www.dropbox.com\/scl\/fi\/ent1bonmu5lbfvy9iyd1o\/ELT-345_1000-Programming-Form.pdf?rlkey=zncahtzfirgzgdzufeikshxfd&amp;st=d2jo7qjh&amp;dl=1\">Programovac\u00ed formul\u00e1\u0159 ELT 345 a ELT 1000<\/a><\/p>\n\n<p><a href=\"https:\/\/www.dropbox.com\/scl\/fi\/7kk6htykwdiisum80pvob\/ELT-3000-Programming-Form.pdf?rlkey=niqik450asxqiyvju8aqjmjg0&amp;st=hqukv37c&amp;dl=1\">Programovac\u00ed formul\u00e1\u0159 ELT 3000<\/a><\/p>\n\n<p><a href=\"https:\/\/www.dropbox.com\/scl\/fi\/fiks709fo911kf1ru2r1d\/ELT-4000-Programming-Form.pdf?rlkey=h6o41gfmq9pnc2pap8o8qwyhq&amp;st=fro5jgbo&amp;dl=1\">Programovac\u00ed formul\u00e1\u0159 ELT 4000<\/a><\/p>\n\n<p><a href=\"https:\/\/www.dropbox.com\/scl\/fi\/it6fj1dgskpi5t9qb7o44\/ELT-4000S-Programming-Form.pdf?rlkey=n4kpw75bwlqpm4z8pfdi0j4p8&amp;st=v56waiyk&amp;dl=1\">Programovac\u00ed formul\u00e1\u0159 ELT 4000S<\/a><\/p>\n\n<p><a href=\"https:\/\/www.dropbox.com\/scl\/fi\/re9wwfh5a6sl41d57769z\/ACR-Electronics-ELT-DT-ELT-5000-Programming-Form-September-2024-v6-1.docx?rlkey=gxk3hm6hu4txa0aipuq8npmcx&amp;st=kavbv6v9&amp;dl=1\">Programovac\u00ed formul\u00e1\u0159 ELT 5000 (DT)<\/a><\/p>\n\n<p><a href=\"https:\/\/www.dropbox.com\/scl\/fi\/31tegowx8wvu1vch6sbi4\/C-B-G-Programming-Updated-Feb-2023.pdf?rlkey=bjdiis6ipcp7mc9taxh733ywx&amp;st=39q8nphm&amp;dl=1\">Programovac\u00ed formul\u00e1\u0159 \u0159ady C, B a G<\/a><\/p>\n\n<p><a href=\"https:\/\/www.dropbox.com\/scl\/fi\/7spagfm1n5ultgczctfgx\/C406-N-Programming-Adapter-Form.pdf?rlkey=4ng3amibu26x7x3abx7b3cyyt&amp;st=tvvya2jg&amp;dl=1\">Programovac\u00ed adapt\u00e9r C406-N<\/a><\/p>\n\n<p><a href=\"https:\/\/www.dropbox.com\/scl\/fi\/tu6w28yx6j95bdxvo7k36\/C406-N-Programming-Form.pdf?rlkey=bofn7e4b2k31jm9chj8tfx406&amp;st=i3to1w3m&amp;dl=1\">Programovac\u00ed formul\u00e1\u0159 C406-N<\/a><\/p>\n\n<p><a href=\"https:\/\/www.dropbox.com\/scl\/fi\/utlfrppyrko9y3kwpbuel\/ME-406-Programming-Form.pdf?rlkey=pc5wgyzo653azjkxu3qsa6z0l&amp;st=f9o9295z&amp;dl=1\">Programovac\u00ed formul\u00e1\u0159 ME 406<\/a><\/p>\n","protected":false},"excerpt":{"rendered":"<p>Pokyny k objedn\u00e1n\u00ed ELT a programovac\u00edch adapt\u00e9r\u016f P\u0159i objedn\u00e1v\u00e1n\u00ed ELT nebo programovac\u00edch adapt\u00e9r\u016f se pros\u00edm ujist\u011bte, \u017ee je vypln\u011bn a k objedn\u00e1vce p\u0159ilo\u017een spr\u00e1vn\u00fd formul\u00e1\u0159. Pokud nap\u0159\u00edklad objedn\u00e1v\u00e1te \u010d\u00edslo d\u00edlu 453-5060 , budete muset zvolit programovac\u00ed formul\u00e1\u0159 C406-2 . Programovac\u00ed formul\u00e1\u0159e jsou k dispozici prost\u0159ednictv\u00edm n\u00ed\u017ee uveden\u00fdch odkaz\u016f. Pokud je pro v\u00e1\u0161 \u00fa\u010det ji\u017e ulo\u017eeno [&hellip;]<\/p>\n","protected":false},"author":23,"featured_media":0,"parent":0,"menu_order":0,"comment_status":"closed","ping_status":"closed","template":"","meta":{"_acf_changed":false,"om_disable_all_campaigns":false,"footnotes":""},"class_list":["post-144326","page","type-page","status-publish","hentry"],"acf":[],"_links":{"self":[{"href":"https:\/\/www.acrartex.com\/cs\/wp-json\/wp\/v2\/pages\/144326","targetHints":{"allow":["GET"]}}],"collection":[{"href":"https:\/\/www.acrartex.com\/cs\/wp-json\/wp\/v2\/pages"}],"about":[{"href":"https:\/\/www.acrartex.com\/cs\/wp-json\/wp\/v2\/types\/page"}],"author":[{"embeddable":true,"href":"https:\/\/www.acrartex.com\/cs\/wp-json\/wp\/v2\/users\/23"}],"replies":[{"embeddable":true,"href":"https:\/\/www.acrartex.com\/cs\/wp-json\/wp\/v2\/comments?post=144326"}],"version-history":[{"count":1,"href":"https:\/\/www.acrartex.com\/cs\/wp-json\/wp\/v2\/pages\/144326\/revisions"}],"predecessor-version":[{"id":144327,"href":"https:\/\/www.acrartex.com\/cs\/wp-json\/wp\/v2\/pages\/144326\/revisions\/144327"}],"wp:attachment":[{"href":"https:\/\/www.acrartex.com\/cs\/wp-json\/wp\/v2\/media?parent=144326"}],"curies":[{"name":"wp","href":"https:\/\/api.w.org\/{rel}","templated":true}]}}