{"id":144312,"date":"2025-04-24T09:52:48","date_gmt":"2025-04-24T14:52:48","guid":{"rendered":"https:\/\/www.acrartex.com\/ridici-panel-acr-zdroje\/"},"modified":"2025-07-07T08:17:44","modified_gmt":"2025-07-07T13:17:44","slug":"ridici-panel-acr-zdroje","status":"publish","type":"page","link":"https:\/\/www.acrartex.com\/cs\/ridici-panel-acr-zdroje\/","title":{"rendered":"\u0158\u00eddic\u00ed panel ACR \u2013 Zdroje"},"content":{"rendered":"\n<p><strong>V\u00edtejte na informa\u010dn\u00ed str\u00e1nce z\u00e1kaznick\u00e9ho port\u00e1lu ACR Electronics<\/strong><\/p>\n\n<p>Tato str\u00e1nka v\u00e1m pom\u016f\u017ee efektivn\u011b se orientovat a spravovat v\u00e1\u0161 z\u00e1kaznick\u00fd port\u00e1l. N\u00ed\u017ee naleznete odkazy na informace a zdroje rozt\u0159\u00edd\u011bn\u00e9 n\u00e1sledovn\u011b: <\/p>\n\n<ul class=\"wp-block-list\">\n<li><a href=\"https:\/\/www.acrartex.com\/cs\/ovladaci-panel-acr-programovani-artex\/\">Programovac\u00ed formul\u00e1\u0159e ARTEX<\/a><\/li>\n\n\n\n<li><a href=\"https:\/\/www.acrartex.com\/cs\/acr-dashboard-vraceni-zbozi-uver-nebo-zaruka-a-oprava\/\">Vr\u00e1cen\u00ed zbo\u017e\u00ed (\u00fav\u011br, z\u00e1ruka a oprava)<\/a><\/li>\n\n\n\n<li><a href=\"https:\/\/www.acrartex.com\/cs\/dashboard-acr-skolici-materialy-a-videa\/\">\u0160kolic\u00ed materi\u00e1ly a videa<\/a><\/li>\n\n\n\n<li><a href=\"https:\/\/www.acrartex.com\/cs\/ridici-panel-acr-aktualizace-a-vylepseni-funkci\/\">Aktualizace funkc\u00ed a nadch\u00e1zej\u00edc\u00ed vylep\u0161en\u00ed<\/a><\/li>\n\n\n\n<li><a href=\"https:\/\/www.acrartex.com\/cs\/dashboard-acr-casto-kladene-otazky\/\">\u010casto kladen\u00e9 ot\u00e1zky<\/a><\/li>\n<\/ul>\n\n<p>Kliknut\u00edm na kter\u00fdkoli z v\u00fd\u0161e uveden\u00fdch odkaz\u016f z\u00edsk\u00e1te p\u0159\u00edstup k podrobn\u00fdm informac\u00edm a souvisej\u00edc\u00edm materi\u00e1l\u016fm.<\/p>\n\n<p>Pokud budete kdykoli pot\u0159ebovat pomoc, n\u00e1\u0161 t\u00fdm z\u00e1kaznick\u00e9 p\u00e9\u010de je v\u00e1m k dispozici. Kontaktujte n\u00e1s pros\u00edm na adrese <strong>cs.dashboard@acrartex.com<\/strong> a uve\u010fte \u010d\u00edslo sv\u00e9ho \u00fa\u010dtu. Vyhrazen\u00fd z\u00e1stupce z\u00e1kaznick\u00e9 p\u00e9\u010de se s v\u00e1mi neprodlen\u011b spoj\u00ed.  <\/p>\n\n<div style=\"height:16px\" aria-hidden=\"true\" class=\"wp-block-spacer\"><\/div>\n\n<p><strong>Uv\u00edt\u00e1me va\u0161i zp\u011btnou vazbu!<\/strong>  Chceme se ujistit, \u017ee n\u00e1\u0161 Z\u00e1kaznick\u00fd port\u00e1l pro v\u00e1s funguje dob\u0159e. V\u011bnujte pros\u00edm chvilku vypln\u011bn\u00ed n\u00ed\u017ee uveden\u00e9ho kr\u00e1tk\u00e9ho pr\u016fzkumu \u2013 zabere to jen minutu a va\u0161e zp\u011btn\u00e1 vazba n\u00e1m pom\u016f\u017ee zlep\u0161it v\u00e1\u0161 z\u00e1\u017eitek. <\/p>\n\n<script>(function(t,e,s,n){var o,a,c;t.SMCX=t.SMCX||[],e.getElementById(n)||(o=e.getElementsByTagName(s),a=o[o.length-1],c=e.createElement(s),c.type=\"text\/javascript\",c.async=!0,c.id=n,c.src=\"https:\/\/widget.surveymonkey.com\/collect\/website\/js\/tRaiETqnLgj758hTBazgd9x_2FFUbL4jRmHb1Lm6VtZ98F4st3owneNjL2W6jIOnz6.js\",a.parentNode.insertBefore(c,a))})(window,document,\"script\",\"smcx-sdk\");<\/script><a style=\"font: 12px Helvetica, sans-serif; color: #999; text-decoration: none;\" href=\"www.surveymonkey.com\">  Vytvo\u0159te si vlastn\u00ed pr\u016fzkum zp\u011btn\u00e9 vazby od u\u017eivatel\u016f  <\/a>\n\n<p><\/p>\n\n<p><\/p>\n\n<p><\/p>\n\n<p><\/p>\n\n<p><\/p>\n\n<p><\/p>\n\n<p><\/p>\n","protected":false},"excerpt":{"rendered":"<p>V\u00edtejte na informa\u010dn\u00ed str\u00e1nce z\u00e1kaznick\u00e9ho port\u00e1lu ACR Electronics Tato str\u00e1nka v\u00e1m pom\u016f\u017ee efektivn\u011b se orientovat a spravovat v\u00e1\u0161 z\u00e1kaznick\u00fd port\u00e1l. N\u00ed\u017ee naleznete odkazy na informace a zdroje rozt\u0159\u00edd\u011bn\u00e9 n\u00e1sledovn\u011b: Kliknut\u00edm na kter\u00fdkoli z v\u00fd\u0161e uveden\u00fdch odkaz\u016f z\u00edsk\u00e1te p\u0159\u00edstup k podrobn\u00fdm informac\u00edm a souvisej\u00edc\u00edm materi\u00e1l\u016fm. Pokud budete kdykoli pot\u0159ebovat pomoc, n\u00e1\u0161 t\u00fdm z\u00e1kaznick\u00e9 p\u00e9\u010de je v\u00e1m [&hellip;]<\/p>\n","protected":false},"author":23,"featured_media":0,"parent":0,"menu_order":0,"comment_status":"closed","ping_status":"closed","template":"","meta":{"_acf_changed":false,"om_disable_all_campaigns":false,"footnotes":""},"class_list":["post-144312","page","type-page","status-publish","hentry"],"acf":[],"_links":{"self":[{"href":"https:\/\/www.acrartex.com\/cs\/wp-json\/wp\/v2\/pages\/144312","targetHints":{"allow":["GET"]}}],"collection":[{"href":"https:\/\/www.acrartex.com\/cs\/wp-json\/wp\/v2\/pages"}],"about":[{"href":"https:\/\/www.acrartex.com\/cs\/wp-json\/wp\/v2\/types\/page"}],"author":[{"embeddable":true,"href":"https:\/\/www.acrartex.com\/cs\/wp-json\/wp\/v2\/users\/23"}],"replies":[{"embeddable":true,"href":"https:\/\/www.acrartex.com\/cs\/wp-json\/wp\/v2\/comments?post=144312"}],"version-history":[{"count":4,"href":"https:\/\/www.acrartex.com\/cs\/wp-json\/wp\/v2\/pages\/144312\/revisions"}],"predecessor-version":[{"id":148486,"href":"https:\/\/www.acrartex.com\/cs\/wp-json\/wp\/v2\/pages\/144312\/revisions\/148486"}],"wp:attachment":[{"href":"https:\/\/www.acrartex.com\/cs\/wp-json\/wp\/v2\/media?parent=144312"}],"curies":[{"name":"wp","href":"https:\/\/api.w.org\/{rel}","templated":true}]}}