{"id":144254,"date":"2024-06-03T11:04:25","date_gmt":"2024-06-03T16:04:25","guid":{"rendered":"https:\/\/www.acrartex.com\/zakaznicka-data\/"},"modified":"2025-07-07T05:16:34","modified_gmt":"2025-07-07T10:16:34","slug":"zakaznicka-data","status":"publish","type":"page","link":"https:\/\/www.acrartex.com\/cs\/zakaznicka-data\/","title":{"rendered":"Z\u00e1kaznick\u00e1 data"},"content":{"rendered":"\n<p><strong>Pro \u00fa\u010dely registrace z\u00e1ruky, konfigurace produktu a p\u0159\u00edstupu k testovac\u00edm dat\u016fm ukl\u00e1d\u00e1 ACR Electronics omezen\u00e9 mno\u017estv\u00ed z\u00e1kaznick\u00fdch \u00fadaj\u016f, kter\u00e9 jsou zad\u00e1v\u00e1ny prost\u0159ednictv\u00edm t\u011bchto webov\u00fdch str\u00e1nek nebo pomoc\u00ed mobiln\u00edch aplikac\u00ed.<\/strong><\/p>\n\n<p>Pro v\u0161echny mobiln\u00ed aplikace pat\u0159\u00edc\u00ed spole\u010dnosti <strong>\u201e ACR Electronics \u201c<\/strong><\/p>\n\n<p>Pro smaz\u00e1n\u00ed \u00fa\u010dtu pros\u00edm za\u0161lete e-mail na adresu <a href=\"mailto:help@oceansignal.com\">marketing@acrartex.com<\/a> s p\u0159edm\u011btem \u201eSmaz\u00e1n\u00ed \u00fa\u010dtu aplikace\u201c a uve\u010fte svou e-mailovou adresu.<\/p>\n\n<p>Vezm\u011bte pros\u00edm na v\u011bdom\u00ed, \u017ee po smaz\u00e1n\u00ed va\u0161eho \u00fa\u010dtu budou smaz\u00e1ny ve\u0161ker\u00e9 osobn\u00ed \u00fadaje, jako je va\u0161e e-mailov\u00e1 adresa a ve\u0161ker\u00e9 informace, kter\u00e9 o v\u00e1s uchov\u00e1v\u00e1me, va\u0161e preference, konfigurace AIS a vlastn\u011bn\u00e9 maj\u00e1ky, stejn\u011b jako v\u0161echny ostatn\u00ed registrovan\u00e9 produkty.<\/p>\n\n<p>Informace o z\u00e1ruce budou uchov\u00e1ny, stejn\u011b jako p\u0159edchoz\u00ed konfigurace, autotesty a data GNSS z produkt\u016f Beacon.<\/p>\n","protected":false},"excerpt":{"rendered":"<p>Pro \u00fa\u010dely registrace z\u00e1ruky, konfigurace produktu a p\u0159\u00edstupu k testovac\u00edm dat\u016fm ukl\u00e1d\u00e1 ACR Electronics omezen\u00e9 mno\u017estv\u00ed z\u00e1kaznick\u00fdch \u00fadaj\u016f, kter\u00e9 jsou zad\u00e1v\u00e1ny prost\u0159ednictv\u00edm t\u011bchto webov\u00fdch str\u00e1nek nebo pomoc\u00ed mobiln\u00edch aplikac\u00ed. Pro v\u0161echny mobiln\u00ed aplikace pat\u0159\u00edc\u00ed spole\u010dnosti \u201e ACR Electronics \u201c Pro smaz\u00e1n\u00ed \u00fa\u010dtu pros\u00edm za\u0161lete e-mail na adresu marketing@acrartex.com s p\u0159edm\u011btem \u201eSmaz\u00e1n\u00ed \u00fa\u010dtu aplikace\u201c a uve\u010fte [&hellip;]<\/p>\n","protected":false},"author":23,"featured_media":0,"parent":0,"menu_order":0,"comment_status":"closed","ping_status":"closed","template":"","meta":{"_acf_changed":false,"om_disable_all_campaigns":false,"footnotes":""},"class_list":["post-144254","page","type-page","status-publish","hentry"],"acf":[],"_links":{"self":[{"href":"https:\/\/www.acrartex.com\/cs\/wp-json\/wp\/v2\/pages\/144254","targetHints":{"allow":["GET"]}}],"collection":[{"href":"https:\/\/www.acrartex.com\/cs\/wp-json\/wp\/v2\/pages"}],"about":[{"href":"https:\/\/www.acrartex.com\/cs\/wp-json\/wp\/v2\/types\/page"}],"author":[{"embeddable":true,"href":"https:\/\/www.acrartex.com\/cs\/wp-json\/wp\/v2\/users\/23"}],"replies":[{"embeddable":true,"href":"https:\/\/www.acrartex.com\/cs\/wp-json\/wp\/v2\/comments?post=144254"}],"version-history":[{"count":1,"href":"https:\/\/www.acrartex.com\/cs\/wp-json\/wp\/v2\/pages\/144254\/revisions"}],"predecessor-version":[{"id":144255,"href":"https:\/\/www.acrartex.com\/cs\/wp-json\/wp\/v2\/pages\/144254\/revisions\/144255"}],"wp:attachment":[{"href":"https:\/\/www.acrartex.com\/cs\/wp-json\/wp\/v2\/media?parent=144254"}],"curies":[{"name":"wp","href":"https:\/\/api.w.org\/{rel}","templated":true}]}}