{"id":144162,"date":"2021-02-05T17:00:53","date_gmt":"2021-02-05T22:00:53","guid":{"rendered":"https:\/\/www.acrartex.com\/podpora\/vyhledavac-prodejcu\/"},"modified":"2021-02-05T17:00:53","modified_gmt":"2021-02-05T22:00:53","slug":"vyhledavac-prodejcu","status":"publish","type":"page","link":"https:\/\/www.acrartex.com\/cs\/podpora\/vyhledavac-prodejcu\/","title":{"rendered":"Vyhled\u00e1va\u010d prodejc\u016f"},"content":{"rendered":"","protected":false},"excerpt":{"rendered":"","protected":false},"author":1,"featured_media":0,"parent":144023,"menu_order":0,"comment_status":"closed","ping_status":"closed","template":"pagetemplate-dealer-locator.php","meta":{"_acf_changed":false,"om_disable_all_campaigns":false,"footnotes":""},"class_list":["post-144162","page","type-page","status-publish","hentry"],"acf":[],"_links":{"self":[{"href":"https:\/\/www.acrartex.com\/cs\/wp-json\/wp\/v2\/pages\/144162","targetHints":{"allow":["GET"]}}],"collection":[{"href":"https:\/\/www.acrartex.com\/cs\/wp-json\/wp\/v2\/pages"}],"about":[{"href":"https:\/\/www.acrartex.com\/cs\/wp-json\/wp\/v2\/types\/page"}],"author":[{"embeddable":true,"href":"https:\/\/www.acrartex.com\/cs\/wp-json\/wp\/v2\/users\/1"}],"replies":[{"embeddable":true,"href":"https:\/\/www.acrartex.com\/cs\/wp-json\/wp\/v2\/comments?post=144162"}],"version-history":[{"count":0,"href":"https:\/\/www.acrartex.com\/cs\/wp-json\/wp\/v2\/pages\/144162\/revisions"}],"up":[{"embeddable":true,"href":"https:\/\/www.acrartex.com\/cs\/wp-json\/wp\/v2\/pages\/144023"}],"wp:attachment":[{"href":"https:\/\/www.acrartex.com\/cs\/wp-json\/wp\/v2\/media?parent=144162"}],"curies":[{"name":"wp","href":"https:\/\/api.w.org\/{rel}","templated":true}]}}