{"id":144023,"date":"2020-12-03T12:44:01","date_gmt":"2020-12-03T17:44:01","guid":{"rendered":"https:\/\/www.acrartex.com\/podpora\/"},"modified":"2025-07-07T04:57:10","modified_gmt":"2025-07-07T09:57:10","slug":"podpora","status":"publish","type":"page","link":"https:\/\/www.acrartex.com\/cs\/podpora\/","title":{"rendered":"Podpora"},"content":{"rendered":"\n<div class=\"wp-block-group support-links-block\"><div class=\"wp-block-group__inner-container is-layout-flow wp-block-group-is-layout-flow\"><div class=\"c-support-page-link\">\n\t<img decoding=\"async\" src=\"https:\/\/www.acrartex.com\/wp-content\/uploads\/2021\/05\/icon-placeholder-1.png\" alt=\"Page icon\">\n\t<h5>Registration<\/h5>\n\t<p>Register your EPIRB, ELT or Personal Locator Beacon with the national authority in your home country.<\/p>\n\t<div>\n\t\t<a href=\"\/register-beacon\" class=\"c-button secondary\">Register now<\/a>\n\t<\/div>\n<\/div>\n\n\n<div class=\"c-support-page-link\">\n\t<img decoding=\"async\" src=\"https:\/\/www.acrartex.com\/wp-content\/uploads\/2021\/05\/icon-placeholder-1.png\" alt=\"Page icon\">\n\t<h5>Warranty<\/h5>\n\t<p>Assign the warranty to your purchased product.<\/p>\n\t<div>\n\t\t<a href=\"\/my-account\/personal-beacons\" class=\"c-button secondary\">Assign Warranty<\/a>\n\t<\/div>\n<\/div>\n\n\n<div class=\"c-support-page-link\">\n\t<img decoding=\"async\" src=\"https:\/\/www.acrartex.com\/wp-content\/uploads\/2021\/05\/icon-placeholder-1.png\" alt=\"Page icon\">\n\t<h5>Dealer locator<\/h5>\n\t<p>Find the nearest registered ACR and ARTEX distributors and dealers.<\/p>\n\t<div>\n\t\t<a href=\"\/support\/dealer-locator\" class=\"c-button secondary\">Search<\/a>\n\t<\/div>\n<\/div>\n\n\n<div class=\"c-support-page-link\">\n\t<img decoding=\"async\" src=\"https:\/\/www.acrartex.com\/wp-content\/uploads\/2021\/05\/icon-placeholder-1.png\" alt=\"Page icon\">\n\t<h5>FAQs<\/h5>\n\t<p>Browse selection of frequently asked questions to get the answers your looking for.<\/p>\n\t<div>\n\t\t<a href=\"\/support\/faqs\" class=\"c-button secondary\">Read more<\/a>\n\t<\/div>\n<\/div>\n\n\n<div class=\"c-support-page-link\">\n\t<img decoding=\"async\" src=\"https:\/\/www.acrartex.com\/wp-content\/uploads\/2021\/05\/icon-placeholder-1.png\" alt=\"Page icon\">\n\t<h5>Declaration of conformity<\/h5>\n\t<p>ACR Electronics adheres to all health and safety directives as dictated by the DoC.<\/p>\n\t<div>\n\t\t<a href=\"\/support\/declaration-of-conformity\" class=\"c-button secondary\">Read more<\/a>\n\t<\/div>\n<\/div>\n\n\n<div class=\"c-support-page-link\">\n\t<img decoding=\"async\" src=\"https:\/\/www.acrartex.com\/wp-content\/uploads\/2021\/05\/icon-placeholder-1.png\" alt=\"Page icon\">\n\t<h5>Technical support<\/h5>\n\t<p>Find existing features and get help with your current products.<\/p>\n\t<div>\n\t\t<a href=\"\/support\/technical-support\" class=\"c-button secondary\">Read more<\/a>\n\t<\/div>\n<\/div>\n\n\n<div class=\"c-support-page-link\">\n\t<img decoding=\"async\" src=\"https:\/\/www.acrartex.com\/wp-content\/uploads\/2021\/05\/icon-placeholder-1.png\" alt=\"Page icon\">\n\t<h5>Repairs<\/h5>\n\t<p>If you have ACR or ARTEX products that are in need of repairs we are here to help.<\/p>\n\t<div>\n\t\t<a href=\"\/support\/repairs\" class=\"c-button secondary\">Read more<\/a>\n\t<\/div>\n<\/div>\n\n\n<div class=\"c-support-page-link\">\n\t<img decoding=\"async\" src=\"https:\/\/www.acrartex.com\/wp-content\/uploads\/2021\/05\/icon-placeholder-1.png\" alt=\"Page icon\">\n\t<h5>Returns \/ RMA \/ Exchanges \/ Promotions<\/h5>\n\t<p>We stand behind our products.  Learn how to return ecommerce orders, send in warranty claims, and get the latest promo information.<\/p>\n\t<div>\n\t\t<a href=\"\/support\/return-and-exchanges\/\" class=\"c-button secondary\">Read more<\/a>\n\t<\/div>\n<\/div>\n\n\n<div class=\"c-support-page-link\">\n\t<img decoding=\"async\" src=\"https:\/\/www.acrartex.com\/wp-content\/uploads\/2021\/05\/icon-placeholder-1.png\" alt=\"Page icon\">\n\t<h5>MRP Program (USA\/Canada)<\/h5>\n\t<p>Apply to become an authorized reseller of ACR and Ocean Signal Outdoor and Marine products.<\/p>\n\t<div>\n\t\t<a href=\"https:\/\/www.acrartex.com\/mrp-application\/\" class=\"c-button secondary\">Apply Now<\/a>\n\t<\/div>\n<\/div>\n\n\n<div class=\"c-support-page-link\">\n\t<img decoding=\"async\" src=\"https:\/\/www.acrartex.com\/wp-content\/uploads\/2021\/05\/icon-placeholder-1.png\" alt=\"Page icon\">\n\t<h5>ACR Dashboard (Customer Portal)<\/h5>\n\t<p>Access to your Customer Portal Dashboard.<\/p>\n\t<div>\n\t\t<a href=\"https:\/\/acrdashboard.com\/\" class=\"c-button secondary\">Sign In<\/a>\n\t<\/div>\n<\/div>\n<\/div><\/div>\n<div class=\"c-support-form\">\n\t<div id=\"contactus\" style=\"position: relative; top: -70px;\"><\/div>\n\t<h2>Contact us<\/h2>\n\t<p>We are here to help. Send us message and a member of our team will be in touch.<\/p>\n\t<form method=\"post\">\n\t\t<div class=\"c-support-form__left\">\n\t\t\t<input type=\"text\" class=\"text-input\" name=\"firstLastName\" placeholder=\"First and Last Name\"\n\t\t\t\t   required>\n\t\t\t<input type=\"email\" class=\"text-input\" name=\"email\" placeholder=\"Email\" required>\n\t\t\t<input type=\"text\" class=\"text-input\" name=\"phone\" placeholder=\"Phone\" required>\n\t\t\t<input type=\"text\" class=\"text-input\" name=\"country\" placeholder=\"Country of origin\" required>\n\t\t\t<select name=\"department\" required>\n\t\t\t\t<option value=\"\" disabled selected>Choose Department<\/option>\n\t\t\t\t\t\t\t\t\t<option value=\"ACR Ecommerce Support\">ACR Ecommerce Support<\/option>\n\t\t\t\t\t\t\t\t\t<option value=\"ACR and ARTEX Technical Support\">ACR and ARTEX Technical Support<\/option>\n\t\t\t\t\t\t\t\t\t<option value=\"ACR and ARTEX Customer Support\">ACR and ARTEX Customer Support<\/option>\n\t\t\t\t\t\t\t\t\t<option value=\"Promotions \/ Rebates\">Promotions \/ Rebates<\/option>\n\t\t\t\t\t\t\t\t\t<option value=\"Employment\">Employment<\/option>\n\t\t\t\t\t\t\t\t\t<option value=\"Advertising and Marketing\">Advertising and Marketing<\/option>\n\t\t\t\t\t\t\t\t\t<option value=\"406Link and 406Test Support\">406Link and 406Test Support<\/option>\n\t\t\t\t\t\t\t\t\t<option value=\"Sales - Become a Dealer \/ Quotes\">Sales \u2013 Become a Dealer \/ Quotes<\/option>\n\t\t\t\t\t\t\t<\/select>\n\t\t<\/div>\n\t\t<div class=\"c-support-form__right\">\n\t\t\t<textarea name=\"message\" placeholder=\"Your Message...\" required><\/textarea>\n\t\t\t\n<div class=\"g-recaptcha\" data-sitekey=\"6Le0By8iAAAAAJ1SWyj3YLhScgGAjLURukucbsO_\"><\/div>\n\t\t<\/div>\n\t\t<div class=\"c-support-form__bottom\">\n\t\t\t<input type=\"checkbox\" name=\"promotion\" id=\"formPromotion\">\n\t\t\t<label for=\"formPromotion\">Yes, I\u2019d like to receive promotions from ACR<\/label>\n\t\t\t<button type=\"submit\" class=\"c-button\">Submit<\/button>\n\t\t<\/div>\n\t<\/form>\n\t<p><\/p>\n<\/div>\n\n<div class=\"wp-block-group categories-block\"><div class=\"wp-block-group__inner-container is-layout-flow wp-block-group-is-layout-flow\">\n<div class=\"wp-block-cover is-light categories-block__left\"><span aria-hidden=\"true\" class=\"wp-block-cover__background has-background-dim\"><\/span><img loading=\"lazy\" decoding=\"async\" width=\"1600\" height=\"1024\" class=\"wp-block-cover__image-background wp-image-267\" alt=\"\" src=\"https:\/\/www.acrartex.com\/wp-content\/uploads\/2021\/02\/returns_hero.jpg\" data-object-fit=\"cover\" srcset=\"https:\/\/www.acrartex.com\/wp-content\/uploads\/2021\/02\/returns_hero.jpg 1600w, https:\/\/www.acrartex.com\/wp-content\/uploads\/2021\/02\/returns_hero-300x192.jpg 300w, https:\/\/www.acrartex.com\/wp-content\/uploads\/2021\/02\/returns_hero-1024x655.jpg 1024w, https:\/\/www.acrartex.com\/wp-content\/uploads\/2021\/02\/returns_hero-768x492.jpg 768w, https:\/\/www.acrartex.com\/wp-content\/uploads\/2021\/02\/returns_hero-1536x983.jpg 1536w, https:\/\/www.acrartex.com\/wp-content\/uploads\/2021\/02\/returns_hero-600x384.jpg 600w\" sizes=\"auto, (max-width: 1600px) 100vw, 1600px\" \/><div class=\"wp-block-cover__inner-container is-layout-flow wp-block-cover-is-layout-flow\">\n<div class=\"wp-block-buttons is-layout-flex wp-block-buttons-is-layout-flex\">\n<div class=\"wp-block-button\"><a class=\"wp-block-button__link wp-element-button\" href=\"https:\/\/www.acrartex.com\/cs\/podpora\/vraceni-vymeny-a-propagacni-akce\/\">VR\u00c1CEN\u00cd A V\u00ddM\u011aNA ZBO\u017d\u00cd<\/a><\/div>\n<\/div>\n<\/div><\/div>\n\n\n\n<div class=\"wp-block-cover is-light categories-block__right\"><span aria-hidden=\"true\" class=\"wp-block-cover__background has-background-dim\"><\/span><img loading=\"lazy\" decoding=\"async\" width=\"1600\" height=\"1600\" class=\"wp-block-cover__image-background wp-image-268\" alt=\"\" src=\"https:\/\/www.acrartex.com\/wp-content\/uploads\/2021\/02\/repairs_hero.jpg\" data-object-fit=\"cover\" srcset=\"https:\/\/www.acrartex.com\/wp-content\/uploads\/2021\/02\/repairs_hero.jpg 1600w, https:\/\/www.acrartex.com\/wp-content\/uploads\/2021\/02\/repairs_hero-300x300.jpg 300w, https:\/\/www.acrartex.com\/wp-content\/uploads\/2021\/02\/repairs_hero-1024x1024.jpg 1024w, https:\/\/www.acrartex.com\/wp-content\/uploads\/2021\/02\/repairs_hero-150x150.jpg 150w, https:\/\/www.acrartex.com\/wp-content\/uploads\/2021\/02\/repairs_hero-768x768.jpg 768w, https:\/\/www.acrartex.com\/wp-content\/uploads\/2021\/02\/repairs_hero-1536x1536.jpg 1536w, https:\/\/www.acrartex.com\/wp-content\/uploads\/2021\/02\/repairs_hero-600x600.jpg 600w, https:\/\/www.acrartex.com\/wp-content\/uploads\/2021\/02\/repairs_hero-100x100.jpg 100w\" sizes=\"auto, (max-width: 1600px) 100vw, 1600px\" \/><div class=\"wp-block-cover__inner-container is-layout-flow wp-block-cover-is-layout-flow\">\n<div class=\"wp-block-buttons is-layout-flex wp-block-buttons-is-layout-flex\">\n<div class=\"wp-block-button\"><a class=\"wp-block-button__link wp-element-button\" href=\"https:\/\/www.acrartex.com\/cs\/opravy\/\">OPRAVY<\/a><\/div>\n<\/div>\n<\/div><\/div>\n<\/div><\/div>\n","protected":false},"excerpt":{"rendered":"","protected":false},"author":1,"featured_media":144026,"parent":0,"menu_order":0,"comment_status":"closed","ping_status":"closed","template":"pagetemplate-support.php","meta":{"_acf_changed":false,"om_disable_all_campaigns":false,"footnotes":""},"class_list":["post-144023","page","type-page","status-publish","has-post-thumbnail","hentry"],"acf":[],"_links":{"self":[{"href":"https:\/\/www.acrartex.com\/cs\/wp-json\/wp\/v2\/pages\/144023","targetHints":{"allow":["GET"]}}],"collection":[{"href":"https:\/\/www.acrartex.com\/cs\/wp-json\/wp\/v2\/pages"}],"about":[{"href":"https:\/\/www.acrartex.com\/cs\/wp-json\/wp\/v2\/types\/page"}],"author":[{"embeddable":true,"href":"https:\/\/www.acrartex.com\/cs\/wp-json\/wp\/v2\/users\/1"}],"replies":[{"embeddable":true,"href":"https:\/\/www.acrartex.com\/cs\/wp-json\/wp\/v2\/comments?post=144023"}],"version-history":[{"count":2,"href":"https:\/\/www.acrartex.com\/cs\/wp-json\/wp\/v2\/pages\/144023\/revisions"}],"predecessor-version":[{"id":144056,"href":"https:\/\/www.acrartex.com\/cs\/wp-json\/wp\/v2\/pages\/144023\/revisions\/144056"}],"wp:featuredmedia":[{"embeddable":true,"href":"https:\/\/www.acrartex.com\/cs\/wp-json\/wp\/v2\/media\/144026"}],"wp:attachment":[{"href":"https:\/\/www.acrartex.com\/cs\/wp-json\/wp\/v2\/media?parent=144023"}],"curies":[{"name":"wp","href":"https:\/\/api.w.org\/{rel}","templated":true}]}}