{"id":143962,"date":"2020-12-21T19:18:06","date_gmt":"2020-12-22T00:18:06","guid":{"rendered":"https:\/\/www.acrartex.com\/schopnost\/"},"modified":"2025-07-07T04:46:20","modified_gmt":"2025-07-07T09:46:20","slug":"schopnost","status":"publish","type":"page","link":"https:\/\/www.acrartex.com\/cs\/schopnost\/","title":{"rendered":"Schopnost"},"content":{"rendered":"\n<p>ACR \/Artex m\u00e1 v\u00edce ne\u017e 60 let zku\u0161enost\u00ed s v\u00fdvojem, v\u00fdrobou a podporou produkt\u016f pro z\u00e1chranu \u017eivota, v\u010detn\u011b EPIRB, nouzov\u00fdch vys\u00edla\u010d\u016f lokaliz\u00e1toru (ELT), osobn\u00edch lokaliza\u010dn\u00edch maj\u00e1k\u016f, p\u00e1trac\u00edch a z\u00e1chrann\u00fdch transpond\u00e9r\u016f (SART), z\u00e1chrann\u00fdch z\u00e1bleskov\u00fdch sv\u011btel a dal\u0161\u00edch.<\/p>\n\n<p>V souladu s na\u0161\u00ed filozofi\u00ed \u0159\u00edzen\u00ed zam\u011b\u0159en\u00e9ho na z\u00e1kazn\u00edka dodr\u017euj\u00ed na\u0161i zam\u011bstnanci postupy registrovan\u00e9 dle norem AS9100 \/ ISO 9001, aby mohli poskytovat \u0159e\u0161en\u00ed dle po\u017eadavk\u016f na\u0161ich z\u00e1kazn\u00edk\u016f.<\/p>\n\n<p>Siln\u00fd z\u00e1vazek k implementaci princip\u016f \u0161t\u00edhl\u00e9 v\u00fdroby (Lean) ve v\u00fdrobn\u00edch, komunika\u010dn\u00edch a dal\u0161\u00edch obchodn\u00edch syst\u00e9mech za\u010dal v l\u00e9t\u011b 2004 s c\u00edlem vybudovat z\u00e1klad pro zlep\u0161en\u00ed v\u00fdkonnosti s c\u00edlem 100% v\u010dasn\u00e9ho dod\u00e1n\u00ed perfektn\u00edch produkt\u016f. Na\u0161e \u0161t\u00edhl\u00e1 transformace je ned\u00edlnou sou\u010d\u00e1st\u00ed Programu neust\u00e1l\u00e9ho zlep\u0161ov\u00e1n\u00ed, co\u017e je neust\u00e1l\u00fd p\u0159ezkum na\u0161ich proces\u016f s c\u00edlem zlep\u0161it kl\u00ed\u010dov\u00e9 metriky vyv\u00e1\u017een\u00e9ho scorecard, eliminovat pl\u00fdtv\u00e1n\u00ed a zv\u00fd\u0161it spokojenost z\u00e1kazn\u00edk\u016f. <\/p>\n\n<p>Roz\u0161i\u0159ov\u00e1n\u00ed na\u0161ich kl\u00ed\u010dov\u00fdch schopnost\u00ed prost\u0159ednictv\u00edm program\u016f neust\u00e1l\u00e9ho vzd\u011bl\u00e1v\u00e1n\u00ed n\u00e1m umo\u017e\u0148uje vyvinout se z v\u00fdrobce z\u00e1chrann\u00e9ho vybaven\u00ed na cenn\u00e9ho partnera s flexibilitou roz\u0161i\u0159ovat svou zna\u010dku do nov\u00fdch obchodn\u00edch oblast\u00ed.<\/p>\n\n<p>Mezi sou\u010dasn\u00e9 mo\u017enosti pat\u0159\u00ed:<\/p>\n\n<p>3D modelov\u00e1n\u00ed pro n\u00e1vrh a specifikaci na\u0161ich plastov\u00fdch (vst\u0159ikovac\u00ed formy) a kovov\u00fdch kryt\u016f<br\/> Anal\u00fdza kone\u010dn\u00fdch prvk\u016f pro anal\u00fdzu na\u0161ich n\u00e1vrh\u016f s ohledem na environment\u00e1ln\u00ed krit\u00e9ria specifikovan\u00e1 FAA a RTCO<br\/> Vlastn\u00ed n\u00e1vrh desek plo\u0161n\u00fdch spoj\u016f a desek plo\u0161n\u00fdch spoj\u016f s vyu\u017eit\u00edm nejmodern\u011bj\u0161\u00edho CAD softwaru<br\/> \u0158e\u0161en\u00ed probl\u00e9m\u016f EMI v n\u00e1vrhu RF<br\/> N\u00e1vrh zak\u00e1zkov\u00fdch bateriov\u00fdch sad pro aplikace v n\u00e1ro\u010dn\u00fdch podm\u00ednk\u00e1ch (vojensk\u00e9, l\u00e9ka\u0159sk\u00e9 atd.)<br\/> Zak\u00e1zkov\u00e9 n\u00e1vrhy d\u00e1lkov\u00fdch sp\u00edna\u010d\u016f s kompatibilitou s br\u00fdlemi pro no\u010dn\u00ed vid\u011bn\u00ed nebo bez nich pro v\u00fdrobce komer\u010dn\u00edch, obchodn\u00edch a vojensk\u00fdch platforem<br\/> Konformn\u00ed povrchov\u00e1 \u00faprava desek plo\u0161n\u00fdch spoj\u016f pro prevenci elektromagnetick\u00e9ho ru\u0161en\u00ed, prodlou\u017een\u00ed \u017eivotnosti produktu a ochranu desky p\u0159ed vodou a\/nebo ne\u010distotami v p\u0159\u00edpad\u011b po\u0161kozen\u00ed pouzdra.<\/p>\n","protected":false},"excerpt":{"rendered":"<p>ACR \/Artex m\u00e1 v\u00edce ne\u017e 60 let zku\u0161enost\u00ed s v\u00fdvojem, v\u00fdrobou a podporou produkt\u016f pro z\u00e1chranu \u017eivota, v\u010detn\u011b EPIRB, nouzov\u00fdch vys\u00edla\u010d\u016f lokaliz\u00e1toru (ELT), osobn\u00edch lokaliza\u010dn\u00edch maj\u00e1k\u016f, p\u00e1trac\u00edch a z\u00e1chrann\u00fdch transpond\u00e9r\u016f (SART), z\u00e1chrann\u00fdch z\u00e1bleskov\u00fdch sv\u011btel a dal\u0161\u00edch. V souladu s na\u0161\u00ed filozofi\u00ed \u0159\u00edzen\u00ed zam\u011b\u0159en\u00e9ho na z\u00e1kazn\u00edka dodr\u017euj\u00ed na\u0161i zam\u011bstnanci postupy registrovan\u00e9 dle norem AS9100 \/ ISO [&hellip;]<\/p>\n","protected":false},"author":2,"featured_media":0,"parent":0,"menu_order":0,"comment_status":"closed","ping_status":"closed","template":"","meta":{"_acf_changed":false,"om_disable_all_campaigns":false,"footnotes":""},"class_list":["post-143962","page","type-page","status-publish","hentry"],"acf":[],"_links":{"self":[{"href":"https:\/\/www.acrartex.com\/cs\/wp-json\/wp\/v2\/pages\/143962","targetHints":{"allow":["GET"]}}],"collection":[{"href":"https:\/\/www.acrartex.com\/cs\/wp-json\/wp\/v2\/pages"}],"about":[{"href":"https:\/\/www.acrartex.com\/cs\/wp-json\/wp\/v2\/types\/page"}],"author":[{"embeddable":true,"href":"https:\/\/www.acrartex.com\/cs\/wp-json\/wp\/v2\/users\/2"}],"replies":[{"embeddable":true,"href":"https:\/\/www.acrartex.com\/cs\/wp-json\/wp\/v2\/comments?post=143962"}],"version-history":[{"count":1,"href":"https:\/\/www.acrartex.com\/cs\/wp-json\/wp\/v2\/pages\/143962\/revisions"}],"predecessor-version":[{"id":143963,"href":"https:\/\/www.acrartex.com\/cs\/wp-json\/wp\/v2\/pages\/143962\/revisions\/143963"}],"wp:attachment":[{"href":"https:\/\/www.acrartex.com\/cs\/wp-json\/wp\/v2\/media?parent=143962"}],"curies":[{"name":"wp","href":"https:\/\/api.w.org\/{rel}","templated":true}]}}