{"id":143936,"date":"2020-12-21T19:25:44","date_gmt":"2020-12-22T00:25:44","guid":{"rendered":"https:\/\/www.acrartex.com\/opravy\/"},"modified":"2025-07-07T04:52:47","modified_gmt":"2025-07-07T09:52:47","slug":"opravy","status":"publish","type":"page","link":"https:\/\/www.acrartex.com\/cs\/podpora\/opravy\/","title":{"rendered":"Opravy"},"content":{"rendered":"\n<h3 class=\"wp-block-heading\" id=\"h-repairs-and-battery-replacement\">OPRAVY A V\u00ddM\u011aNA BATERI\u00cd<\/h3>\n\n<p>Pokud m\u00e1te v\u00fdrobky, kter\u00e9 pot\u0159ebuj\u00ed opravu, jsme tu, abychom v\u00e1m pomohli. Baterie lze vym\u011bnit v kter\u00e9mkoli z na\u0161ich center pro v\u00fdm\u011bnu bateri\u00ed (BRC) ve va\u0161em okol\u00ed nebo n\u00e1s m\u016f\u017eete kontaktovat na n\u00ed\u017ee uveden\u00e9m \u010d\u00edsle.   <\/p>\n\n<figure class=\"wp-block-embed is-type-video is-provider-youtube wp-block-embed-youtube wp-embed-aspect-16-9 wp-has-aspect-ratio\"><div class=\"wp-block-embed__wrapper\">\n<iframe loading=\"lazy\" title=\"Battery Replacement | ACR ARTEX\" width=\"500\" height=\"281\" src=\"https:\/\/www.youtube.com\/embed\/fcXReqeFNSo?feature=oembed\" frameborder=\"0\" allow=\"accelerometer; autoplay; clipboard-write; encrypted-media; gyroscope; picture-in-picture; web-share\" referrerpolicy=\"strict-origin-when-cross-origin\" allowfullscreen><\/iframe>\n<\/div><\/figure>\n\n<p>V\u00edce informac\u00ed o <a href=\"https:\/\/www.acrartex.com\/battery\/\">v\u00fdm\u011bn\u011b bateri\u00ed ACR EPRIB a PLB naleznete zde<\/a><\/p>\n\n<p>(954) 981-3333<\/p>\n\n<p>Pro servis p\u0159ep\u00edna\u010d\u016f G-Switch se pros\u00edm obra\u0165te na n\u00e1\u0161 <a href=\"https:\/\/www.dropbox.com\/s\/ap48w250ar7c3xz\/AUTHORIZED%20SERVICE%20CENTER%20LIST%202022.pdf?dl=1\">seznam autorizovan\u00fdch servisn\u00edch st\u0159edisek ARTEX<\/a> .<\/p>\n\n<h2 class=\"wp-block-heading\" id=\"h-rmas-return-material-authorization\">RMA (Autorizace vr\u00e1cen\u00ed materi\u00e1lu):<\/h2>\n\n<p>Nav\u0161tivte pros\u00edm n\u00e1sleduj\u00edc\u00ed str\u00e1nku:<span class=\"has-inline-color has-pale-cyan-blue-color\"> <\/span><a href=\"https:\/\/www.acrartex.com\/support\/return-and-exchanges\/\">Vr\u00e1cen\u00ed zbo\u017e\u00ed \/ RMA \/ V\u00fdm\u011bny<\/a><\/p>\n\n<p>V\u00edce informac\u00ed o v\u00fdm\u011bn\u011b baterie naleznete v na\u0161ich <a href=\"https:\/\/stg.acrelectronics.com\/support\/faqs\/\">\u010casto kladen\u00fdch ot\u00e1zk\u00e1ch<\/a> .<\/p>\n\n<h2 class=\"wp-block-heading\" id=\"h-hours\">Hodiny<\/h2>\n\n<p>Pond\u011bl\u00ed \u2013 p\u00e1tek<br\/> 7:30 \u2013 16:30 (EST)<\/p>\n","protected":false},"excerpt":{"rendered":"<p>OPRAVY A V\u00ddM\u011aNA BATERI\u00cd Pokud m\u00e1te v\u00fdrobky, kter\u00e9 pot\u0159ebuj\u00ed opravu, jsme tu, abychom v\u00e1m pomohli. Baterie lze vym\u011bnit v kter\u00e9mkoli z na\u0161ich center pro v\u00fdm\u011bnu bateri\u00ed (BRC) ve va\u0161em okol\u00ed nebo n\u00e1s m\u016f\u017eete kontaktovat na n\u00ed\u017ee uveden\u00e9m \u010d\u00edsle. V\u00edce informac\u00ed o v\u00fdm\u011bn\u011b bateri\u00ed ACR EPRIB a PLB naleznete zde (954) 981-3333 Pro servis p\u0159ep\u00edna\u010d\u016f G-Switch [&hellip;]<\/p>\n","protected":false},"author":5,"featured_media":0,"parent":144023,"menu_order":0,"comment_status":"closed","ping_status":"closed","template":"","meta":{"_acf_changed":false,"om_disable_all_campaigns":false,"footnotes":""},"class_list":["post-143936","page","type-page","status-publish","hentry"],"acf":[],"_links":{"self":[{"href":"https:\/\/www.acrartex.com\/cs\/wp-json\/wp\/v2\/pages\/143936","targetHints":{"allow":["GET"]}}],"collection":[{"href":"https:\/\/www.acrartex.com\/cs\/wp-json\/wp\/v2\/pages"}],"about":[{"href":"https:\/\/www.acrartex.com\/cs\/wp-json\/wp\/v2\/types\/page"}],"author":[{"embeddable":true,"href":"https:\/\/www.acrartex.com\/cs\/wp-json\/wp\/v2\/users\/5"}],"replies":[{"embeddable":true,"href":"https:\/\/www.acrartex.com\/cs\/wp-json\/wp\/v2\/comments?post=143936"}],"version-history":[{"count":1,"href":"https:\/\/www.acrartex.com\/cs\/wp-json\/wp\/v2\/pages\/143936\/revisions"}],"predecessor-version":[{"id":143940,"href":"https:\/\/www.acrartex.com\/cs\/wp-json\/wp\/v2\/pages\/143936\/revisions\/143940"}],"up":[{"embeddable":true,"href":"https:\/\/www.acrartex.com\/cs\/wp-json\/wp\/v2\/pages\/144023"}],"wp:attachment":[{"href":"https:\/\/www.acrartex.com\/cs\/wp-json\/wp\/v2\/media?parent=143936"}],"curies":[{"name":"wp","href":"https:\/\/api.w.org\/{rel}","templated":true}]}}